{"id":1580,"date":"2025-01-15T13:30:06","date_gmt":"2025-01-15T12:30:06","guid":{"rendered":"https:\/\/bronpi.com\/contacto\/"},"modified":"2025-11-19T13:45:47","modified_gmt":"2025-11-19T12:45:47","slug":"contact","status":"publish","type":"page","link":"https:\/\/bronpi.com\/en\/contact\/","title":{"rendered":"Contact"},"content":{"rendered":"<section class=\"block-contact\">\n    <div class=\"container-xl\">\n        <div class=\"wrap-text\">\n                            <div class=\"section-title\">\n                    <p><strong><span style=\"color: #e30613;\">Contact<\/span><\/strong><\/p>\n\n                <\/div>\n                                        <div class=\"section-description\">\n                    <p>Do you have any questions or need more information?<\/p>\n<p><strong>Write to us using the form below<\/strong> and our team will answer any queries you may have about our products, facilities or after-sales service.<\/p>\n                <\/div>\n                    <\/div>\n        <div class=\"wrap-location\">\n           \n                            <div class=\"wrap-map\">\n                    <iframe loading=\"lazy\" style=\"border: 0;\" src=\"https:\/\/www.google.com\/maps\/embed?pb=!1m14!1m8!1m3!1d50718.84378425696!2d-4.5519059!3d37.3915412!3m2!1i1024!2i768!4f13.1!3m3!1m2!1s0xd6d7a17db9e0fd1%3A0x8db7f77701500244!2sBronpi%20Calefacci%C3%B3n%2C%20S.L.!5e0!3m2!1ses!2ses!4v1739352125033!5m2!1ses!2ses\" width=\"600\" height=\"450\" allowfullscreen=\"allowfullscreen\"><\/iframe>\n                <\/div>\n                                        <div class=\"form-container\">\n                    <div class=\"contact-us\">\n                                                                                    <div class=\"address\">\n                                    <a href=\"https:\/\/maps.app.goo.gl\/h9vCDTkCpfL1i5TR8\" target=\"_blank\" rel=\"noopener\">\n                                        C\u00f3rdoba-M\u00e1laga Road, Km. 78.2, National Road 331, Exit Motorway 62 Lucena South 14900 Lucena-C\u00f3rdoba \n                                    <\/a>\n                                <\/div>\n                                                                                                        <div class=\"phone\">\n                                <span class=\"caption\">Telephone: <\/span>\n                                <a href=\"tel:+34+34957502750\"\n                                target=\"_blank\">\n                                    <span>+34 957 502 750<\/span>\n                                <\/a>\n                            <\/div>\n                                                                    <\/div>\n                    <div class=\"forminator-ui forminator-custom-form forminator-custom-form-1673 forminator-design--default  forminator_ajax\" data-forminator-render=\"0\" data-form=\"forminator-module-1673\" data-uid=\"69e50682bd2a6\"><br\/><\/div><form\n\t\t\t\tid=\"forminator-module-1673\"\n\t\t\t\tclass=\"forminator-ui forminator-custom-form forminator-custom-form-1673 forminator-design--default  forminator_ajax\"\n\t\t\t\tmethod=\"post\"\n\t\t\t\tdata-forminator-render=\"0\"\n\t\t\t\tdata-form-id=\"1673\"\n\t\t\t\t data-color-option=\"theme\" data-design=\"default\" data-grid=\"open\" style=\"display: none;\"\n\t\t\t\tdata-uid=\"69e50682bd2a6\"\n\t\t\t><div role=\"alert\" aria-live=\"polite\" class=\"forminator-response-message forminator-error\" aria-hidden=\"true\"><\/div><div class=\"forminator-row\"><div id=\"name-1\" class=\"forminator-field-name forminator-col forminator-col-12 \"><div class=\"forminator-field\"><label for=\"forminator-field-name-1_69e50682bd2a6\" id=\"forminator-field-name-1_69e50682bd2a6-label\" class=\"forminator-label\">Full Name <span class=\"forminator-required\">*<\/span><\/label><input type=\"text\" name=\"name-1\" value=\"\" placeholder=\"\" id=\"forminator-field-name-1_69e50682bd2a6\" class=\"forminator-input forminator-name--field\" aria-required=\"true\" autocomplete=\"name\" \/><\/div><\/div><\/div><div class=\"forminator-row\"><div id=\"phone-1\" class=\"forminator-field-phone forminator-col forminator-col-6 \"><div class=\"forminator-field\"><label for=\"forminator-field-phone-1_69e50682bd2a6\" id=\"forminator-field-phone-1_69e50682bd2a6-label\" class=\"forminator-label\">Phone <span class=\"forminator-required\">*<\/span><\/label><input type=\"text\" name=\"phone-1\" value=\"\" placeholder=\"\" id=\"forminator-field-phone-1_69e50682bd2a6\" class=\"forminator-input forminator-field--phone\" data-required=\"1\" aria-required=\"true\" autocomplete=\"off\" \/><\/div><\/div><div id=\"email-1\" class=\"forminator-field-email forminator-col forminator-col-6 \"><div class=\"forminator-field\"><label for=\"forminator-field-email-1_69e50682bd2a6\" id=\"forminator-field-email-1_69e50682bd2a6-label\" class=\"forminator-label\">Email <span class=\"forminator-required\">*<\/span><\/label><input type=\"email\" name=\"email-1\" value=\"\" placeholder=\"\" id=\"forminator-field-email-1_69e50682bd2a6\" class=\"forminator-input forminator-email--field\" data-required=\"true\" aria-required=\"true\" autocomplete=\"email\" \/><\/div><\/div><\/div><div class=\"forminator-row\"><div id=\"textarea-1\" class=\"forminator-field-textarea forminator-col forminator-col-12 \"><div class=\"forminator-field\"><label for=\"forminator-field-textarea-1_69e50682bd2a6\" id=\"forminator-field-textarea-1_69e50682bd2a6-label\" class=\"forminator-label\">Write your message here<\/label><textarea name=\"textarea-1\" placeholder=\"\" id=\"forminator-field-textarea-1_69e50682bd2a6\" class=\"forminator-textarea\" rows=\"6\" style=\"min-height:120px;\" ><\/textarea><\/div><\/div><\/div><div class=\"forminator-row\"><div id=\"consent-1\" class=\"forminator-field-consent forminator-col forminator-col-12 \"><div class=\"forminator-field\"><div class=\"forminator-checkbox__wrapper\"><label id=\"forminator-field-consent-1_69e50682bd2a6__label\" class=\"forminator-checkbox forminator-consent\" aria-labelledby=\"forminator-field-consent-1_69e50682bd2a6-label\" aria-hidden=\"true\"><input type=\"checkbox\" name=\"consent-1\" id=\"forminator-field-consent-1_69e50682bd2a6\" value=\"checked\" aria-labelledby=\"forminator-field-consent-1_69e50682bd2a6-label\" aria-describedby=\"forminator-field-consent-1_69e50682bd2a6__description\" data-required=\"true\" aria-required=\"true\" \/><span class=\"forminator-checkbox-box\" aria-hidden=\"true\"><\/span><\/label><div id=\"forminator-field-consent-1_69e50682bd2a6__description\" class=\"forminator-checkbox__label forminator-consent__label\"><p>Yes, I agree with the <a href=\"https:\/\/bronpi.com\/aviso-legal\/\">legal notice<\/a> and the<a href=\"https:\/\/bronpi.com\/politica-de-privacidad\/\"> privacy policy<\/a><\/p><\/div><\/div><\/div><\/div><\/div><div class=\"forminator-row\"><div id=\"captcha-1\" class=\"forminator-field-captcha forminator-col forminator-col-12 \"><div class=\"forminator-captcha-left forminator-g-recaptcha\" data-theme=\"light\"  data-sitekey=\"6LdD1hksAAAAAPGHkv2jl_eN-9krfzyZdbQTfsyc\" data-size=\"normal\"><\/div> <\/div><\/div><input type=\"hidden\" name=\"referer_url\" value=\"\" \/><div class=\"forminator-row forminator-row-last\"><div class=\"forminator-col\"><div class=\"forminator-field\"><button class=\"forminator-button forminator-button-submit\">Send<\/button><\/div><\/div><\/div><input type=\"hidden\" id=\"forminator_nonce\" name=\"forminator_nonce\" value=\"664f7561ab\" \/><input type=\"hidden\" name=\"_wp_http_referer\" value=\"\/en\/wp-json\/wp\/v2\/pages\/1580\" \/><input type=\"hidden\" name=\"form_id\" value=\"1673\"><input type=\"hidden\" name=\"page_id\" value=\"1580\"><input type=\"hidden\" name=\"form_type\" value=\"default\"><input type=\"hidden\" name=\"current_url\" value=\"https:\/\/bronpi.com\/en\/contact\/\"><input type=\"hidden\" name=\"render_id\" value=\"0\"><input type=\"hidden\" name=\"action\" value=\"forminator_submit_form_custom-forms\"><label for=\"input_6\" class=\"forminator-hidden\" aria-hidden=\"true\">Please do not fill in this field. <input id=\"input_6\" type=\"text\" name=\"input_6\" value=\"\" autocomplete=\"off\"><\/label><\/form>\n                <\/div>\n                    <\/div>\n    <\/div>\n<\/section>\n","protected":false},"excerpt":{"rendered":"","protected":false},"author":1,"featured_media":9895,"parent":0,"menu_order":0,"comment_status":"closed","ping_status":"closed","template":"","meta":{"footnotes":""},"class_list":["post-1580","page","type-page","status-publish","has-post-thumbnail","hentry"],"_links":{"self":[{"href":"https:\/\/bronpi.com\/en\/wp-json\/wp\/v2\/pages\/1580","targetHints":{"allow":["GET"]}}],"collection":[{"href":"https:\/\/bronpi.com\/en\/wp-json\/wp\/v2\/pages"}],"about":[{"href":"https:\/\/bronpi.com\/en\/wp-json\/wp\/v2\/types\/page"}],"author":[{"embeddable":true,"href":"https:\/\/bronpi.com\/en\/wp-json\/wp\/v2\/users\/1"}],"replies":[{"embeddable":true,"href":"https:\/\/bronpi.com\/en\/wp-json\/wp\/v2\/comments?post=1580"}],"version-history":[{"count":10,"href":"https:\/\/bronpi.com\/en\/wp-json\/wp\/v2\/pages\/1580\/revisions"}],"predecessor-version":[{"id":11874,"href":"https:\/\/bronpi.com\/en\/wp-json\/wp\/v2\/pages\/1580\/revisions\/11874"}],"wp:featuredmedia":[{"embeddable":true,"href":"https:\/\/bronpi.com\/en\/wp-json\/wp\/v2\/media\/9895"}],"wp:attachment":[{"href":"https:\/\/bronpi.com\/en\/wp-json\/wp\/v2\/media?parent=1580"}],"curies":[{"name":"wp","href":"https:\/\/api.w.org\/{rel}","templated":true}]}}