{"id":8997,"date":"2025-03-03T11:01:45","date_gmt":"2025-03-03T10:01:45","guid":{"rendered":"https:\/\/bronpi.com\/product\/hilton-h\/"},"modified":"2025-10-16T17:40:34","modified_gmt":"2025-10-16T15:40:34","slug":"hilton-h","status":"publish","type":"product","link":"https:\/\/bronpi.com\/en\/product\/hilton-h\/","title":{"rendered":"HILTON-H"},"content":{"rendered":"<p>&#8211; Cast iron doors and legs.<\/p>\n<p>&#8211; Interior in vermiculite.<\/p>\n<p>&#8211; Oven with refractory brick and 400\u00baC thermometer to control the temperature.<\/p>\n<p>&#8211; Includes a grill for the oven of 400&#215;260 mm.<\/p>\n<p>&#8211; Includes roast grill removable, rotating and adjustable in several heights.<\/p>\n<p>&#8211; Oven Enclosure System.<\/p>\n<p>&#8211; Handles with natural wood finish.<\/p>\n<p>&#8211; Regula\u00e7\u00e3o do ar de combust\u00e3o prim\u00e1rio, secund\u00e1rio e da tripla combust\u00e3o.<\/p>\n<p>&#8211; Triple Combustion System.<\/p>\n<p>&#8211; Glove and spray paint included.<\/p>\n<p>&nbsp;<\/p>\n<h1><strong>Optional elements: <\/strong><\/h1>\n<p>&#8211; KIT-AIR-15: External air kit. To become airtight.<br \/>\n&#8211; KIT-INOX-H: Kit with inner lining for the oven in stainless steel.<\/p>\n","protected":false},"excerpt":{"rendered":"<p>Stove with oven<\/p>\n","protected":false},"featured_media":2991,"template":"","meta":[],"product_brand":[],"product_cat":[118,119],"product_tag":[287,129],"class_list":{"0":"post-8997","1":"product","2":"type-product","3":"status-publish","4":"has-post-thumbnail","6":"product_cat-firewood-series","7":"product_cat-wood-stoves","8":"product_tag-air-en","9":"product_tag-news-en","11":"first","12":"instock","13":"shipping-taxable","14":"product-type-simple"},"_links":{"self":[{"href":"https:\/\/bronpi.com\/en\/wp-json\/wp\/v2\/product\/8997","targetHints":{"allow":["GET"]}}],"collection":[{"href":"https:\/\/bronpi.com\/en\/wp-json\/wp\/v2\/product"}],"about":[{"href":"https:\/\/bronpi.com\/en\/wp-json\/wp\/v2\/types\/product"}],"wp:featuredmedia":[{"embeddable":true,"href":"https:\/\/bronpi.com\/en\/wp-json\/wp\/v2\/media\/2991"}],"wp:attachment":[{"href":"https:\/\/bronpi.com\/en\/wp-json\/wp\/v2\/media?parent=8997"}],"wp:term":[{"taxonomy":"product_brand","embeddable":true,"href":"https:\/\/bronpi.com\/en\/wp-json\/wp\/v2\/product_brand?post=8997"},{"taxonomy":"product_cat","embeddable":true,"href":"https:\/\/bronpi.com\/en\/wp-json\/wp\/v2\/product_cat?post=8997"},{"taxonomy":"product_tag","embeddable":true,"href":"https:\/\/bronpi.com\/en\/wp-json\/wp\/v2\/product_tag?post=8997"}],"curies":[{"name":"wp","href":"https:\/\/api.w.org\/{rel}","templated":true}]}}