{"id":10296,"date":"2025-10-10T11:54:44","date_gmt":"2025-10-10T09:54:44","guid":{"rendered":"https:\/\/bronpi.com\/gestion-de-calidad\/"},"modified":"2025-10-31T09:13:41","modified_gmt":"2025-10-31T08:13:41","slug":"gestion-de-la-qualite","status":"publish","type":"page","link":"https:\/\/bronpi.com\/fr\/gestion-de-la-qualite\/","title":{"rendered":"Gestion de la Qualit\u00e9"},"content":{"rendered":"<section class=\"block-media-text-standar\">\n    <div class=\"container-xl\">\n\n                    <div class=\"wrap-text \">\n                \n                                    <div class=\"content-accordion loaded closed\">\n                                                    <div class=\"title\"><p>Vision<\/p><\/div>\n                        \n                                                    <div class=\"seo-content show description-text\"><p>La vision de BRONPI est d&rsquo;\u00eatre le leader national dans la conception, la fabrication et la vente d&rsquo;appareils de chauffage et d&rsquo;accessoires fonctionnant au bois et aux granul\u00e9s. Pour ce faire, nous am\u00e9liorons constamment nos produits afin d&rsquo;optimiser leur efficacit\u00e9 tout en minimisant les \u00e9missions, et nous cultivons une culture \u00e9thique qui promeut une gestion responsable de l&rsquo;environnement gr\u00e2ce \u00e0 l&rsquo;utilisation de mati\u00e8res premi\u00e8res durables et \u00e9cologiques. De plus, nous nous effor\u00e7ons de susciter un sentiment de fiert\u00e9 chez nos employ\u00e9s.<\/p><\/div>\n                                                                    <\/div>\n                            <\/div>\n                <div class=\"image-and-text \">\n                            <div class=\"background-image\">\n                    <figure class=\"  bg-img\">\n        <img loading=\"lazy\" decoding=\"async\" width=\"690\" height=\"357\" src=\"https:\/\/bronpi.com\/wp-content\/uploads\/2025\/10\/Sin-titulo-2.png\" class=\"bg-img\" alt=\"\" srcset=\"https:\/\/bronpi.com\/wp-content\/uploads\/2025\/10\/Sin-titulo-2.png 690w, https:\/\/bronpi.com\/wp-content\/uploads\/2025\/10\/Sin-titulo-2-300x155.png 300w, https:\/\/bronpi.com\/wp-content\/uploads\/2025\/10\/Sin-titulo-2-600x310.png 600w\" sizes=\"auto, (max-width: 690px) 100vw, 690px\" \/>\n    <\/figure>\n                <\/div>\n                    <\/div>\n    <\/div>\n<\/section>\n\n<section class=\"block-media-text-detail seo-accordion\">\n    <div class=\"container-xl\">\n\n                    <div class=\"wrap-text left\">\n                                    <div class=\"detail-text\">\n                        <div class=\"caption\">STRAT\u00c9GIE <\/div>\n                        <svg xmlns=\"http:\/\/www.w3.org\/2000\/svg\" width=\"583\" height=\"141\" fill=\"none\"><path stroke=\"#000\" stroke-width=\".5\" d=\"m8.5 132 119-131H583\"\/><circle cx=\"5\" cy=\"135.5\" r=\"4.75\" stroke=\"#000\" stroke-width=\".5\"\/><\/svg>\n                    <\/div>\n                \n                                    <div class=\"content-accordion loaded closed\">\n                                                    <div class=\"title\"><p><strong>Pour faire <\/strong>de cette <strong>vision une r\u00e9alit\u00e9, BRONPI CALEFACCI\u00d3N SL s&rsquo;appuie sur la STRAT\u00c9GIE suivante:<\/strong><\/p><\/div>\n                        \n                                                    <div class=\"seo-content show description-text\"><ul>\n<li>Excellence en mati\u00e8re d&rsquo;efficacit\u00e9 \u00e9nerg\u00e9tique des produits manufactur\u00e9s.<\/li>\n<li>Excellence dans la conception esth\u00e9tique des produits manufactur\u00e9s.<\/li>\n<li>Excellence en mati\u00e8re de fiabilit\u00e9 des produits manufactur\u00e9s.<\/li>\n<li>Gestion efficace des ressources, dans le respect de l&rsquo;environnement.<\/li>\n<li>La recherche d&rsquo;am\u00e9liorations disruptives dans les produits manufactur\u00e9s.<\/li>\n<li>Int\u00e9grer une culture de l&rsquo;innovation et de l&rsquo;am\u00e9lioration continue \u00e0 tous les niveaux de l&rsquo;organisation.<\/li>\n<li>Ouverture \u00e0 de nouveaux march\u00e9s.<\/li>\n<li>Pour r\u00e9pondre rapidement aux \u00e9volutions des besoins du march\u00e9.<\/li>\n<li>Fournir en permanence des produits et services innovants et de haute qualit\u00e9.<\/li>\n<li>Maintenir un rapport qualit\u00e9\/prix optimal.<\/li>\n<li>Maintenir et accro\u00eetre les efforts consacr\u00e9s \u00e0 la recherche, au d\u00e9veloppement et \u00e0 l&rsquo;innovation, qui constituent la pierre angulaire de l&rsquo;entreprise.<\/li>\n<li>Fournir et renforcer l&rsquo;assistance dans les services li\u00e9s \u00e0 la promotion de la R&amp;D&amp;I dans le secteur des entreprises.<\/li>\n<li>Promouvoir une politique de protection et d&rsquo;exploitation des r\u00e9sultats obtenus gr\u00e2ce \u00e0 ses processus de gestion de la R&amp;D&amp;I.<\/li>\n<li>Maintenir un haut niveau d&rsquo;innovation dans le d\u00e9veloppement et la fourniture de ses services et produits, dans le cadre d&rsquo;un syst\u00e8me permanent d&rsquo;am\u00e9lioration continue.<\/li>\n<li>Renforcer ses fondements scientifiques et technologiques avec pour objectif principal de contribuer au cadre europ\u00e9en d&rsquo;innovation.<\/li>\n<li>Avoir des actions comp\u00e9titives.<\/li>\n<li>R\u00e9duire la consommation d&rsquo;\u00e9nergie et de ressources naturelles pour contribuer \u00e0 la lutte contre le changement climatique.<\/li>\n<\/ul><\/div>\n                                                                    <\/div>\n                            <\/div>\n                <div class=\"image-and-text-highlighted left\">\n                            <div class=\"background-image\">\n                    <figure class=\" left bg-img\">\n        <img loading=\"lazy\" decoding=\"async\" width=\"588\" height=\"558\" src=\"https:\/\/bronpi.com\/wp-content\/uploads\/2025\/09\/FOTO-BLOQUE-FABRICANTES-DE-ESTUFAS.png\" class=\"bg-img\" alt=\"\" srcset=\"https:\/\/bronpi.com\/wp-content\/uploads\/2025\/09\/FOTO-BLOQUE-FABRICANTES-DE-ESTUFAS.png 588w, https:\/\/bronpi.com\/wp-content\/uploads\/2025\/09\/FOTO-BLOQUE-FABRICANTES-DE-ESTUFAS-300x285.png 300w\" sizes=\"auto, (max-width: 588px) 100vw, 588px\" \/>\n    <\/figure>\n                <\/div>\n                    <\/div>\n    <\/div>\n<\/section>\n\n\n<section class=\"block-media-text-standar\">\n    <div class=\"container-xl\">\n\n                    <div class=\"wrap-text \">\n                \n                                    <div class=\"content-accordion loaded closed\">\n                                                    <div class=\"title\"><p><strong>Politique de Gestion<\/strong><\/p><\/div>\n                        \n                                                    <div class=\"seo-content show description-text\"><p>Chez BRONPI CALEFACCI\u00d3N SL, nous nous consacrons \u00e0 la conception, \u00e0 la fabrication et \u00e0 la distribution d&rsquo;appareils et d&rsquo;accessoires de chauffage, aliment\u00e9s au bois, aux granul\u00e9s et \u00e0 d&rsquo;autres biomasses, destin\u00e9s \u00e0 un usage r\u00e9sidentiel et tertiaire.<\/p>\n<p>De plus, BRONPI CALEFACCI\u00d3N SL consacre une partie de ses ressources \u00e0 la RECHERCHE, au D\u00c9VELOPPEMENT et \u00e0 l&rsquo;INNOVATION dans le but d&rsquo;am\u00e9liorer continuellement ses produits.<\/p>\n<p>Notre objectif est de vendre des produits qui r\u00e9pondent aux besoins et aux attentes de nos clients et, pour y parvenir, nous nous engageons \u00e0 mettre en place un syst\u00e8me int\u00e9gr\u00e9 de gestion de la qualit\u00e9 et de la R&amp;D conforme aux normes internationales ISO 9001 et ISO 166002, et \u00e0 en am\u00e9liorer continuellement l&rsquo;efficacit\u00e9.<\/p>\n<p>La politique de gestion a \u00e9t\u00e9 \u00e9labor\u00e9e pour servir de cadre \u00e0 l&rsquo;\u00e9tablissement et \u00e0 la r\u00e9vision p\u00e9riodique des objectifs que l&rsquo;organisation se fixe.<\/p>\n<p>Afin d&rsquo;atteindre son objectif principal de satisfaction client et parties prenantes, BRONPI s&rsquo;engage \u00e0 respecter toutes les exigences applicables, implicites et explicites, ainsi que les exigences l\u00e9gales et r\u00e9glementaires. La direction de BRONPI assume la responsabilit\u00e9 de la mise en \u0153uvre de cette politique, conform\u00e9ment \u00e0 la <strong>vision <\/strong>et <strong>\u00e0 la strat\u00e9gie <\/strong>de l&rsquo;entreprise .<\/p>\n<p>La direction consid\u00e8re la gestion de la qualit\u00e9 et la gestion de la R&amp;D&amp;I comme des facteurs essentiels \u00e0 la r\u00e9ussite de l&rsquo;entreprise, privil\u00e9giant la pr\u00e9vention \u00e0 la correction des erreurs.<\/p>\n<p>Pour mettre en \u0153uvre cette politique, la collaboration de l&rsquo;ensemble du personnel est essentielle. Chacun est tenu de respecter les dispositions du syst\u00e8me de management de la qualit\u00e9 et de la R&amp;D et doit \u00eatre convaincu de la n\u00e9cessit\u00e9 d&rsquo;adopter une mentalit\u00e9 ax\u00e9e sur l&rsquo;am\u00e9lioration continue, permettant ainsi \u00e0 BRONPI CALEFACCI\u00d3N SL d&rsquo;atteindre les plus hauts standards de qualit\u00e9, de recherche, de d\u00e9veloppement et d&rsquo;innovation sur le march\u00e9.<\/p><\/div>\n                                                                    <\/div>\n                            <\/div>\n                <div class=\"image-and-text \">\n                            <div class=\"background-image\">\n                    <figure class=\"  bg-img\">\n        <img loading=\"lazy\" decoding=\"async\" width=\"690\" height=\"357\" src=\"https:\/\/bronpi.com\/wp-content\/uploads\/2025\/10\/manos-22.png\" class=\"bg-img\" alt=\"\" srcset=\"https:\/\/bronpi.com\/wp-content\/uploads\/2025\/10\/manos-22.png 690w, https:\/\/bronpi.com\/wp-content\/uploads\/2025\/10\/manos-22-300x155.png 300w, https:\/\/bronpi.com\/wp-content\/uploads\/2025\/10\/manos-22-600x310.png 600w\" sizes=\"auto, (max-width: 690px) 100vw, 690px\" \/>\n    <\/figure>\n                <\/div>\n                    <\/div>\n    <\/div>\n<\/section>\n\n\n<div class=\"wp-block-columns container-xl is-layout-flex wp-container-core-columns-is-layout-9d6595d7 wp-block-columns-is-layout-flex\">\n<div class=\"wp-block-column is-layout-flow wp-block-column-is-layout-flow\" style=\"flex-basis:20%\">\n<figure class=\"wp-block-gallery has-nested-images columns-default is-cropped wp-block-gallery-1 is-layout-flex wp-block-gallery-is-layout-flex\">\n<figure class=\"wp-block-image size-large\"><img decoding=\"async\" data-id=\"9677\" src=\"https:\/\/bronpi.com\/wp-content\/uploads\/2025\/09\/ISO-9001_Color-1024x1024.png\" alt=\"\" class=\"wp-image-9677\" \/><\/figure>\n\n\n\n<figure class=\"wp-block-image size-large\"><img loading=\"lazy\" decoding=\"async\" width=\"842\" height=\"1024\" data-id=\"9682\" src=\"https:\/\/bronpi.com\/wp-content\/uploads\/2025\/09\/UNE-166002-842x1024.png\" alt=\"\" class=\"wp-image-9682\" srcset=\"https:\/\/bronpi.com\/wp-content\/uploads\/2025\/09\/UNE-166002-842x1024.png 842w, https:\/\/bronpi.com\/wp-content\/uploads\/2025\/09\/UNE-166002-247x300.png 247w, https:\/\/bronpi.com\/wp-content\/uploads\/2025\/09\/UNE-166002-768x934.png 768w, https:\/\/bronpi.com\/wp-content\/uploads\/2025\/09\/UNE-166002-300x365.png 300w, https:\/\/bronpi.com\/wp-content\/uploads\/2025\/09\/UNE-166002-600x730.png 600w, https:\/\/bronpi.com\/wp-content\/uploads\/2025\/09\/UNE-166002.png 895w\" sizes=\"auto, (max-width: 842px) 100vw, 842px\" \/><\/figure>\n<\/figure>\n<\/div>\n\n\n\n<div class=\"wp-block-column is-layout-flow wp-block-column-is-layout-flow\" style=\"flex-basis:76.3%\">\n<p>T\u00e9l\u00e9chargez les certificats Bronpi:<\/p>\n<p><a href=\"http:\/\/chrome-extension:\/\/efaidnbmnnnibpcajpcglclefindmkaj\/https:\/\/bronpi.com\/wp-content\/uploads\/2025\/10\/10064-Bronpi-9001-2015-2025-05.pdf\" data-wplink-url-error=\"true\">Certificat de conformit\u00e9 \u00e0 la norme UNE-EN ISO 2001:2015<\/a><\/p>\n<p><a href=\"http:\/\/chrome-extension:\/\/efaidnbmnnnibpcajpcglclefindmkaj\/https:\/\/bronpi.com\/wp-content\/uploads\/2025\/09\/10064-Bronpi-166002-2021-2025-06.pdf\" data-wplink-url-error=\"true\">Certificat de conformit\u00e9 \u00e0 la norme UNE 166002:2021<\/a><\/p>\n<\/p>\n<\/div>\n<\/div>\n\n\n\n<div style=\"height:100px\" aria-hidden=\"true\" class=\"wp-block-spacer\"><\/div>\n\n\n\n<p><\/p>\n","protected":false},"excerpt":{"rendered":"<p>T\u00e9l\u00e9chargez les certificats Bronpi: Certificat de conformit\u00e9 \u00e0 la norme UNE-EN ISO 2001:2015 Certificat de conformit\u00e9 \u00e0 la norme UNE 166002:2021<\/p>\n","protected":false},"author":2,"featured_media":9598,"parent":0,"menu_order":0,"comment_status":"closed","ping_status":"closed","template":"","meta":{"footnotes":""},"class_list":["post-10296","page","type-page","status-publish","has-post-thumbnail","hentry"],"_links":{"self":[{"href":"https:\/\/bronpi.com\/fr\/wp-json\/wp\/v2\/pages\/10296","targetHints":{"allow":["GET"]}}],"collection":[{"href":"https:\/\/bronpi.com\/fr\/wp-json\/wp\/v2\/pages"}],"about":[{"href":"https:\/\/bronpi.com\/fr\/wp-json\/wp\/v2\/types\/page"}],"author":[{"embeddable":true,"href":"https:\/\/bronpi.com\/fr\/wp-json\/wp\/v2\/users\/2"}],"replies":[{"embeddable":true,"href":"https:\/\/bronpi.com\/fr\/wp-json\/wp\/v2\/comments?post=10296"}],"version-history":[{"count":12,"href":"https:\/\/bronpi.com\/fr\/wp-json\/wp\/v2\/pages\/10296\/revisions"}],"predecessor-version":[{"id":11485,"href":"https:\/\/bronpi.com\/fr\/wp-json\/wp\/v2\/pages\/10296\/revisions\/11485"}],"wp:featuredmedia":[{"embeddable":true,"href":"https:\/\/bronpi.com\/fr\/wp-json\/wp\/v2\/media\/9598"}],"wp:attachment":[{"href":"https:\/\/bronpi.com\/fr\/wp-json\/wp\/v2\/media?parent=10296"}],"curies":[{"name":"wp","href":"https:\/\/api.w.org\/{rel}","templated":true}]}}