{"id":1557,"date":"2025-01-15T13:20:27","date_gmt":"2025-01-15T12:20:27","guid":{"rendered":"https:\/\/bronpi.com\/idi\/"},"modified":"2025-10-28T15:52:52","modified_gmt":"2025-10-28T14:52:52","slug":"nos-certifications","status":"publish","type":"page","link":"https:\/\/bronpi.com\/fr\/nos-certifications\/","title":{"rendered":"I+D+i"},"content":{"rendered":"<section class=\"block-media-text-standar\">\n    <div class=\"container-xl\">\n\n                    <div class=\"wrap-text \">\n                \n                                    <div class=\"content-accordion loaded closed\">\n                                                    <div class=\"title\"><p>L&rsquo;importance de Nos Certifications<\/p><\/div>\n                        \n                                                    <div class=\"seo-content show description-text\"><p>Chez Bronpi, chaque produit refl\u00e8te notre engagement envers la qualit\u00e9, la s\u00e9curit\u00e9 et le respect de l&rsquo;environnement. C&rsquo;est pourquoi tous nos \u00e9quipements disposent de certifications europ\u00e9ennes rigoureuses qui garantissent le respect des r\u00e9glementations les plus exigeantes du secteur.<\/p>\n<p>Choisir Bronpi, c&rsquo;est choisir la confiance, l&rsquo;efficacit\u00e9 et la durabilit\u00e9 certifi\u00e9es<\/p>\n<p>\u00a0<\/p><\/div>\n                                                                    <\/div>\n                            <\/div>\n                <div class=\"image-and-text \">\n                            <div class=\"background-image\">\n                    <figure class=\"  bg-img\">\n        <img loading=\"lazy\" decoding=\"async\" width=\"690\" height=\"357\" src=\"https:\/\/bronpi.com\/wp-content\/uploads\/2025\/09\/la-importancia-de-nuestras-certificaciones.png\" class=\"bg-img\" alt=\"\" srcset=\"https:\/\/bronpi.com\/wp-content\/uploads\/2025\/09\/la-importancia-de-nuestras-certificaciones.png 690w, https:\/\/bronpi.com\/wp-content\/uploads\/2025\/09\/la-importancia-de-nuestras-certificaciones-300x155.png 300w, https:\/\/bronpi.com\/wp-content\/uploads\/2025\/09\/la-importancia-de-nuestras-certificaciones-600x310.png 600w\" sizes=\"auto, (max-width: 690px) 100vw, 690px\" \/>\n    <\/figure>\n                <\/div>\n                    <\/div>\n    <\/div>\n<\/section>\n\n<section class=\"container-xl block-tecnologi-grid\">\n    <div class=\"wall\">\n                    <div class=\"card\">\n                                                    <div class=\"title\">CE<\/div>\n                                                    <div class=\"description\"><p>Indique que le produit r\u00e9pond aux exigences essentielles de s\u00e9curit\u00e9, de sant\u00e9 et de protection de l&rsquo;environnement de l&rsquo;Union europ\u00e9enne. Il est obligatoire pour la commercialisation sur le march\u00e9 europ\u00e9en.<\/p><\/div>\n                            <\/div>\n                    <div class=\"card\">\n                                                    <div class=\"title\">Ecodesign<\/div>\n                                                    <div class=\"description\"><p>R\u00e8glement europ\u00e9en qui \u00e9tablit des exigences strictes en mati\u00e8re d&rsquo;efficacit\u00e9 \u00e9nerg\u00e9tique et de faibles \u00e9missions pour les produits de chauffage. Assure un fonctionnement respectueux de l&rsquo;environnement et une consommation optimis\u00e9e.<\/p><\/div>\n                            <\/div>\n                    <div class=\"card\">\n                                                    <div class=\"title\">Flamme Verte<\/div>\n                                                    <div class=\"description\"><p>Ecolabel fran\u00e7ais certifiant les appareils biomasse \u00e0 hautes performances et \u00e0 faibles \u00e9missions. Une plus grande efficacit\u00e9 \u00e9nerg\u00e9tique et un impact environnemental r\u00e9duit.<\/p><\/div>\n                            <\/div>\n                    <div class=\"card\">\n                                                    <div class=\"title\">UNE-EN 16510<\/div>\n                                                    <div class=\"description\"><p>R\u00e9glementation europ\u00e9enne qui unifie les crit\u00e8res techniques des appareils de chauffage domestique \u00e0 combustible solide (bois, granul\u00e9s, etc.), garantissant leur s\u00e9curit\u00e9, leurs performances, leur durabilit\u00e9 et leurs faibles \u00e9missions.<\/p><\/div>\n                            <\/div>\n                    <div class=\"card\">\n                                                    <div class=\"title\">DIN Plus<\/div>\n                                                    <div class=\"description\"><p>Certification allemande qui garantit une qualit\u00e9 \u00e9lev\u00e9e et le respect de normes strictes pour les po\u00eales et chaudi\u00e8res \u00e0 biomasse, notamment en mati\u00e8re d&rsquo;efficacit\u00e9, de s\u00e9curit\u00e9 et d&rsquo;\u00e9missions.<\/p><\/div>\n                            <\/div>\n                    <div class=\"card\">\n                                                    <div class=\"title\">l.BlmSchV<\/div>\n                                                    <div class=\"description\"><p>R\u00e9glementation allemande sur le contr\u00f4le des \u00e9missions. R\u00e9glemente les limites maximales d&rsquo;\u00e9missions polluantes (CO, particules, etc.) pour les appareils de combustion de biomasse.<\/p><\/div>\n                            <\/div>\n                    <div class=\"card\">\n                                                    <div class=\"title\">15a B-VG<\/div>\n                                                    <div class=\"description\"><p>R\u00e8glement autrichien \u00e9tablissant des exigences sp\u00e9cifiques en mati\u00e8re d&rsquo;\u00e9missions et d&rsquo;efficacit\u00e9<br \/>\u00e9nerg\u00e9tique pour les po\u00eales et les chemin\u00e9es. Il s\u2019agit de l\u2019une des r\u00e9glementations environnementales les plus exigeantes d\u2019Europe.<\/p><\/div>\n                            <\/div>\n                    <div class=\"card\">\n                                                    <div class=\"title\">UNE-EN-14785<\/div>\n                                                    <div class=\"description\"><p>Norme europ\u00e9enne pour les appareils de chauffage domestique, aliment\u00e9s avec des granul\u00e9s.<\/p><\/div>\n                            <\/div>\n                    <div class=\"card\">\n                                                    <div class=\"title\">UNE-EN-12809<\/div>\n                                                    <div class=\"description\"><p>Norme europ\u00e9enne pour les chaudi\u00e8res domestiques autonomes utilisant du combustible solide. Puissance thermique nominale inf\u00e9rieure ou \u00e9gale \u00e0 50 kW.<\/p><\/div>\n                            <\/div>\n                    <div class=\"card\">\n                                                    <div class=\"title\">UNE-EN 303-5<\/div>\n                                                    <div class=\"description\"><p>Normes d\u2019efficacit\u00e9 et d\u2019\u00e9missions applicables chaudi\u00e8res \u00e0 biomasse ( jusqu\u2019\u00e0 500 kW).<\/p><\/div>\n                            <\/div>\n                    <div class=\"card\">\n                                                    <div class=\"title\">UNE-EN-613 (50 Pa)<\/div>\n                                                    <div class=\"description\"><p>Norme europ\u00e9enne pour les appareils de chauffage domestique qui r\u00e9pondent aux exigences<br \/>d\u2019\u00e9tanch\u00e9it\u00e9.<\/p><\/div>\n                            <\/div>\n            <\/div>\n<\/section>\n\n\n\n<h2 class=\"wp-block-heading\"><\/h2>\n\n\n\n<blockquote class=\"wp-block-quote is-layout-flow wp-block-quote-is-layout-flow\">\n<p><\/p>\n<\/blockquote>\n\n\n\n<div class=\"wp-block-group alignfull is-content-justification-center is-layout-constrained wp-container-core-group-is-layout-b073b61b wp-block-group-is-layout-constrained\" style=\"margin-top:0;margin-bottom:0;padding-top:calc( 0.5 * var(--wp--style--root--padding-right, var(--wp--custom--gap--horizontal)));padding-right:var(--wp--style--root--padding-right, var(--wp--custom--gap--horizontal));padding-bottom:calc( 0.5 * var(--wp--style--root--padding-right, var(--wp--custom--gap--horizontal)));padding-left:var(--wp--style--root--padding-left, var(--wp--custom--gap--horizontal))\">\n<div style=\"height:calc( 0.25 * var(--wp--style--root--padding-right, var(--wp--custom--gap--horizontal)))\" aria-hidden=\"true\" class=\"wp-block-spacer\"><\/div>\n\n\n\n<div class=\"wp-block-columns alignwide is-layout-flex wp-container-core-columns-is-layout-9d6595d7 wp-block-columns-is-layout-flex\"><\/div>\n<\/div>\n\n\n<section class=\"block-media-text-standar\">\n    <div class=\"container-xl\">\n\n                    <div class=\"wrap-text left\">\n                \n                                    <div class=\"content-accordion loaded closed\">\n                                                    <div class=\"title\"><p>BRONPI:<br \/>Chaleur Responsable<\/p><\/div>\n                        \n                                                    <div class=\"seo-content show description-text\"><p>L&rsquo;efficacit\u00e9 \u00e9nerg\u00e9tique est une valeur fondamentale chez Bronpi et tous nos produits sont con\u00e7us pour offrir des performances maximales avec la consommation la plus faible possible. La classification \u00e9nerg\u00e9tique, r\u00e9glement\u00e9e par des normes europ\u00e9ennes, permet de d\u00e9terminer le degr\u00e9 d&rsquo;efficacit\u00e9 de chaque appareil, sur une \u00e9chelle allant de<strong> A++ (efficacit\u00e9 maximale) \u00e0 G (efficacit\u00e9 minimale)<\/strong>.<\/p>\n<p>Bien qu&rsquo;il existe sur le march\u00e9 des produits qui couvrent toute cette gamme, chez Bronpi nous misons sur la durabilit\u00e9 et la performance, c&rsquo;est pourquoi tous nos \u00e9quipements <strong>appartiennent aux cat\u00e9gories les plus efficaces : A, A+ et A++.<\/strong><\/p>\n<p>Cela garantit que tout produit Bronpi que vous choisissez vous offrira :<\/p>\n<p>\u2022 Consommation \u00e9nerg\u00e9tique optimis\u00e9e.<br \/>\u2022 Une plus grande utilisation de la chaleur.<br \/>\u2022 R\u00e9duction des \u00e9missions polluantes.<br \/>\u2022 Un v\u00e9ritable engagement pour l&rsquo;environnement.<\/p>\n<p><br \/>Choisir un produit Bronpi, c&rsquo;est miser sur la qualit\u00e9, l\u2019innovation et l\u2019efficacit\u00e9 \u00e9nerg\u00e9tique.<\/p><\/div>\n                                                                    <\/div>\n                            <\/div>\n                <div class=\"image-and-text left\">\n                            <div class=\"background-image\">\n                    <figure class=\" left bg-img\">\n        <img loading=\"lazy\" decoding=\"async\" width=\"690\" height=\"357\" src=\"https:\/\/bronpi.com\/wp-content\/uploads\/2025\/10\/Ecoetiqueta-Calor-responsable.png\" class=\"bg-img\" alt=\"\" srcset=\"https:\/\/bronpi.com\/wp-content\/uploads\/2025\/10\/Ecoetiqueta-Calor-responsable.png 690w, https:\/\/bronpi.com\/wp-content\/uploads\/2025\/10\/Ecoetiqueta-Calor-responsable-300x155.png 300w, https:\/\/bronpi.com\/wp-content\/uploads\/2025\/10\/Ecoetiqueta-Calor-responsable-600x310.png 600w\" sizes=\"auto, (max-width: 690px) 100vw, 690px\" \/>\n    <\/figure>\n                <\/div>\n                    <\/div>\n    <\/div>\n<\/section>","protected":false},"excerpt":{"rendered":"","protected":false},"author":1,"featured_media":9140,"parent":0,"menu_order":0,"comment_status":"closed","ping_status":"closed","template":"","meta":{"footnotes":""},"class_list":["post-1557","page","type-page","status-publish","has-post-thumbnail","hentry"],"_links":{"self":[{"href":"https:\/\/bronpi.com\/fr\/wp-json\/wp\/v2\/pages\/1557","targetHints":{"allow":["GET"]}}],"collection":[{"href":"https:\/\/bronpi.com\/fr\/wp-json\/wp\/v2\/pages"}],"about":[{"href":"https:\/\/bronpi.com\/fr\/wp-json\/wp\/v2\/types\/page"}],"author":[{"embeddable":true,"href":"https:\/\/bronpi.com\/fr\/wp-json\/wp\/v2\/users\/1"}],"replies":[{"embeddable":true,"href":"https:\/\/bronpi.com\/fr\/wp-json\/wp\/v2\/comments?post=1557"}],"version-history":[{"count":47,"href":"https:\/\/bronpi.com\/fr\/wp-json\/wp\/v2\/pages\/1557\/revisions"}],"predecessor-version":[{"id":11258,"href":"https:\/\/bronpi.com\/fr\/wp-json\/wp\/v2\/pages\/1557\/revisions\/11258"}],"wp:featuredmedia":[{"embeddable":true,"href":"https:\/\/bronpi.com\/fr\/wp-json\/wp\/v2\/media\/9140"}],"wp:attachment":[{"href":"https:\/\/bronpi.com\/fr\/wp-json\/wp\/v2\/media?parent=1557"}],"curies":[{"name":"wp","href":"https:\/\/api.w.org\/{rel}","templated":true}]}}