{"id":1601,"date":"2025-01-15T14:05:48","date_gmt":"2025-01-15T13:05:48","guid":{"rendered":"https:\/\/bronpi.com\/politica-de-privacidad\/"},"modified":"2025-11-19T10:59:19","modified_gmt":"2025-11-19T09:59:19","slug":"politique-de-confidentialite","status":"publish","type":"page","link":"https:\/\/bronpi.com\/fr\/politique-de-confidentialite\/","title":{"rendered":"Politique de confidentialit\u00e9"},"content":{"rendered":"<section class=\" container-xl block-simple-text  lopd \">\n                    <div class=\"title\"><p>Politique de confidentialit\u00e9<\/p><\/div>\n                            <div class=\"description\"><div class=\"document-content\">\n<h2 id=\"informations-generales\">Informations g\u00e9n\u00e9rales<\/h2>\n<p>Cette Politique de confidentialit\u00e9 s&rsquo;applique \u00e0 toutes les donn\u00e9es personnelles que vous, en tant qu&rsquo;utilisateur, (l&rsquo;utilisateur \u00e9tant toute personne physique acc\u00e9dant au site web) nous fournissez \u00e0 BRONPI CALEFACCI\u00d3N SL lorsque vous acc\u00e9dez \u00e0 https:\/\/www.bronpi.com, ci-apr\u00e8s d\u00e9nomm\u00e9 le \u00ab\u00a0Site\u00a0\u00bb.<\/p>\n<p>L&rsquo;objectif de cette Politique de confidentialit\u00e9 est de vous informer sur la mani\u00e8re dont nous traitons vos donn\u00e9es personnelles en tant qu&rsquo;utilisateur, ainsi que de vous expliquer les droits qui vous sont accord\u00e9s en vertu du R\u00e8glement g\u00e9n\u00e9ral sur la protection des donn\u00e9es et d&rsquo;autres r\u00e9glementations applicables en mati\u00e8re de protection des donn\u00e9es.<\/p>\n<h2 id=\"qui-est-responsable\">Qui est responsable?<\/h2>\n<p>Le responsable du traitement des donn\u00e9es personnelles collect\u00e9es via le Site est BRONPI CALEFACCI\u00d3N SL, avec un num\u00e9ro d&rsquo;identification fiscale B14465330 et domicili\u00e9 \u00e0 Carr. C\u00f3rdoba &#8211; M\u00e1laga km. 78 Lucena, C\u00f3rdoba 14900, Espagne.<\/p>\n<p>Vous pouvez contacter le D\u00e9l\u00e9gu\u00e9 \u00e0 la protection des donn\u00e9es \u00e0 l&rsquo;adresse e-mail jesus@novaiuris.com pour poser toutes les questions ou demander les informations dont vous avez besoin concernant le traitement des donn\u00e9es personnelles des utilisateurs.) Les donn\u00e9es personnelles que nous collectons seront trait\u00e9es de mani\u00e8re confidentielle et seront int\u00e9gr\u00e9es \u00e0 notre Registre des activit\u00e9s de traitement.<\/p>\n<h2 id=\"pourquoi-demandons-nous-vos-donnees\">Pourquoi demandons-nous vos donn\u00e9es?<\/h2>\n<div class=\"bt-wrapper\">\n<table data-bt-active=\"true\">\n<thead>\n<tr>\n<th>Objectif<\/th>\n<th>Description<\/th>\n<th>Donn\u00e9es<\/th>\n<\/tr>\n<\/thead>\n<tbody>\n<tr>\n<td data-th=\"Objectif\"><span class=\"bt-content\">\u00c0 des fins de marketing<\/span><\/td>\n<td data-th=\"Description\"><span class=\"bt-content\">Pour mener des actions promotionnelles sur nos produits ou services, selon le consentement exprim\u00e9 par l&rsquo;utilisateur et les informations fournies au moment de la collecte. Personnaliser les services que nous vous offrons et \u00eatre en mesure de vous faire des recommandations en fonction de votre interaction avec nous sur le site web et de l&rsquo;analyse de votre profil d&rsquo;utilisateur (par exemple, en fonction de votre historique d&rsquo;achats et de navigation). Vous montrer des publicit\u00e9s sur Internet que vous verrez lorsque vous naviguez sur des sites web et des applications, par exemple, sur les r\u00e9seaux sociaux. Les publicit\u00e9s que vous voyez peuvent \u00eatre affich\u00e9es de mani\u00e8re al\u00e9atoire, mais d&rsquo;autres fois, il peut s&rsquo;agir de publicit\u00e9s li\u00e9es \u00e0 votre historique d&rsquo;achats, vos pr\u00e9f\u00e9rences et votre navigation.<\/span><\/td>\n<td data-th=\"Donn\u00e9es\"><span class=\"bt-content\">Courriel, T\u00e9l\u00e9phone.<\/span><\/td>\n<\/tr>\n<tr>\n<td data-th=\"Objectif\"><span class=\"bt-content\">Recevoir et g\u00e9rer des CV<\/span><\/td>\n<td data-th=\"Description\"><span class=\"bt-content\">G\u00e9rer le processus de recrutement du personnel<\/span><\/td>\n<td data-th=\"Donn\u00e9es\"><span class=\"bt-content\">Courriel, T\u00e9l\u00e9phone.<\/span><\/td>\n<\/tr>\n<\/tbody>\n<\/table>\n<\/div>\n<h2 id=\"quelle-est-notre-legitimation-pour-le-traitement-des-donnees\">Quelle est notre l\u00e9gitimation pour le traitement des donn\u00e9es?<\/h2>\n<p>Notre base de l\u00e9gitimation pour le traitement des donn\u00e9es personnelles est la suivante:<\/p>\n<ul>\n<li>Le consentement : si vous avez donn\u00e9 votre consentement explicite au moment de saisir les donn\u00e9es personnelles en cochant la case correspondante.<\/li>\n<li>L&rsquo;ex\u00e9cution d&rsquo;un contrat : s&rsquo;il existe une relation contractuelle entre vous et BRONPI CALEFACCI\u00d3N SL, ou si le traitement des donn\u00e9es personnelles est n\u00e9cessaire au d\u00e9veloppement de la relation commerciale.<\/li>\n<li>Le respect d&rsquo;une obligation l\u00e9gale : dans les cas o\u00f9 BRONPI CALEFACCI\u00d3N SL a une obligation l\u00e9gale qui nous est applicable en tant que responsables du traitement.<\/li>\n<li>L&rsquo;int\u00e9r\u00eat l\u00e9gitime : dans les cas o\u00f9 il existe un int\u00e9r\u00eat l\u00e9gitime propre ou de tiers li\u00e9 au fonctionnement du Site ou \u00e0 la fourniture de services \u00e0 l&rsquo;utilisateur, \u00e0 condition que les int\u00e9r\u00eats et droits fondamentaux des utilisateurs ne pr\u00e9valent pas sur l&rsquo;int\u00e9r\u00eat l\u00e9gitime.<\/li>\n<\/ul>\n<h2 id=\"pendant-combien-de-temps-allons-nous-conserver-vos-donnees\">Pendant combien de temps allons-nous conserver vos donn\u00e9es?<\/h2>\n<p>Les donn\u00e9es personnelles que nous collectons via le Site seront trait\u00e9es et conserv\u00e9es pendant le temps n\u00e9cessaire \u00e0 l&rsquo;accomplissement de l&rsquo;objectif pour lequel elles ont \u00e9t\u00e9 collect\u00e9es.<\/p>\n<p>Plus pr\u00e9cis\u00e9ment, les donn\u00e9es que nous collectons pour le d\u00e9veloppement et l&rsquo;ex\u00e9cution d&rsquo;un contrat avec vous seront conserv\u00e9es tant que la relation contractuelle sera en vigueur, mais les donn\u00e9es personnelles que nous collectons dans le cadre de l&rsquo;int\u00e9r\u00eat l\u00e9gitime ou avec votre consentement seront conserv\u00e9es uniquement pendant le temps n\u00e9cessaire pour atteindre cet objectif.<\/p>\n<p>Une fois le d\u00e9lai strictement n\u00e9cessaire \u00e0 l&rsquo;accomplissement des objectifs d\u00e9crits ci-dessus \u00e9coul\u00e9, nous conserverons pendant une p\u00e9riode suppl\u00e9mentaire les donn\u00e9es personnelles, jusqu&rsquo;\u00e0 ce que toutes les actions pouvant d\u00e9couler de notre responsabilit\u00e9 d\u00e9coulant de chacun des traitements soient prescrites.<\/p>\n<h2 id=\"partageons-nous-vos-donnees-avec-des-tiers\">Partageons-nous vos donn\u00e9es avec des tiers?<\/h2>\n<p>Afin de r\u00e9aliser les objectifs d\u00e9crits ci-dessus, il est n\u00e9cessaire de donner acc\u00e8s \u00e0 vos donn\u00e9es personnelles \u00e0 d&rsquo;autres prestataires de services, qui agiront en tant que sous-traitants, tels que :<\/p>\n<ul>\n<li>Autres entreprises du groupe<\/li>\n<\/ul>\n<p>Nous avons conclu un accord avec les entreprises agissant en tant que sous-traitants dans lequel la gestion et le traitement des donn\u00e9es personnelles des utilisateurs sont r\u00e9glement\u00e9s, ainsi que l&rsquo;adaptation des mesures de s\u00e9curit\u00e9 prises.<\/p>\n<p>Dans les cas o\u00f9 nous devons effectuer des transferts \u00e0 des tiers ayant leur si\u00e8ge ou des serveurs en dehors de l&rsquo;Union europ\u00e9enne ou de l&rsquo;Espace \u00e9conomique europ\u00e9en (Islande, Norv\u00e8ge ou Liechtenstein), et que ledit pays n&rsquo;offre pas un niveau de protection des donn\u00e9es personnelles \u00e9quivalent \u00e0 celui de l&rsquo;Union europ\u00e9enne, nous transf\u00e9rerons vos donn\u00e9es personnelles en respectant \u00e0 tout moment les garanties appropri\u00e9es et en maintenant les normes de s\u00e9curit\u00e9, conform\u00e9ment \u00e0 la r\u00e9glementation applicable.<\/p>\n<p>Lorsque ces transferts sont effectu\u00e9s de l&rsquo;UE\/EEE vers un pays tiers pour lequel la Commission europ\u00e9enne n&rsquo;a pas \u00e9mis de D\u00e9cision d&rsquo;Ad\u00e9quation, ou si nous ne disposons pas de R\u00e8gles d&rsquo;Entreprise Contraignantes, nous nous conformerons aux dispositions pr\u00e9vues pour ces cas par la Commission europ\u00e9enne pour vous offrir les garanties appropri\u00e9es, et lorsque cela est appropri\u00e9, nous conclurons les <a href=\"https:\/\/commission.europa.eu\/law\/law-topic\/data-protection\/international-dimension-data-protection\/standard-contractual-clauses-scc_en\" target=\"_blank\" rel=\"noopener\">Clauses Contractuelles Types<\/a> et mettrons en place des mesures de protection suppl\u00e9mentaires si n\u00e9cessaire.<\/p>\n<p>Si vous souhaitez obtenir plus d&rsquo;informations sur le transfert de donn\u00e9es personnelles que nous effectuons vers des pays hors de l&rsquo;UE\/EEE, vous pouvez nous contacter \u00e0 l&rsquo;adresse e-mail suivante : comercial@bronpi.com<\/p>\n<h2 id=\"quels-sont-vos-droits\">Quels sont vos droits?<\/h2>\n<p>Vous pouvez exercer les droits suivants \u00e0 tout moment et gratuitement :<\/p>\n<ul>\n<li>Acc\u00e8s : pour savoir quelles donn\u00e9es nous conservons et ce que nous en faisons.<\/li>\n<li>Rectification : pour nous informer de toute donn\u00e9e inexacte.<\/li>\n<li>Suppression : pour que nous supprimions vos donn\u00e9es personnelles, dans la mesure du possible.<\/li>\n<li>Opposition : pour que nous cessions de traiter vos donn\u00e9es personnelles pour l&rsquo;une des finalit\u00e9s mentionn\u00e9es ci-dessus, \u00e0 moins qu&rsquo;une obligation l\u00e9gale ne s&rsquo;y oppose.<\/li>\n<li>Portabilit\u00e9 : pour que nous transf\u00e9rions vos donn\u00e9es personnelles \u00e0 un tiers, dans la mesure du possible.<\/li>\n<li>Limitation : pour que nous suspendions vos donn\u00e9es lorsque vous contestez leur exactitude, ou si vous souhaitez que nous les conservions pour exercer une action.<\/li>\n<li>Ne pas faire l&rsquo;objet de d\u00e9cisions fond\u00e9es uniquement sur le traitement automatis\u00e9 de vos donn\u00e9es.<\/li>\n<\/ul>\n<p>Vous pouvez exercer l&rsquo;un de ces droits gratuitement en acc\u00e9dant <strong><a href=\"https:\/\/app.lawwwing.com\/rights\/17e0d356-0362-483c-8ca3-b5477e20439b\/?lang=fr\" target=\"_blank\" rel=\"noopener\">ici<\/a><\/strong>.<\/p>\n<p>Si nous ne respectons pas correctement ces droits en tant que responsables, nous vous informons que vous pouvez d\u00e9poser une r\u00e9clamation aupr\u00e8s de l&rsquo;autorit\u00e9 de contr\u00f4le en mati\u00e8re de protection des donn\u00e9es \u00e0 Agencia Espa\u00f1ola de Protecci\u00f3n de Datos (AEPD), C\/Jorge Juan, 6, 28001 Madrid ou \u00e0 l&rsquo;adresse e-mail internacional@aepd.es.<\/p>\n<h2 id=\"confidentialite-et-mesures-de-securite\">Confidentialit\u00e9 et mesures de s\u00e9curit\u00e9<\/h2>\n<p>BRONPI CALEFACCI\u00d3N SL, en tant que responsable du traitement, nous nous engageons \u00e0 respecter la confidentialit\u00e9 des donn\u00e9es personnelles des utilisateurs et \u00e0 les utiliser conform\u00e9ment aux finalit\u00e9s pour lesquelles elles ont \u00e9t\u00e9 collect\u00e9es.<\/p>\n<p>Nous avons mis en place toutes les mesures de s\u00e9curit\u00e9 techniques et organisationnelles appropri\u00e9es \u00e0 la nature des donn\u00e9es trait\u00e9es et requises par la r\u00e9glementation sur la protection des donn\u00e9es.<\/p>\n<h3 id=\"modifications-de-la-politique-de-confidentialite-et-des-cookies\">Modifications de la Politique de confidentialit\u00e9<\/h3>\n<p>Cette Politique de confidentialit\u00e9 a \u00e9t\u00e9 mise \u00e0 jour pour la derni\u00e8re fois le 09\/10\/2025, BRONPI CALEFACCI\u00d3N SL se r\u00e9serve le droit de mettre \u00e0 jour et de modifier certains aspects pour s&rsquo;adapter aux \u00e9volutions l\u00e9gislatives et jurisprudentielles, nous vous recommandons donc de la consulter r\u00e9guli\u00e8rement.<\/p>\n<\/div><\/div>\n            <\/section>\n","protected":false},"excerpt":{"rendered":"","protected":false},"author":1,"featured_media":0,"parent":0,"menu_order":0,"comment_status":"closed","ping_status":"closed","template":"","meta":{"footnotes":""},"class_list":["post-1601","page","type-page","status-publish","hentry"],"_links":{"self":[{"href":"https:\/\/bronpi.com\/fr\/wp-json\/wp\/v2\/pages\/1601","targetHints":{"allow":["GET"]}}],"collection":[{"href":"https:\/\/bronpi.com\/fr\/wp-json\/wp\/v2\/pages"}],"about":[{"href":"https:\/\/bronpi.com\/fr\/wp-json\/wp\/v2\/types\/page"}],"author":[{"embeddable":true,"href":"https:\/\/bronpi.com\/fr\/wp-json\/wp\/v2\/users\/1"}],"replies":[{"embeddable":true,"href":"https:\/\/bronpi.com\/fr\/wp-json\/wp\/v2\/comments?post=1601"}],"version-history":[{"count":9,"href":"https:\/\/bronpi.com\/fr\/wp-json\/wp\/v2\/pages\/1601\/revisions"}],"predecessor-version":[{"id":11843,"href":"https:\/\/bronpi.com\/fr\/wp-json\/wp\/v2\/pages\/1601\/revisions\/11843"}],"wp:attachment":[{"href":"https:\/\/bronpi.com\/fr\/wp-json\/wp\/v2\/media?parent=1601"}],"curies":[{"name":"wp","href":"https:\/\/api.w.org\/{rel}","templated":true}]}}