{"id":1605,"date":"2025-01-15T14:06:04","date_gmt":"2025-01-15T13:06:04","guid":{"rendered":"https:\/\/bronpi.com\/politica-de-cookies\/"},"modified":"2025-11-19T10:59:28","modified_gmt":"2025-11-19T09:59:28","slug":"politique-en-matiere-de-cookies","status":"publish","type":"page","link":"https:\/\/bronpi.com\/fr\/politique-en-matiere-de-cookies\/","title":{"rendered":"Politique en mati\u00e8re de cookies"},"content":{"rendered":"<section class=\" container-xl block-simple-text  lopd \">\n                    <div class=\"title\"><p>Politique en mati\u00e8re de cookies<\/p><\/div>\n                            <div class=\"description\"><div class=\"document-content\">\n<h3 id=\"avant-de-commencer-quest-ce-quun-cookie-quels-types-de-cookies-existent\">Avant de commencer, qu&rsquo;est-ce qu&rsquo;un cookie ? Quels types de cookies existent?<\/h3>\n<p>Un cookie est un petit fichier texte que les sites web installent sur l&rsquo;ordinateur ou l&rsquo;appareil mobile des utilisateurs qui les visitent. Les cookies sont g\u00e9n\u00e9ralement utilis\u00e9s pour faire fonctionner les pages web, ou les rendre plus efficaces, ainsi que pour recueillir des informations sur leur utilisation.<\/p>\n<p>Les cookies peuvent \u00eatre class\u00e9s comme suit :<\/p>\n<ul>\n<li>Selon l&rsquo;entit\u00e9 qui les g\u00e8re : cookies propri\u00e9taires et de tiers ;<\/li>\n<li>Selon la dur\u00e9e pendant laquelle ils restent activ\u00e9s : cookies de session et persistants ;<\/li>\n<li>Selon leur finalit\u00e9 : techniques, de pr\u00e9f\u00e9rence ou de personnalisation, d&rsquo;analyse et de marketing.<\/li>\n<\/ul>\n<h3 id=\"quels-cookies-utilisons-nous\">Quels cookies utilisons-nous?<\/h3>\n<p>Le tableau suivant explique les cookies que nous utilisons et \u00e0 quoi ils servent :<\/p>\n<div class=\"bt-wrapper\">\n<table data-bt-active=\"true\">\n<thead>\n<tr>\n<th>Nom<\/th>\n<th>Fonction<\/th>\n<th>Titulaire<\/th>\n<th>Domaine<\/th>\n<th>Dur\u00e9e<\/th>\n<\/tr>\n<\/thead>\n<tbody>\n<tr>\n<td data-th=\"Nom\"><span class=\"bt-content\">__utma<\/span><\/td>\n<td data-th=\"Fonction\"><span class=\"bt-content\">Analyse ou mesure<\/span><\/td>\n<td data-th=\"Titulaire\"><span class=\"bt-content\">Google<\/span><\/td>\n<td data-th=\"Domaine\"><span class=\"bt-content\">bronpi.com<\/span><\/td>\n<td data-th=\"Dur\u00e9e\"><span class=\"bt-content\">729d<\/span><\/td>\n<\/tr>\n<tr>\n<td data-th=\"Nom\"><span class=\"bt-content\">9ee0d086efba82b55efa6483afe6e513<\/span><\/td>\n<td data-th=\"Fonction\">\u00a0<\/td>\n<td data-th=\"Titulaire\"><span class=\"bt-content\">None<\/span><\/td>\n<td data-th=\"Domaine\"><span class=\"bt-content\">www.bronpi.com<\/span><\/td>\n<td data-th=\"Dur\u00e9e\"><span class=\"bt-content\">364d<\/span><\/td>\n<\/tr>\n<tr>\n<td data-th=\"Nom\"><span class=\"bt-content\">__utmz<\/span><\/td>\n<td data-th=\"Fonction\"><span class=\"bt-content\">Analyse ou mesure<\/span><\/td>\n<td data-th=\"Titulaire\"><span class=\"bt-content\">Google<\/span><\/td>\n<td data-th=\"Domaine\"><span class=\"bt-content\">bronpi.com<\/span><\/td>\n<td data-th=\"Dur\u00e9e\"><span class=\"bt-content\">182d<\/span><\/td>\n<\/tr>\n<tr>\n<td data-th=\"Nom\"><span class=\"bt-content\">__utmb<\/span><\/td>\n<td data-th=\"Fonction\"><span class=\"bt-content\">Analyse ou mesure<\/span><\/td>\n<td data-th=\"Titulaire\"><span class=\"bt-content\">Google<\/span><\/td>\n<td data-th=\"Domaine\"><span class=\"bt-content\">bronpi.com<\/span><\/td>\n<td data-th=\"Dur\u00e9e\"><span class=\"bt-content\">29m<\/span><\/td>\n<\/tr>\n<tr>\n<td data-th=\"Nom\"><span class=\"bt-content\">__utmt<\/span><\/td>\n<td data-th=\"Fonction\"><span class=\"bt-content\">Analyse ou mesure<\/span><\/td>\n<td data-th=\"Titulaire\"><span class=\"bt-content\">Google<\/span><\/td>\n<td data-th=\"Domaine\"><span class=\"bt-content\">bronpi.com<\/span><\/td>\n<td data-th=\"Dur\u00e9e\"><span class=\"bt-content\">9m<\/span><\/td>\n<\/tr>\n<tr>\n<td data-th=\"Nom\"><span class=\"bt-content\">9958e863c9f6d8fcfdc8f002aab72f2c<\/span><\/td>\n<td data-th=\"Fonction\">\u00a0<\/td>\n<td data-th=\"Titulaire\"><span class=\"bt-content\">None<\/span><\/td>\n<td data-th=\"Domaine\"><span class=\"bt-content\">www.bronpi.com<\/span><\/td>\n<td data-th=\"Dur\u00e9e\"><span class=\"bt-content\">session<\/span><\/td>\n<\/tr>\n<tr>\n<td data-th=\"Nom\"><span class=\"bt-content\">__utmc<\/span><\/td>\n<td data-th=\"Fonction\"><span class=\"bt-content\">Analyse ou mesure<\/span><\/td>\n<td data-th=\"Titulaire\"><span class=\"bt-content\">Google<\/span><\/td>\n<td data-th=\"Domaine\"><span class=\"bt-content\">bronpi.com<\/span><\/td>\n<td data-th=\"Dur\u00e9e\"><span class=\"bt-content\">session<\/span><\/td>\n<\/tr>\n<\/tbody>\n<\/table>\n<\/div>\n<h3 id=\"supprimer-les-cookies\">Supprimer les cookies<\/h3>\n<p>La plupart des navigateurs Web permettent un certain contr\u00f4le sur la plupart des cookies via les param\u00e8tres du navigateur. Vous pouvez configurer les cookies dans les navigateurs les plus courants en suivant leurs instructions :<\/p>\n<ul>\n<li><a href=\"https:\/\/support.google.com\/accounts\/answer\/61416?co=GENIE.Platform%3DDesktop&amp;hl=fr\" target=\"_blank\" rel=\"noopener\">Google Chrome<\/a><\/li>\n<li><a href=\"https:\/\/privacy.microsoft.com\/en-us\/windows-10-microsoft-edge-and-privacy\" target=\"_blank\" rel=\"noopener\">Microsoft Edge<\/a><\/li>\n<li><a href=\"https:\/\/support.mozilla.org\/fr\/kb\/effacer-cookies-supprimer-infos-sites-enregistrees\" target=\"_blank\" rel=\"noopener\">Mozilla Firefox<\/a><\/li>\n<li><a href=\"https:\/\/support.microsoft.com\/fr-fr\/help\/17442\/windows-internet-explorer-delete-manage-cookies\" target=\"_blank\" rel=\"noopener\">Microsoft Internet Explorer<\/a><\/li>\n<li><a href=\"https:\/\/help.opera.com\/fr\/latest\/web-preferences\/\" target=\"_blank\" rel=\"noopener\">Opera<\/a><\/li>\n<li><a href=\"https:\/\/support.apple.com\/fr-fr\/guide\/safari\/sfri11471\/mac\" target=\"_blank\" rel=\"noopener\">Apple Safari<\/a><\/li>\n<\/ul>\n<p>Pour trouver des informations sur d&rsquo;autres navigateurs, vous pouvez visiter le site Web du navigateur correspondant.<\/p>\n<p>\u00c0 https:\/\/www.bronpi.com, nous utilisons Google Consent Mode v2 pour transmettre les consentements aux diff\u00e9rentes finalit\u00e9s. Plus d&rsquo;informations <a href=\"https:\/\/business.safety.google\/privacy\/\" target=\"_blank\" rel=\"noopener\">ici<\/a><\/p>\n<h3 id=\"modifications-de-la-politique-de-confidentialite-et-des-cookies\">Modifications de la Politique des cookies<\/h3>\n<p>Cette Politique de cookies a \u00e9t\u00e9 mise \u00e0 jour pour la derni\u00e8re fois le 09\/10\/2025, BRONPI CALEFACCI\u00d3N SL se r\u00e9serve le droit de mettre \u00e0 jour et de modifier certains aspects pour s&rsquo;adapter aux \u00e9volutions l\u00e9gislatives et jurisprudentielles, nous vous recommandons donc de la consulter r\u00e9guli\u00e8rement.<\/p>\n<\/div><\/div>\n            <\/section>\n","protected":false},"excerpt":{"rendered":"","protected":false},"author":1,"featured_media":0,"parent":0,"menu_order":0,"comment_status":"closed","ping_status":"closed","template":"","meta":{"footnotes":""},"class_list":["post-1605","page","type-page","status-publish","hentry"],"_links":{"self":[{"href":"https:\/\/bronpi.com\/fr\/wp-json\/wp\/v2\/pages\/1605","targetHints":{"allow":["GET"]}}],"collection":[{"href":"https:\/\/bronpi.com\/fr\/wp-json\/wp\/v2\/pages"}],"about":[{"href":"https:\/\/bronpi.com\/fr\/wp-json\/wp\/v2\/types\/page"}],"author":[{"embeddable":true,"href":"https:\/\/bronpi.com\/fr\/wp-json\/wp\/v2\/users\/1"}],"replies":[{"embeddable":true,"href":"https:\/\/bronpi.com\/fr\/wp-json\/wp\/v2\/comments?post=1605"}],"version-history":[{"count":7,"href":"https:\/\/bronpi.com\/fr\/wp-json\/wp\/v2\/pages\/1605\/revisions"}],"predecessor-version":[{"id":11845,"href":"https:\/\/bronpi.com\/fr\/wp-json\/wp\/v2\/pages\/1605\/revisions\/11845"}],"wp:attachment":[{"href":"https:\/\/bronpi.com\/fr\/wp-json\/wp\/v2\/media?parent=1605"}],"curies":[{"name":"wp","href":"https:\/\/api.w.org\/{rel}","templated":true}]}}