{"id":767,"date":"2025-01-15T14:05:27","date_gmt":"2025-01-15T13:05:27","guid":{"rendered":"https:\/\/bronpi.com\/aviso-legal\/"},"modified":"2025-11-19T10:59:39","modified_gmt":"2025-11-19T09:59:39","slug":"mentions-legales","status":"publish","type":"page","link":"https:\/\/bronpi.com\/fr\/mentions-legales\/","title":{"rendered":"Mentions l\u00e9gales"},"content":{"rendered":"<section class=\" container-xl block-simple-text  lopd \">\n                    <div class=\"title\"><p>Mentions l\u00e9gales<\/p><\/div>\n                            <div class=\"description\"><div class=\"document-content\">\n            <h2 id=\"1-nous-vous-souhaitons-la-bienvenue-sur-wwwbronpicom\">1. NOUS VOUS SOUHAITONS LA BIENVENUE SUR WWW.BRONPI.COM<\/h2>\n<p>Chez BRONPI CALEFACCI\u00d3N SL, nous vous proposons le site web https:\/\/www.bronpi.com, ainsi que, le cas \u00e9ch\u00e9ant, les applications mobiles et autres propri\u00e9t\u00e9s interactives que nous poss\u00e9dons et exploitons (ensemble, la \u00ab Web \u00bb).<\/p>\n<p>L&rsquo;acc\u00e8s \u00e0 la Web vous conf\u00e8re la qualit\u00e9 d\u2019\u00ab Utilisateur \u00bb, entendue comme la personne qui utilise la Web afin d\u2019obtenir des informations sur les produits et services propos\u00e9s. En application et en conformit\u00e9 avec le devoir d\u2019information pr\u00e9vu par la Directive 2000\/31\/CE sur la Soci\u00e9t\u00e9 de l\u2019Information, nous vous fournissons les informations suivantes concernant la Web.<\/p>\n<h3 id=\"11-faites-notre-connaissance\">1.1 Faites notre connaissance<\/h3>\n<ul>\n<li>Qui est le titulaire ? BRONPI CALEFACCI\u00d3N SL<\/li>\n<li>Num\u00e9ro d\u2019Identification Fiscale : B14465330<\/li>\n<li>Si\u00e8ge social du titulaire : Carr. C\u00f3rdoba &#8211; M\u00e1laga km. 78  Lucena. C\u00f3rdoba &#8211; 14900, Espagne<\/li>\n<li>E-mail de contact : comercial@bronpi.com<\/li>\n<\/ul>\n<h2 id=\"2-utilisation-du-site-web\">2.  UTILISATION DU SITE WEB<\/h2>\n<h3 id=\"21-acces-au-site-web\">2.1 Acc\u00e8s au Site Web<\/h3>\n<p>Cet Avis L\u00e9gal r\u00e9git l&rsquo;acc\u00e8s et l&rsquo;utilisation de https:\/\/www.bronpi.com que nous mettons \u00e0 ta disposition chez BRONPI CALEFACCI\u00d3N SL. Si tu continues \u00e0 utiliser le Site Web et \u00e0 naviguer dessus, cela implique l&rsquo;acceptation de cet Avis L\u00e9gal.<\/p>\n<p>Notre Site Web est libre d&rsquo;acc\u00e8s et gratuit et, en r\u00e8gle g\u00e9n\u00e9rale, nous n&rsquo;exigeons pas d&rsquo;abonnement ou d&rsquo;inscription pr\u00e9alable. Cependant, certaines sections peuvent n\u00e9cessiter que tu remplisses un formulaire au pr\u00e9alable.<\/p>\n<p>En tant qu&rsquo;Utilisateur, tu t&rsquo;engages \u00e0 faire un usage du Site Web, de ses contenus et de ses services conforme \u00e0 cet Avis L\u00e9gal, \u00e0 la l\u00e9gislation applicable, \u00e0 l&rsquo;ordre public et aux bonnes m\u0153urs, et \u00e0 ne pas faire un usage destin\u00e9 \u00e0 endommager, rendre inutilisable et\/ou surcharger le Site Web, ou qui pourrait emp\u00eacher, de quelque mani\u00e8re que ce soit, l&rsquo;utilisation normale et le fonctionnement de celui-ci.<\/p>\n<p>Chez BRONPI CALEFACCI\u00d3N SL, nous faisons un effort continu pour maintenir le Site Web en bon fonctionnement, en gardant les contenus \u00e0 jour. N\u00e9anmoins, nous ne pouvons garantir la disponibilit\u00e9 compl\u00e8te et la continuit\u00e9 de l&rsquo;acc\u00e8s au Site Web, ni la mise \u00e0 jour de ses contenus.<\/p>\n<p>Si tu as une question relative \u00e0 la Politique de Confidentialit\u00e9 et Cookies ou \u00e0 l&rsquo;Avis L\u00e9gal, tu peux nous contacter via nos canaux habituels de contact et, si tu n&rsquo;es pas d&rsquo;accord avec ceux-ci, nous te demandons de quitter cette page et de ne r\u00e9aliser aucune action.<\/p>\n<h3 id=\"22-limitations-dutilisation-du-site-web\">2.2 Limitations d&rsquo;utilisation du Site Web<\/h3>\n<p>En utilisant le Site Web, tu t&rsquo;engages \u00e0 ne pas :<\/p>\n<ul>\n<li>R\u00e9aliser des actions susceptibles d&rsquo;alt\u00e9rer, d\u00e9t\u00e9riorer, interrompre ou endommager nos syst\u00e8mes \u00e9lectroniques ou ceux de tiers ; ainsi que de ne pas entraver l&rsquo;acc\u00e8s d&rsquo;autres Utilisateurs au Site Web et \u00e0 ses services par la consommation massive des ressources informatiques par lesquelles nous fournissons nos services.<\/li>\n<li>Tenter d&rsquo;acc\u00e9der aux comptes de courrier \u00e9lectronique d&rsquo;autres Utilisateurs ou aux zones restreintes de nos syst\u00e8mes informatiques ou de ceux de tiers et, le cas \u00e9ch\u00e9ant, extraire des informations.<\/li>\n<li>Violer nos droits de propri\u00e9t\u00e9 intellectuelle ou industrielle ou les droits de tiers.<\/li>\n<li>Reproduire, copier, distribuer (ou toute autre forme de communication publique), transformer ou modifier les contenus publi\u00e9s sur le Site Web.<\/li>\n<li>Utiliser tout robot, araign\u00e9e ou autre dispositif, proc\u00e9d\u00e9 ou moyen automatique \u00e0 quelque fin que ce soit, y compris la surveillance ou la copie de tout mat\u00e9riel du Site Web.<\/li>\n<li>Contourner toute mesure que nous pourrions prendre pour \u00e9viter ou restreindre l&rsquo;acc\u00e8s \u00e0 certaines zones du Site Web.<\/li>\n<li>Tenter de toute autre mani\u00e8re d&rsquo;interf\u00e9rer avec le bon fonctionnement du Site Web.<\/li>\n<\/ul>\n<p>Si vous ne respectez pas les dispositions de cet Avis l\u00e9gal ou toute autre condition \u00e9nonc\u00e9e sur ce site Web, nous nous r\u00e9servons le droit de limiter, suspendre et\/ou mettre fin \u00e0 votre acc\u00e8s \u00e0 celui-ci, en pouvant prendre toutes les mesures n\u00e9cessaires \u00e0 cet effet.<\/p>\n<h2 id=\"3-participation-de-lutilisateur\">3. PARTICIPATION DE L&rsquo;UTILISATEUR<\/h2>\n<h3 id=\"31-reseaux-sociaux\">3.1 R\u00e9seaux sociaux<\/h3>\n<p>Chez BRONPI CALEFACCI\u00d3N SL, nous disposons de profils officiels sur diff\u00e9rents r\u00e9seaux sociaux et autres plateformes num\u00e9riques. La participation \u00e0 ces espaces est destin\u00e9e aux personnes majeures de 18 ans ; si vous \u00eates mineur, vous ne pourrez acc\u00e9der et participer qu&rsquo;avec l&rsquo;autorisation expresse de vos tuteurs l\u00e9gaux.<\/p>\n<h3 id=\"a-notre-activite-sur-les-reseaux-sociaux\">a) Notre activit\u00e9 sur les r\u00e9seaux sociaux<\/h3>\n<p>Sur nos profils, nous publions librement et avec notre propre style, en adaptant le contenu \u00e0 chaque plateforme et moment. Les contenus peuvent avoir un caract\u00e8re informatif, divulgatif ou promotionnel et, parfois, inclure des expressions ou messages qui ne doivent pas \u00eatre interpr\u00e9t\u00e9s litt\u00e9ralement ni consid\u00e9r\u00e9s comme une promesse ou une garantie de la part de BRONPI CALEFACCI\u00d3N SL.<\/p>\n<p>\u00c0 travers ces espaces, nous partageons des informations et des nouveaut\u00e9s sur notre activit\u00e9 et encourageons la participation et l&rsquo;\u00e9change d&rsquo;opinions. Si un contenu vous semble inappropri\u00e9 ou si vous consid\u00e9rez qu&rsquo;il peut \u00eatre offensant, vous pouvez nous en informer et nous le r\u00e9viserons.<\/p>\n<h3 id=\"b-droits-sur-les-contenus-publies\">b) Droits sur les contenus publi\u00e9s<\/h3>\n<p>Les textes, images, vid\u00e9os ou autres contenus que nous publions sur nos profils officiels sont la propri\u00e9t\u00e9 de BRONPI CALEFACCI\u00d3N SL ou de tiers qui nous ont autoris\u00e9s \u00e0 les utiliser, et sont prot\u00e9g\u00e9s par les droits de propri\u00e9t\u00e9 intellectuelle ou industrielle correspondants.<\/p>\n<p>Le fait que vous puissiez commenter ou partager nos publications n&rsquo;implique en aucun cas la cession de droits, ni n&rsquo;autorise leur utilisation \u00e0 des fins autres que celles de BRONPI CALEFACCI\u00d3N SL.<\/p>\n<p>Si vous interagissez avec nos profils ou nous mentionnez dans vos propres publications, vous nous autorisez \u00e0 partager, citer ou republier ce contenu au sein de nos r\u00e9seaux sociaux ou canaux num\u00e9riques, tout en respectant vos droits et sans que cela implique une contrepartie financi\u00e8re.<\/p>\n<h3 id=\"c-regles-de-publication\">c) R\u00e8gles de publication<\/h3>\n<p>En tant qu&rsquo;Utilisateur, vous \u00eates le seul responsable du contenu que vous publiez sur nos profils ou que vous incluez dans vos propres publications lorsque vous nous mentionnez.<br>\nPour cette raison, nous vous demandons que vos publications ne :<\/p>\n<ul>\n<li>Contiennent pas d&rsquo;insultes, menaces, harc\u00e8lement, messages offensants, discriminatoires, ill\u00e9gaux ou portant atteinte \u00e0 la dignit\u00e9 des personnes.  <\/li>\n<li>Diffusent des donn\u00e9es personnelles vous concernant ou concernant autrui (comme adresses, t\u00e9l\u00e9phones, courriels ou donn\u00e9es bancaires).  <\/li>\n<li>Constituent du spam, de la publicit\u00e9 d\u00e9guis\u00e9e ou montrent des images inappropri\u00e9es de mineurs.  <\/li>\n<li>Promeuvent des comportements dangereux ou inappropri\u00e9s.  <\/li>\n<li>Partagez uniquement du contenu qui vous appartient ou pour lequel vous avez une autorisation, en citant toujours la source lorsque cela est appropri\u00e9.<\/li>\n<\/ul>\n<p>Depuis BRONPI CALEFACCI\u00d3N SL, nous pourrons supprimer, sans pr\u00e9avis, tout contenu qui enfreint ces r\u00e8gles ou perturbe la coexistence, et bloquer les profils responsables.<\/p>\n<h3 id=\"d-concours-promotions-et-campagnes\">d) Concours, promotions et campagnes<\/h3>\n<p>De mani\u00e8re ponctuelle, nous pourrons organiser des concours, tirages au sort ou d\u2019autres initiatives sur nos r\u00e9seaux sociaux. Chaque action disposera de bases l\u00e9gales sp\u00e9cifiques qui seront publi\u00e9es de mani\u00e8re transparente sur les canaux habituels.<\/p>\n<h3 id=\"e-relation-avec-dautres-profils\">e) Relation avec d\u2019autres profils<\/h3>\n<p>Le fait que nous suivions d\u2019autres profils sur les r\u00e9seaux sociaux n\u2019implique pas n\u00e9cessairement une relation, collaboration ou soutien envers ces comptes. De m\u00eame, que d\u2019autres comptes nous suivent ne signifie aucune liaison avec eux.<\/p>\n<p>Si un influenceur ou cr\u00e9ateur de contenu collabore avec nous, il devra clairement identifier lorsqu\u2019une publication est publicitaire ou sponsoris\u00e9e.<\/p>\n<h3 id=\"32-avis-et-evaluations\">3.2 Avis et \u00e9valuations<\/h3>\n<p>Chez BRONPI CALEFACCI\u00d3N SL, nous permettons aux Utilisateurs de partager leur exp\u00e9rience via des avis, \u00e9valuations et commentaires (ci-apr\u00e8s, les \u00ab Avis \u00bb). Ces Avis ont pour but d\u2019aider d\u2019autres Utilisateurs \u00e0 prendre des d\u00e9cisions \u00e9clair\u00e9es.<\/p>\n<p>En envoyant un Avis, vous acceptez express\u00e9ment cet Avis L\u00e9gal et la <a href=\"https:\/\/lawwwing.com\/documents\/17e0d356-0362-483c-8ca3-b5477e20439b\/privacy-policy\/fr\/\" target=\"_blank\" rel=\"noopener\">Politique de Confidentialit\u00e9 et Cookies<\/a>, et vous d\u00e9clarez que :<\/p>\n<ul>\n<li>Vous \u00eates majeur.<\/li>\n<li>Vous \u00eates l\u2019auteur original du contenu ou disposez des autorisations n\u00e9cessaires pour sa publication.<\/li>\n<li>L\u2019Avis refl\u00e8te une exp\u00e9rience personnelle r\u00e9elle, soit la v\u00f4tre, soit celle de personnes de votre entourage pour lesquelles vous avez l\u2019autorisation de partager cette exp\u00e9rience.<\/li>\n<li>Vous n\u2019avez re\u00e7u aucun paiement, cadeau, incitation ou contrepartie pour \u00e9mettre l\u2019Avis, sauf dans le cas d\u2019avis sponsoris\u00e9s ou issus d\u2019accords commerciaux officiels avec nous, lesquels seront clairement identifi\u00e9s comme contenu incitatif ou collaborations promotionnelles.<\/li>\n<li>Le contenu ne porte pas atteinte aux droits de tiers (y compris droits d\u2019auteur, image, protection des donn\u00e9es, secrets d\u2019affaires ou droit \u00e0 l\u2019honneur).<\/li>\n<li>Vous n\u2019incluez pas de donn\u00e9es personnelles (telles que noms complets, adresses, courriels, t\u00e9l\u00e9phones, num\u00e9ros de r\u00e9servation, identifiants de contrat ou similaires) vous appartenant ou appartenant \u00e0 des tiers.<\/li>\n<li>Vous vous abstenez d\u2019inclure des images ou r\u00e9f\u00e9rences \u00e0 des mineurs.<\/li>\n<li>Vous renoncez \u00e0 tout droit moral pouvant d\u00e9couler de la publication du contenu.<\/li>\n<li>Vous acceptez que, lorsque le syst\u00e8me l\u2019exige, il puisse vous \u00eatre demand\u00e9 un pseudonyme, qui pourra \u00eatre visible avec l\u2019Avis.<\/li>\n<\/ul>\n<h3 id=\"a-moderation-et-publication\">a) Mod\u00e9ration et publication<\/h3>\n<p>Chez BRONPI CALEFACCI\u00d3N SL, nous pourrons examiner les Avis, tant par des syst\u00e8mes automatis\u00e9s que par des m\u00e9thodes manuelles, avant ou apr\u00e8s leur publication.<\/p>\n<p>Nous nous r\u00e9servons \u00e9galement le droit de les supprimer ou de les rejeter, totalement ou partiellement et sans pr\u00e9avis, si :<\/p>\n<ul>\n<li>Ils sont faux, trompeurs, inexacts ou ne reposent pas sur une exp\u00e9rience r\u00e9elle.<\/li>\n<li>Ils contiennent un langage offensant, diffamatoire, mena\u00e7ant, discriminatoire, sexiste, raciste ou incitant \u00e0 la haine ou \u00e0 la violence.<\/li>\n<li>Ils incluent de la publicit\u00e9, du spam, des liens, des prix, des comparaisons externes ou d\u2019autres fins commerciales.<\/li>\n<li>Ils contiennent des virus ou des \u00e9l\u00e9ments techniques potentiellement nuisibles.<\/li>\n<li>Ils font r\u00e9f\u00e9rence \u00e0 des probl\u00e8mes d\u2019acc\u00e8s ou d\u2019utilisation, paiements, annulations ou d\u00e9marches administratives, qui doivent \u00eatre trait\u00e9s via les canaux de contact habilit\u00e9s.<\/li>\n<li>Ils contiennent des donn\u00e9es personnelles de toute nature ou des donn\u00e9es sensibles conform\u00e9ment \u00e0 l\u2019article 9 du R\u00e8glement (UE) 2016\/679 (comme la sant\u00e9, les convictions, l\u2019orientation sexuelle, etc.).<\/li>\n<li>Ils constituent des attaques envers d\u2019autres Utilisateurs ou d\u2019autres Avis.<\/li>\n<\/ul>\n<p>Bien que nous puissions corriger des erreurs orthographiques ou de format qui n\u2019alt\u00e8rent pas le contenu, ainsi que supprimer des donn\u00e9es personnelles incluses par erreur, nous publierons aussi bien les avis positifs que n\u00e9gatifs qui respectent ces exigences et r\u00e9pondent aux m\u00eames crit\u00e8res de mod\u00e9ration.<\/p>\n<h3 id=\"b-verification-et-publication-des-avis\">b) V\u00e9rification et publication des avis<\/h3>\n<p>Lorsque nous pouvons v\u00e9rifier que l\u2019Avis correspond \u00e0 une exp\u00e9rience r\u00e9elle, via les donn\u00e9es de l\u2019Utilisateur, l\u2019adresse e-mail li\u00e9e au compte ou un autre m\u00e9canisme de validation technique, nous pourrons l\u2019afficher identifi\u00e9 comme v\u00e9rifi\u00e9 et vous informerons de la m\u00e9thode de v\u00e9rification appliqu\u00e9e.<\/p>\n<p>Une fois publi\u00e9s, nous vous informerons des crit\u00e8res utilis\u00e9s pour d\u00e9terminer leur ordre d\u2019apparition, bas\u00e9s sur des param\u00e8tres objectifs tels que la date de publication, la pertinence ou l\u2019utilit\u00e9. En aucun cas, nous ne modifierons le contenu ni la note originale.<\/p>\n<h3 id=\"c-droits-dutilisation-des-avis\">c) Droits d\u2019utilisation des Avis<\/h3>\n<p>En envoyant un Avis, vous nous accordez, gratuitement, de mani\u00e8re non exclusive et sans limitation territoriale ou temporelle, une licence pour utiliser, reproduire, adapter, traduire, communiquer publiquement ou distribuer l\u2019Avis, sur tout support ou format, y compris sites web, r\u00e9seaux sociaux, communications commerciales, points de vente et, en particulier, \u00e9galement \u00e0 des fins publicitaires ou promotionnelles.<\/p>\n<p>Cette licence ne vous donne pas droit \u00e0 une r\u00e9mun\u00e9ration et restera en vigueur tant que le contenu restera utile aux fins d\u00e9crites.<\/p>\n<h3 id=\"d-retrait-modification-et-revocation\">d) Retrait, modification et r\u00e9vocation<\/h3>\n<p>Vous pouvez \u00e0 tout moment demander le retrait, l\u2019anonymisation ou la modification de votre Avis, en contactant comercial@bronpi.com. Vous pouvez \u00e9galement r\u00e9voquer le consentement accord\u00e9 pour son utilisation, sans pr\u00e9judice des traitements d\u00e9j\u00e0 r\u00e9alis\u00e9s conform\u00e9ment \u00e0 la loi.<\/p>\n<h2 id=\"4-propriete-intellectuelle-etou-industrielle\">4. PROPRI\u00c9T\u00c9 INTELLECTUELLE ET\/OU INDUSTRIELLE<\/h2>\n<p>Le site Web, les contenus et fonctionnalit\u00e9s qui y sont li\u00e9s, le design de https:\/\/www.bronpi.com ainsi que les bases de donn\u00e9es, les logiciels, les diff\u00e9rents \u00e9l\u00e9ments qui composent le site web (textes, graphiques, photographies, vid\u00e9os, enregistrements sonores, combinaisons de couleurs, disposition et s\u00e9lection, etc.), et les signes distinctifs (logos, marques d\u00e9pos\u00e9es et noms commerciaux) apparaissant sur le site Web sont la propri\u00e9t\u00e9 de BRONPI CALEFACCI\u00d3N SL ou des titulaires des licences respectives et sont prot\u00e9g\u00e9s par les droits de propri\u00e9t\u00e9 intellectuelle et industrielle correspondants.<\/p>\n<p>En aucun cas, l&rsquo;acc\u00e8s au site Web ne suppose la cession d&rsquo;aucun droit de propri\u00e9t\u00e9 intellectuelle et\/ou industrielle sur celui-ci ou ses contenus.<\/p>\n<h2 id=\"5-responsabilite\">5. RESPONSABILIT\u00c9<\/h2>\n<h3 id=\"51-concernant-linformation\">5.1 Concernant l&rsquo;information<\/h3>\n<p>Le contenu du site Web est de nature g\u00e9n\u00e9rale et a une finalit\u00e9 informative. Nous ne garantissons pas son exhaustivit\u00e9, exactitude, actualit\u00e9 ou utilit\u00e9 pour un objectif sp\u00e9cifique.<\/p>\n<h3 id=\"52-concernant-les-contenus-et-services-tiers-lies\">5.2 Concernant les contenus et services tiers li\u00e9s<\/h3>\n<p>En aucun cas l&rsquo;existence de sites li\u00e9s, d&rsquo;int\u00e9grations, de la pr\u00e9sence de plugins ou de m\u00e9canismes de recherche ne suppose une recommandation ou promotion des sites li\u00e9s ou de leurs contenus de notre part. Par cons\u00e9quent, nous ne sommes pas responsables du contenu, des d\u00e9clarations ou des services fournis par les sites web tiers.<\/p>\n<p>Nous vous proposons ces liens et informations et\/ou services car nous estimons qu&rsquo;ils peuvent vous int\u00e9resser, mais il vous appartient de lire et d&rsquo;accepter les Conditions d&rsquo;Utilisation et les Politiques de Confidentialit\u00e9 publi\u00e9es sur ces sites web ou applications li\u00e9s.<\/p>\n<p>En tout \u00e9tat de cause, nous proc\u00e9derons au retrait imm\u00e9diat de tout lien lorsque les contenus vers lesquels il redirige pourraient contrevenir \u00e0 la l\u00e9gislation nationale ou internationale, \u00e0 la morale ou \u00e0 l&rsquo;ordre public. Si vous consid\u00e9rez qu&rsquo;il existe un site web li\u00e9 avec des contenus illicites ou inappropri\u00e9s, nous vous demandons de nous en informer afin que nous puissions prendre les mesures que nous jugerons appropri\u00e9es.<\/p>\n<h3 id=\"53-concernant-les-contenus-et-publications-sur-les-reseaux-sociaux\">5.3 Concernant les contenus et publications sur les r\u00e9seaux sociaux<\/h3>\n<p>Chez BRONPI CALEFACCI\u00d3N SL, nous ne sommes pas responsables des effets, dommages, pr\u00e9judices ou cons\u00e9quences d\u00e9coulant de l&rsquo;utilisation, diffusion ou modification des contenus publi\u00e9s sur nos profils officiels par des tiers, en particulier lorsqu&rsquo;ils sont partag\u00e9s hors de leur contexte original.<\/p>\n<p>Nous n\u2019effectuons pas de surveillance continue du contenu publi\u00e9 par les Utilisateurs, ni n\u2019avons de contr\u00f4le sur ce qui est partag\u00e9 sur des profils tiers, c\u2019est pourquoi nous ne pouvons \u00eatre tenus responsables de ces publications ni des cons\u00e9quences qu\u2019elles pourraient entra\u00eener pour vous ou pour d\u2019autres personnes.<\/p>\n<p>Tout contenu que vous partagez doit \u00eatre conforme \u00e0 la l\u00e9gislation en vigueur, aux r\u00e8gles d\u2019utilisation du r\u00e9seau social correspondant ainsi qu\u2019aux dispositions du pr\u00e9sent Avis L\u00e9gal et de la Politique de Confidentialit\u00e9 et Cookies](https:\/\/lawwwing.com\/documents\/17e0d356-0362-483c-8ca3-b5477e20439b\/privacy-policy\/fr\/).<\/p>\n<p>En tout \u00e9tat de cause, si nous d\u00e9tectons ou recevons un avis indiquant qu\u2019un contenu publi\u00e9 sur nos profils est offensant, ill\u00e9gal ou contraire aux r\u00e8gles de bonne conduite, nous pourrons le supprimer, bloquer l\u2019Utilisateur et prendre les mesures appropri\u00e9es.<\/p>\n<h3 id=\"54-a-propos-des-avis-et-evaluations-des-utilisateurs\">5.4 \u00c0 propos des Avis et \u00c9valuations des Utilisateurs<\/h3>\n<p>Les avis et \u00e9valuations publi\u00e9s par les Utilisateurs refl\u00e8tent des opinions personnelles, ils ne constituent donc pas des d\u00e9clarations, recommandations ou garanties \u00e9mises par nous.\nEn tant qu\u2019Utilisateur, vous \u00eates seul responsable du contenu de votre Avis et de toute cons\u00e9quence juridique qui en d\u00e9coule. Chez BRONPI CALEFACCI\u00d3N SL, nous d\u00e9clinons toute responsabilit\u00e9 quant \u00e0 leur v\u00e9racit\u00e9, exactitude ou utilit\u00e9.<\/p>\n<h3 id=\"55-de-la-disponibilite-du-site-web\">5.5 De la disponibilit\u00e9 du Site Web<\/h3>\n<p>Nous avons adopt\u00e9, et continuerons d\u2019adopter, toutes les mesures n\u00e9cessaires, dans la limite de nos possibilit\u00e9s et de l\u2019\u00e9tat de la technologie, pour garantir le bon fonctionnement du Site Web et \u00e9viter la pr\u00e9sence de composants nuisibles. Cependant, nous ne serons pas responsables des dommages et pr\u00e9judices que pourrait vous causer, \u00e0 vous ou \u00e0 des tiers, l\u2019impossibilit\u00e9 d\u2019acc\u00e9der au Site Web, ainsi que la pr\u00e9sence de virus ou d\u2019autres \u00e9l\u00e9ments nuisibles.<\/p>\n<h2 id=\"6-service-clientele\">6. SERVICE CLIENT\u00c8LE<\/h2>\n<p>Pour toute question, suggestion, consultation ou r\u00e9clamation concernant le Site Web, vous pouvez contacter notre service client\u00e8le par l\u2019un des moyens suivants :<\/p>\n<ul>\n<li><strong>Courriel<\/strong> : comercial@bronpi.com<\/li>\n<li><strong>Courrier postal \u00e0 l\u2019adresse suivante<\/strong> : Carretera C\u00f3rdoba &#8211; M\u00e1laga, km. 78, 2, 14900 Lucena, Espa\u00f1a<\/li>\n<li><strong>Horaires<\/strong> : L-J 9:30 &#8211; 13:30; 16:00 &#8211; 18:00 V 7:00 &#8211; 15:00<\/li>\n<\/ul>\n<p>Ou par les moyens de contact alternatifs suivants :<\/p>\n<ul>\n<li><strong>Instagram<\/strong> : @bronpi_calefaccion<\/li>\n<li><strong>Facebook<\/strong> : @bronpicalefaccion<\/li>\n<li><strong>LinkedIn<\/strong> : @bronpi-calefaccion-sl<\/li>\n<li><strong>T\u00e9l\u00e9fono<\/strong> : +34 957 502 750<\/li>\n<li><strong>Email<\/strong> : comercial@bronpi.com<\/li>\n<\/ul>\n<p>Nous vous assisterons et r\u00e9pondrons dans les plus brefs d\u00e9lais et, en tout cas, dans un d\u00e9lai maximal d\u2019un mois.<\/p>\n<h2 id=\"7-dispositions-diverses\">7. DISPOSITIONS DIVERSES<\/h2>\n<h3 id=\"71-independance-et-integrite-des-clauses\">7.1 Ind\u00e9pendance et int\u00e9grit\u00e9 des clauses<\/h3>\n<p>L\u2019illic\u00e9it\u00e9, l\u2019invalidit\u00e9 ou l\u2019inefficacit\u00e9 de l\u2019une quelconque des clauses composant le pr\u00e9sent Avis L\u00e9gal n\u2019affectera pas l\u2019efficacit\u00e9 des autres, \u00e0 condition que les droits et obligations ne soient pas affect\u00e9s de mani\u00e8re essentielle. Ces clauses devront \u00eatre remplac\u00e9es ou compl\u00e9t\u00e9es par d\u2019autres qui, conformes \u00e0 la loi, r\u00e9pondent \u00e0 la finalit\u00e9 des clauses remplac\u00e9es.<\/p>\n<h3 id=\"72-modification-de-lavis-legal\">7.2 Modification de l\u2019Avis L\u00e9gal<\/h3>\n<p>Cet Avis L\u00e9gal a \u00e9t\u00e9 mis \u00e0 jour pour la derni\u00e8re fois le 06\/11\/2025. Nous pourrons r\u00e9viser et mettre \u00e0 jour cet Avis L\u00e9gal \u00e0 tout moment et vous en informerons par les moyens habituels, mais d\u00e8s lors qu\u2019ils affectent des \u00e9l\u00e9ments mat\u00e9riels, ils ne prendront effet qu\u2019apr\u00e8s 14 jours de leur publication.<\/p>\n<h3 id=\"73-juridiction-et-loi-applicable\">7.3 Juridiction et loi applicable<\/h3>\n<p>L\u2019acc\u00e8s et l\u2019utilisation de https:\/\/www.bronpi.com seront r\u00e9gis par les dispositions de la l\u00e9gislation espagnole. Tout litige ou controverse sera r\u00e9solu par les tribunaux de Lucena avec renonciation expresse \u00e0 tout autre for qui pourrait vous correspondre, sauf dans le cas o\u00f9 vous avez la qualit\u00e9 de consommateur, auquel cas la comp\u00e9tence reviendra aux tribunaux de votre domicile.<\/p>\n          <\/div><\/div>\n            <\/section>\n","protected":false},"excerpt":{"rendered":"","protected":false},"author":1,"featured_media":0,"parent":0,"menu_order":0,"comment_status":"closed","ping_status":"closed","template":"","meta":{"footnotes":""},"class_list":["post-767","page","type-page","status-publish","hentry"],"_links":{"self":[{"href":"https:\/\/bronpi.com\/fr\/wp-json\/wp\/v2\/pages\/767","targetHints":{"allow":["GET"]}}],"collection":[{"href":"https:\/\/bronpi.com\/fr\/wp-json\/wp\/v2\/pages"}],"about":[{"href":"https:\/\/bronpi.com\/fr\/wp-json\/wp\/v2\/types\/page"}],"author":[{"embeddable":true,"href":"https:\/\/bronpi.com\/fr\/wp-json\/wp\/v2\/users\/1"}],"replies":[{"embeddable":true,"href":"https:\/\/bronpi.com\/fr\/wp-json\/wp\/v2\/comments?post=767"}],"version-history":[{"count":5,"href":"https:\/\/bronpi.com\/fr\/wp-json\/wp\/v2\/pages\/767\/revisions"}],"predecessor-version":[{"id":11786,"href":"https:\/\/bronpi.com\/fr\/wp-json\/wp\/v2\/pages\/767\/revisions\/11786"}],"wp:attachment":[{"href":"https:\/\/bronpi.com\/fr\/wp-json\/wp\/v2\/media?parent=767"}],"curies":[{"name":"wp","href":"https:\/\/api.w.org\/{rel}","templated":true}]}}