{"id":10314,"date":"2025-09-02T08:13:40","date_gmt":"2025-09-02T06:13:40","guid":{"rendered":"https:\/\/bronpi.com\/product\/kit-wifi-1\/"},"modified":"2026-03-27T07:11:03","modified_gmt":"2026-03-27T06:11:03","slug":"kit-wifi-1","status":"publish","type":"product","link":"https:\/\/bronpi.com\/fr\/produit\/kit-wifi-1\/","title":{"rendered":"KIT WIFI 1"},"content":{"rendered":"<p>CONTR\u00d4LEZ MAINTENANT VOTRE PO\u00caLE \u00c9GALEMENT VIA BLUETOOTH AVEC LE KIT WIFI<\/p>\n<p>Avec le KIT WIFI il est d\u00e9sormais possible de contr\u00f4ler votre po\u00eale via n\u2019importe quel appareil disposant d\u2019un acc\u00e8s internet (ordinateur, mobile, tablette..).<\/p>\n<p>Via une application, vous acc\u00e9derez \u00e0 votre po\u00eale\/chaudi\u00e8re pour conna\u00eetre son \u00e9tat, modifier la temp\u00e9rature et la puissance, allumer et \u00e9teindre, programmer des allumages et d\u00e9saccoutumances quotidiens, etc<\/p>\n<p>Vous devrez disposer d\u2019internet wifi sur place.<\/p>\n<p>Ref. KIT WIFI 1: NICOL, TINA, NINA, KIRA, RITA, PRINCESA, NOA, TAVIRA, BRUNO-SLIM, NEVA, LUPE, CIRA, CLEO, DORA, ADRY, ABRIL-EXTRA, CORAL, EVA, ADEL, ALPES HYDRO, NOA-HYDRO.<\/p>\n","protected":false},"excerpt":{"rendered":"<p>Module WIFI-1 pour commande \u00e0 distance<\/p>\n","protected":false},"featured_media":7045,"template":"","meta":[],"product_brand":[],"product_cat":[276,272],"product_tag":[],"class_list":{"0":"post-10314","1":"product","2":"type-product","3":"status-publish","4":"has-post-thumbnail","6":"product_cat-accessoires-fr","7":"product_cat-accessoires-pour-granules-fr","9":"first","10":"instock","11":"shipping-taxable","12":"product-type-simple"},"_links":{"self":[{"href":"https:\/\/bronpi.com\/fr\/wp-json\/wp\/v2\/product\/10314","targetHints":{"allow":["GET"]}}],"collection":[{"href":"https:\/\/bronpi.com\/fr\/wp-json\/wp\/v2\/product"}],"about":[{"href":"https:\/\/bronpi.com\/fr\/wp-json\/wp\/v2\/types\/product"}],"wp:featuredmedia":[{"embeddable":true,"href":"https:\/\/bronpi.com\/fr\/wp-json\/wp\/v2\/media\/7045"}],"wp:attachment":[{"href":"https:\/\/bronpi.com\/fr\/wp-json\/wp\/v2\/media?parent=10314"}],"wp:term":[{"taxonomy":"product_brand","embeddable":true,"href":"https:\/\/bronpi.com\/fr\/wp-json\/wp\/v2\/product_brand?post=10314"},{"taxonomy":"product_cat","embeddable":true,"href":"https:\/\/bronpi.com\/fr\/wp-json\/wp\/v2\/product_cat?post=10314"},{"taxonomy":"product_tag","embeddable":true,"href":"https:\/\/bronpi.com\/fr\/wp-json\/wp\/v2\/product_tag?post=10314"}],"curies":[{"name":"wp","href":"https:\/\/api.w.org\/{rel}","templated":true}]}}