{"id":10335,"date":"2025-09-02T07:45:00","date_gmt":"2025-09-02T05:45:00","guid":{"rendered":"https:\/\/bronpi.com\/product\/vanne-thermostatique-de-refroidissement\/"},"modified":"2025-09-02T07:45:00","modified_gmt":"2025-09-02T05:45:00","slug":"vanne-thermostatique-de-refroidissement","status":"publish","type":"product","link":"https:\/\/bronpi.com\/fr\/produit\/vanne-thermostatique-de-refroidissement\/","title":{"rendered":"VANNE THERMOSTATIQUE DE REFROIDISSEMENT"},"content":{"rendered":"<p>Vanne dont la fonction est d&rsquo;\u00e9viter la surchauffe de l&rsquo;installation dans les chaudi\u00e8res \u00e0 biomasse.<br \/>\nLa vanne est normalement ferm\u00e9e, mais lorsque le fluide atteint la temp\u00e9rature pr\u00e9r\u00e9gl\u00e9e (environ 95\u00baC), les deux sections commencent \u00e0 s&rsquo;ouvrir, \u00e9vacuant l&rsquo;eau chaude par la section inf\u00e9rieure et introduisant simultan\u00e9ment de l&rsquo;eau du r\u00e9seau \u00ab froide \u00bb vers le retour par la section sup\u00e9rieure.<br \/>\nLorsque la temp\u00e9rature du fluide baisse, la vanne commence \u00e0 fermer les deux sections.<note from=\"otgs-segmenter\"><\/note><\/p>\n<p>VAL-05VAL-05<\/p>\n","protected":false},"excerpt":{"rendered":"<p>VAL-05<\/p>\n","protected":false},"featured_media":7025,"template":"","meta":[],"product_brand":[],"product_cat":[276],"product_tag":[],"class_list":{"0":"post-10335","1":"product","2":"type-product","3":"status-publish","4":"has-post-thumbnail","6":"product_cat-accessoires-fr","8":"first","9":"instock","10":"shipping-taxable","11":"product-type-simple"},"_links":{"self":[{"href":"https:\/\/bronpi.com\/fr\/wp-json\/wp\/v2\/product\/10335","targetHints":{"allow":["GET"]}}],"collection":[{"href":"https:\/\/bronpi.com\/fr\/wp-json\/wp\/v2\/product"}],"about":[{"href":"https:\/\/bronpi.com\/fr\/wp-json\/wp\/v2\/types\/product"}],"wp:featuredmedia":[{"embeddable":true,"href":"https:\/\/bronpi.com\/fr\/wp-json\/wp\/v2\/media\/7025"}],"wp:attachment":[{"href":"https:\/\/bronpi.com\/fr\/wp-json\/wp\/v2\/media?parent=10335"}],"wp:term":[{"taxonomy":"product_brand","embeddable":true,"href":"https:\/\/bronpi.com\/fr\/wp-json\/wp\/v2\/product_brand?post=10335"},{"taxonomy":"product_cat","embeddable":true,"href":"https:\/\/bronpi.com\/fr\/wp-json\/wp\/v2\/product_cat?post=10335"},{"taxonomy":"product_tag","embeddable":true,"href":"https:\/\/bronpi.com\/fr\/wp-json\/wp\/v2\/product_tag?post=10335"}],"curies":[{"name":"wp","href":"https:\/\/api.w.org\/{rel}","templated":true}]}}