{"id":10340,"date":"2025-09-02T07:34:39","date_gmt":"2025-09-02T05:34:39","guid":{"rendered":"https:\/\/bronpi.com\/product\/vanne-de-decharge-thermique\/"},"modified":"2025-09-02T07:34:39","modified_gmt":"2025-09-02T05:34:39","slug":"vanne-de-decharge-thermique","status":"publish","type":"product","link":"https:\/\/bronpi.com\/fr\/produit\/vanne-de-decharge-thermique\/","title":{"rendered":"VANNE DE D\u00c9CHARGE THERMIQUE"},"content":{"rendered":"<p>Accessoire indispensable pour compl\u00e9ter le syst\u00e8me anti-\u00e9bullition comme protection thermique.<\/p>\n<p>La vanne est dot\u00e9e d&rsquo;une sonde de temp\u00e9rature qui, lorsqu&rsquo;elle atteint une certaine limite, normalement autour de 92 ou 93 \u00baC, active la vanne, permettant \u00e0 l&rsquo;eau froide du r\u00e9seau de la traverser et de la diriger vers le serpentin de refroidissement, garantissant ainsi que m\u00eame en cas de coupure de courant et de non-fonctionnement des pompes de circulation, la chaudi\u00e8re ne surchauffe pas.<\/p>\n","protected":false},"excerpt":{"rendered":"<p>VAL-01 (Syst\u00e8me anti-\u00e9bullition)<\/p>\n","protected":false},"featured_media":7031,"template":"","meta":[],"product_brand":[],"product_cat":[276],"product_tag":[],"class_list":{"0":"post-10340","1":"product","2":"type-product","3":"status-publish","4":"has-post-thumbnail","6":"product_cat-accessoires-fr","8":"first","9":"instock","10":"shipping-taxable","11":"product-type-simple"},"_links":{"self":[{"href":"https:\/\/bronpi.com\/fr\/wp-json\/wp\/v2\/product\/10340","targetHints":{"allow":["GET"]}}],"collection":[{"href":"https:\/\/bronpi.com\/fr\/wp-json\/wp\/v2\/product"}],"about":[{"href":"https:\/\/bronpi.com\/fr\/wp-json\/wp\/v2\/types\/product"}],"wp:featuredmedia":[{"embeddable":true,"href":"https:\/\/bronpi.com\/fr\/wp-json\/wp\/v2\/media\/7031"}],"wp:attachment":[{"href":"https:\/\/bronpi.com\/fr\/wp-json\/wp\/v2\/media?parent=10340"}],"wp:term":[{"taxonomy":"product_brand","embeddable":true,"href":"https:\/\/bronpi.com\/fr\/wp-json\/wp\/v2\/product_brand?post=10340"},{"taxonomy":"product_cat","embeddable":true,"href":"https:\/\/bronpi.com\/fr\/wp-json\/wp\/v2\/product_cat?post=10340"},{"taxonomy":"product_tag","embeddable":true,"href":"https:\/\/bronpi.com\/fr\/wp-json\/wp\/v2\/product_tag?post=10340"}],"curies":[{"name":"wp","href":"https:\/\/api.w.org\/{rel}","templated":true}]}}