{"id":10343,"date":"2025-09-02T07:37:06","date_gmt":"2025-09-02T05:37:06","guid":{"rendered":"https:\/\/bronpi.com\/product\/vanne-thermostatique-anticondensation\/"},"modified":"2025-09-02T07:37:06","modified_gmt":"2025-09-02T05:37:06","slug":"vanne-thermostatique-anticondensation","status":"publish","type":"product","link":"https:\/\/bronpi.com\/fr\/produit\/vanne-thermostatique-anticondensation\/","title":{"rendered":"VANNE THERMOSTATIQUE ANTICONDENSATION"},"content":{"rendered":"<p>La vanne permet de maintenir constante la temp\u00e9rature de l&rsquo;eau de retour \u00e0 la chaudi\u00e8re \u00e0 une valeur s\u00e9lectionn\u00e9e de 55\u00ba C.<\/p>\n<p>VAL-02 : Vanne thermostatique anti-condensation 3 x 1\u201d<br \/>\nVAL-03 : Vanne thermostatique anti-condensation 3 x 1 \u00bc\u201d<\/p>\n","protected":false},"excerpt":{"rendered":"<p>VAL-02 | VAL-03<\/p>\n","protected":false},"featured_media":7020,"template":"","meta":[],"product_brand":[],"product_cat":[276],"product_tag":[],"class_list":{"0":"post-10343","1":"product","2":"type-product","3":"status-publish","4":"has-post-thumbnail","6":"product_cat-accessoires-fr","8":"first","9":"instock","10":"shipping-taxable","11":"product-type-simple"},"_links":{"self":[{"href":"https:\/\/bronpi.com\/fr\/wp-json\/wp\/v2\/product\/10343","targetHints":{"allow":["GET"]}}],"collection":[{"href":"https:\/\/bronpi.com\/fr\/wp-json\/wp\/v2\/product"}],"about":[{"href":"https:\/\/bronpi.com\/fr\/wp-json\/wp\/v2\/types\/product"}],"wp:featuredmedia":[{"embeddable":true,"href":"https:\/\/bronpi.com\/fr\/wp-json\/wp\/v2\/media\/7020"}],"wp:attachment":[{"href":"https:\/\/bronpi.com\/fr\/wp-json\/wp\/v2\/media?parent=10343"}],"wp:term":[{"taxonomy":"product_brand","embeddable":true,"href":"https:\/\/bronpi.com\/fr\/wp-json\/wp\/v2\/product_brand?post=10343"},{"taxonomy":"product_cat","embeddable":true,"href":"https:\/\/bronpi.com\/fr\/wp-json\/wp\/v2\/product_cat?post=10343"},{"taxonomy":"product_tag","embeddable":true,"href":"https:\/\/bronpi.com\/fr\/wp-json\/wp\/v2\/product_tag?post=10343"}],"curies":[{"name":"wp","href":"https:\/\/api.w.org\/{rel}","templated":true}]}}