{"id":10348,"date":"2025-09-01T11:05:35","date_gmt":"2025-09-01T09:05:35","guid":{"rendered":"https:\/\/bronpi.com\/product\/grille-de-protection-de-la-vitre-2\/"},"modified":"2025-09-01T11:05:35","modified_gmt":"2025-09-01T09:05:35","slug":"grille-de-protection-de-la-vitre-2","status":"publish","type":"product","link":"https:\/\/bronpi.com\/fr\/produit\/grille-de-protection-de-la-vitre-2\/","title":{"rendered":"GRILLE DE PROTECTION DE LA VITRE"},"content":{"rendered":"<p>Grille de protection pour vitre en tiges d&rsquo;acier chrom\u00e9.<br \/>Fixation \u00e0 l&rsquo;appareil au moyen d&rsquo;aimants mobiles dans diff\u00e9rentes positions. V\u00e9rifiez les mod\u00e8les compatibles.<\/p>\n","protected":false},"excerpt":{"rendered":"<p>En tiges d&rsquo;acier chrom\u00e9<\/p>\n","protected":false},"featured_media":7196,"template":"","meta":[],"product_brand":[],"product_cat":[276],"product_tag":[],"class_list":{"0":"post-10348","1":"product","2":"type-product","3":"status-publish","4":"has-post-thumbnail","6":"product_cat-accessoires-fr","8":"first","9":"instock","10":"shipping-taxable","11":"product-type-simple"},"_links":{"self":[{"href":"https:\/\/bronpi.com\/fr\/wp-json\/wp\/v2\/product\/10348","targetHints":{"allow":["GET"]}}],"collection":[{"href":"https:\/\/bronpi.com\/fr\/wp-json\/wp\/v2\/product"}],"about":[{"href":"https:\/\/bronpi.com\/fr\/wp-json\/wp\/v2\/types\/product"}],"wp:featuredmedia":[{"embeddable":true,"href":"https:\/\/bronpi.com\/fr\/wp-json\/wp\/v2\/media\/7196"}],"wp:attachment":[{"href":"https:\/\/bronpi.com\/fr\/wp-json\/wp\/v2\/media?parent=10348"}],"wp:term":[{"taxonomy":"product_brand","embeddable":true,"href":"https:\/\/bronpi.com\/fr\/wp-json\/wp\/v2\/product_brand?post=10348"},{"taxonomy":"product_cat","embeddable":true,"href":"https:\/\/bronpi.com\/fr\/wp-json\/wp\/v2\/product_cat?post=10348"},{"taxonomy":"product_tag","embeddable":true,"href":"https:\/\/bronpi.com\/fr\/wp-json\/wp\/v2\/product_tag?post=10348"}],"curies":[{"name":"wp","href":"https:\/\/api.w.org\/{rel}","templated":true}]}}