{"id":10365,"date":"2025-09-01T13:58:22","date_gmt":"2025-09-01T11:58:22","guid":{"rendered":"https:\/\/bronpi.com\/product\/panneau-decoratif-lisse\/"},"modified":"2025-09-01T13:58:22","modified_gmt":"2025-09-01T11:58:22","slug":"panneau-decoratif-lisse","status":"publish","type":"product","link":"https:\/\/bronpi.com\/fr\/produit\/panneau-decoratif-lisse\/","title":{"rendered":"Panneau d\u00e9coratif lisse"},"content":{"rendered":"<p>Combinez tous les panneaux disponibles pour d\u00e9corer votre po\u00eale.<\/p>\n<p>&#8211; Fabriqu\u00e9s en acier.<br \/>\n&#8211; Fabriqu\u00e9s en peinture blanche (REF: 650-B) ou noire (REF: 650-N).<\/p>\n<p>Mesures: 1000 x 1200 mm<\/p>\n","protected":false},"excerpt":{"rendered":"<p>Fabriqu\u00e9 en acier<\/p>\n","protected":false},"featured_media":7132,"template":"","meta":[],"product_brand":[],"product_cat":[276],"product_tag":[],"class_list":{"0":"post-10365","1":"product","2":"type-product","3":"status-publish","4":"has-post-thumbnail","6":"product_cat-accessoires-fr","8":"first","9":"instock","10":"shipping-taxable","11":"product-type-simple"},"_links":{"self":[{"href":"https:\/\/bronpi.com\/fr\/wp-json\/wp\/v2\/product\/10365","targetHints":{"allow":["GET"]}}],"collection":[{"href":"https:\/\/bronpi.com\/fr\/wp-json\/wp\/v2\/product"}],"about":[{"href":"https:\/\/bronpi.com\/fr\/wp-json\/wp\/v2\/types\/product"}],"wp:featuredmedia":[{"embeddable":true,"href":"https:\/\/bronpi.com\/fr\/wp-json\/wp\/v2\/media\/7132"}],"wp:attachment":[{"href":"https:\/\/bronpi.com\/fr\/wp-json\/wp\/v2\/media?parent=10365"}],"wp:term":[{"taxonomy":"product_brand","embeddable":true,"href":"https:\/\/bronpi.com\/fr\/wp-json\/wp\/v2\/product_brand?post=10365"},{"taxonomy":"product_cat","embeddable":true,"href":"https:\/\/bronpi.com\/fr\/wp-json\/wp\/v2\/product_cat?post=10365"},{"taxonomy":"product_tag","embeddable":true,"href":"https:\/\/bronpi.com\/fr\/wp-json\/wp\/v2\/product_tag?post=10365"}],"curies":[{"name":"wp","href":"https:\/\/api.w.org\/{rel}","templated":true}]}}