{"id":10369,"date":"2025-09-02T14:08:07","date_gmt":"2025-09-02T12:08:07","guid":{"rendered":"https:\/\/bronpi.com\/product\/panneau-decoratif-serigraphie\/"},"modified":"2025-09-02T14:08:07","modified_gmt":"2025-09-02T12:08:07","slug":"panneau-decoratif-serigraphie","status":"publish","type":"product","link":"https:\/\/bronpi.com\/fr\/produit\/panneau-decoratif-serigraphie\/","title":{"rendered":"Panneau d\u00e9coratif s\u00e9rigraphi\u00e9"},"content":{"rendered":"<p>Combinez tous les panneaux disponibles pour d\u00e9corer votre po\u00eale.<br \/>\n&#8211; Fabriqu\u00e9s en acier.<br \/>\n&#8211; Fabriqu\u00e9s en peinture blanche (REF: 651-B) ou noire (REF: 651-N).<\/p>\n<p>Mesures: 1000 x 1200 mm<\/p>\n","protected":false},"excerpt":{"rendered":"<p>Fabriqu\u00e9 en acier<\/p>\n","protected":false},"featured_media":7139,"template":"","meta":[],"product_brand":[],"product_cat":[276],"product_tag":[],"class_list":{"0":"post-10369","1":"product","2":"type-product","3":"status-publish","4":"has-post-thumbnail","6":"product_cat-accessoires-fr","8":"first","9":"instock","10":"shipping-taxable","11":"product-type-simple"},"_links":{"self":[{"href":"https:\/\/bronpi.com\/fr\/wp-json\/wp\/v2\/product\/10369","targetHints":{"allow":["GET"]}}],"collection":[{"href":"https:\/\/bronpi.com\/fr\/wp-json\/wp\/v2\/product"}],"about":[{"href":"https:\/\/bronpi.com\/fr\/wp-json\/wp\/v2\/types\/product"}],"wp:featuredmedia":[{"embeddable":true,"href":"https:\/\/bronpi.com\/fr\/wp-json\/wp\/v2\/media\/7139"}],"wp:attachment":[{"href":"https:\/\/bronpi.com\/fr\/wp-json\/wp\/v2\/media?parent=10369"}],"wp:term":[{"taxonomy":"product_brand","embeddable":true,"href":"https:\/\/bronpi.com\/fr\/wp-json\/wp\/v2\/product_brand?post=10369"},{"taxonomy":"product_cat","embeddable":true,"href":"https:\/\/bronpi.com\/fr\/wp-json\/wp\/v2\/product_cat?post=10369"},{"taxonomy":"product_tag","embeddable":true,"href":"https:\/\/bronpi.com\/fr\/wp-json\/wp\/v2\/product_tag?post=10369"}],"curies":[{"name":"wp","href":"https:\/\/api.w.org\/{rel}","templated":true}]}}