{"id":10433,"date":"2025-09-01T14:13:59","date_gmt":"2025-09-01T12:13:59","guid":{"rendered":"https:\/\/bronpi.com\/product\/kit-de-reparation\/"},"modified":"2025-09-01T14:13:59","modified_gmt":"2025-09-01T12:13:59","slug":"kit-de-reparation","status":"publish","type":"product","link":"https:\/\/bronpi.com\/fr\/produit\/kit-de-reparation\/","title":{"rendered":"Kit de r\u00e9paration"},"content":{"rendered":"<p>&#8211; REF. 29 Kit de r\u00e9paration (comprend un cordon en c\u00e9ramique noir de 10 mm et de la colle). 2,5 m\u00e8tres.<br \/>\n&#8211; REF. 31 Kit de r\u00e9paration (comprend un cordon en c\u00e9ramique noir de 12 mm et de la colle). 2,5 m\u00e8tres.  <\/p>\n","protected":false},"excerpt":{"rendered":"<p>Cordon en c\u00e9ramique noir et de la colle<\/p>\n","protected":false},"featured_media":6976,"template":"","meta":[],"product_brand":[],"product_cat":[276],"product_tag":[],"class_list":{"0":"post-10433","1":"product","2":"type-product","3":"status-publish","4":"has-post-thumbnail","6":"product_cat-accessoires-fr","8":"first","9":"instock","10":"shipping-taxable","11":"product-type-simple"},"_links":{"self":[{"href":"https:\/\/bronpi.com\/fr\/wp-json\/wp\/v2\/product\/10433","targetHints":{"allow":["GET"]}}],"collection":[{"href":"https:\/\/bronpi.com\/fr\/wp-json\/wp\/v2\/product"}],"about":[{"href":"https:\/\/bronpi.com\/fr\/wp-json\/wp\/v2\/types\/product"}],"wp:featuredmedia":[{"embeddable":true,"href":"https:\/\/bronpi.com\/fr\/wp-json\/wp\/v2\/media\/6976"}],"wp:attachment":[{"href":"https:\/\/bronpi.com\/fr\/wp-json\/wp\/v2\/media?parent=10433"}],"wp:term":[{"taxonomy":"product_brand","embeddable":true,"href":"https:\/\/bronpi.com\/fr\/wp-json\/wp\/v2\/product_brand?post=10433"},{"taxonomy":"product_cat","embeddable":true,"href":"https:\/\/bronpi.com\/fr\/wp-json\/wp\/v2\/product_cat?post=10433"},{"taxonomy":"product_tag","embeddable":true,"href":"https:\/\/bronpi.com\/fr\/wp-json\/wp\/v2\/product_tag?post=10433"}],"curies":[{"name":"wp","href":"https:\/\/api.w.org\/{rel}","templated":true}]}}