{"id":10438,"date":"2025-09-01T14:21:36","date_gmt":"2025-09-01T12:21:36","guid":{"rendered":"https:\/\/bronpi.com\/product\/fibre-ceramique-auto-adhesive\/"},"modified":"2025-09-01T14:21:36","modified_gmt":"2025-09-01T12:21:36","slug":"fibre-ceramique-auto-adhesive","status":"publish","type":"product","link":"https:\/\/bronpi.com\/fr\/produit\/fibre-ceramique-auto-adhesive\/","title":{"rendered":"Fibre c\u00e9ramique auto-adh\u00e9sive"},"content":{"rendered":"<p>&#8211; REF. 24 Fibre c\u00e9ramique auto-adh\u00e9sive <\/p>\n","protected":false},"excerpt":{"rendered":"<p>2 m\u00e8tres (REF. 24)<\/p>\n","protected":false},"featured_media":6982,"template":"","meta":[],"product_brand":[],"product_cat":[276],"product_tag":[],"class_list":{"0":"post-10438","1":"product","2":"type-product","3":"status-publish","4":"has-post-thumbnail","6":"product_cat-accessoires-fr","8":"first","9":"instock","10":"shipping-taxable","11":"product-type-simple"},"_links":{"self":[{"href":"https:\/\/bronpi.com\/fr\/wp-json\/wp\/v2\/product\/10438","targetHints":{"allow":["GET"]}}],"collection":[{"href":"https:\/\/bronpi.com\/fr\/wp-json\/wp\/v2\/product"}],"about":[{"href":"https:\/\/bronpi.com\/fr\/wp-json\/wp\/v2\/types\/product"}],"wp:featuredmedia":[{"embeddable":true,"href":"https:\/\/bronpi.com\/fr\/wp-json\/wp\/v2\/media\/6982"}],"wp:attachment":[{"href":"https:\/\/bronpi.com\/fr\/wp-json\/wp\/v2\/media?parent=10438"}],"wp:term":[{"taxonomy":"product_brand","embeddable":true,"href":"https:\/\/bronpi.com\/fr\/wp-json\/wp\/v2\/product_brand?post=10438"},{"taxonomy":"product_cat","embeddable":true,"href":"https:\/\/bronpi.com\/fr\/wp-json\/wp\/v2\/product_cat?post=10438"},{"taxonomy":"product_tag","embeddable":true,"href":"https:\/\/bronpi.com\/fr\/wp-json\/wp\/v2\/product_tag?post=10438"}],"curies":[{"name":"wp","href":"https:\/\/api.w.org\/{rel}","templated":true}]}}