{"id":10441,"date":"2025-09-01T14:34:42","date_gmt":"2025-09-01T12:34:42","guid":{"rendered":"https:\/\/bronpi.com\/product\/peinture-resistante-a-la-chaleur-400\/"},"modified":"2025-09-01T14:34:42","modified_gmt":"2025-09-01T12:34:42","slug":"peinture-resistante-a-la-chaleur-400","status":"publish","type":"product","link":"https:\/\/bronpi.com\/fr\/produit\/peinture-resistante-a-la-chaleur-400\/","title":{"rendered":"Peinture r\u00e9sistante \u00e0 la chaleur (400)"},"content":{"rendered":"<p>&#8211; REF. 23 (400 ML ) Peinture r\u00e9sistante \u00e0 la chaleur noire en spray 150 ml. <\/p>\n<p>&#8211; REF. 35 (400 ML) Peinture r\u00e9sistante \u00e0 la chaleur noire en spray 400 ml. Seulement pour mod\u00e8les Lira et Karen.  <\/p>\n","protected":false},"excerpt":{"rendered":"<p>Spray 400 ml<\/p>\n","protected":false},"featured_media":7007,"template":"","meta":[],"product_brand":[],"product_cat":[276],"product_tag":[],"class_list":{"0":"post-10441","1":"product","2":"type-product","3":"status-publish","4":"has-post-thumbnail","6":"product_cat-accessoires-fr","8":"first","9":"instock","10":"shipping-taxable","11":"product-type-simple"},"_links":{"self":[{"href":"https:\/\/bronpi.com\/fr\/wp-json\/wp\/v2\/product\/10441","targetHints":{"allow":["GET"]}}],"collection":[{"href":"https:\/\/bronpi.com\/fr\/wp-json\/wp\/v2\/product"}],"about":[{"href":"https:\/\/bronpi.com\/fr\/wp-json\/wp\/v2\/types\/product"}],"wp:featuredmedia":[{"embeddable":true,"href":"https:\/\/bronpi.com\/fr\/wp-json\/wp\/v2\/media\/7007"}],"wp:attachment":[{"href":"https:\/\/bronpi.com\/fr\/wp-json\/wp\/v2\/media?parent=10441"}],"wp:term":[{"taxonomy":"product_brand","embeddable":true,"href":"https:\/\/bronpi.com\/fr\/wp-json\/wp\/v2\/product_brand?post=10441"},{"taxonomy":"product_cat","embeddable":true,"href":"https:\/\/bronpi.com\/fr\/wp-json\/wp\/v2\/product_cat?post=10441"},{"taxonomy":"product_tag","embeddable":true,"href":"https:\/\/bronpi.com\/fr\/wp-json\/wp\/v2\/product_tag?post=10441"}],"curies":[{"name":"wp","href":"https:\/\/api.w.org\/{rel}","templated":true}]}}