{"id":10469,"date":"2025-09-01T12:59:32","date_gmt":"2025-09-01T10:59:32","guid":{"rendered":"https:\/\/bronpi.com\/product\/serie-m-d\/"},"modified":"2025-09-01T12:59:32","modified_gmt":"2025-09-01T10:59:32","slug":"serie-m-d","status":"publish","type":"product","link":"https:\/\/bronpi.com\/fr\/produit\/serie-m-d\/","title":{"rendered":"S\u00e9rie M-D"},"content":{"rendered":"<p>&#8211; Grille simple et r\u00e9glable avec pr\u00e9-cadre inclus.<\/p>\n<p>&#8211; Disponible en plusieurs dimensions et en deux couleurs (blanc et noir)<\/p>\n","protected":false},"excerpt":{"rendered":"<p>Grille simple et r\u00e9glable (bois)<\/p>\n","protected":false},"featured_media":6950,"template":"","meta":[],"product_brand":[],"product_cat":[276,140],"product_tag":[],"class_list":{"0":"post-10469","1":"product","2":"type-product","3":"status-publish","4":"has-post-thumbnail","6":"product_cat-accessoires-fr","7":"product_cat-ventilacion-fr","9":"first","10":"instock","11":"shipping-taxable","12":"product-type-simple"},"_links":{"self":[{"href":"https:\/\/bronpi.com\/fr\/wp-json\/wp\/v2\/product\/10469","targetHints":{"allow":["GET"]}}],"collection":[{"href":"https:\/\/bronpi.com\/fr\/wp-json\/wp\/v2\/product"}],"about":[{"href":"https:\/\/bronpi.com\/fr\/wp-json\/wp\/v2\/types\/product"}],"wp:featuredmedia":[{"embeddable":true,"href":"https:\/\/bronpi.com\/fr\/wp-json\/wp\/v2\/media\/6950"}],"wp:attachment":[{"href":"https:\/\/bronpi.com\/fr\/wp-json\/wp\/v2\/media?parent=10469"}],"wp:term":[{"taxonomy":"product_brand","embeddable":true,"href":"https:\/\/bronpi.com\/fr\/wp-json\/wp\/v2\/product_brand?post=10469"},{"taxonomy":"product_cat","embeddable":true,"href":"https:\/\/bronpi.com\/fr\/wp-json\/wp\/v2\/product_cat?post=10469"},{"taxonomy":"product_tag","embeddable":true,"href":"https:\/\/bronpi.com\/fr\/wp-json\/wp\/v2\/product_tag?post=10469"}],"curies":[{"name":"wp","href":"https:\/\/api.w.org\/{rel}","templated":true}]}}