{"id":10478,"date":"2025-09-01T12:02:42","date_gmt":"2025-09-01T10:02:42","guid":{"rendered":"https:\/\/bronpi.com\/product\/serie-r-1\/"},"modified":"2025-09-01T12:02:42","modified_gmt":"2025-09-01T10:02:42","slug":"serie-r-1","status":"publish","type":"product","link":"https:\/\/bronpi.com\/fr\/produit\/serie-r-1\/","title":{"rendered":"S\u00e9rie R-1"},"content":{"rendered":"<p>&#8211; Id\u00e9al pour r\u00e9guler le flux d&rsquo;air vers d&rsquo;autres pi\u00e8ces. Gr\u00e2ce \u00e0 son syst\u00e8me d&rsquo;ouverture r\u00e9glable, nous pouvons r\u00e9gler le d\u00e9bit souhait\u00e9 ou m\u00eame le fermer compl\u00e8tement. <\/p>\n<p>&#8211; Bo\u00eetier optionnel C-1 avec 1 sortie 120\u00d8 pour S\u00e9rie R-1.<\/p>\n<p>&#8211; Consultez les mesures.<\/p>\n","protected":false},"excerpt":{"rendered":"<p>Grille r\u00e9glable, une sortie adaptable<\/p>\n","protected":false},"featured_media":6937,"template":"","meta":[],"product_brand":[],"product_cat":[276,140],"product_tag":[],"class_list":{"0":"post-10478","1":"product","2":"type-product","3":"status-publish","4":"has-post-thumbnail","6":"product_cat-accessoires-fr","7":"product_cat-ventilacion-fr","9":"first","10":"instock","11":"shipping-taxable","12":"product-type-simple"},"_links":{"self":[{"href":"https:\/\/bronpi.com\/fr\/wp-json\/wp\/v2\/product\/10478","targetHints":{"allow":["GET"]}}],"collection":[{"href":"https:\/\/bronpi.com\/fr\/wp-json\/wp\/v2\/product"}],"about":[{"href":"https:\/\/bronpi.com\/fr\/wp-json\/wp\/v2\/types\/product"}],"wp:featuredmedia":[{"embeddable":true,"href":"https:\/\/bronpi.com\/fr\/wp-json\/wp\/v2\/media\/6937"}],"wp:attachment":[{"href":"https:\/\/bronpi.com\/fr\/wp-json\/wp\/v2\/media?parent=10478"}],"wp:term":[{"taxonomy":"product_brand","embeddable":true,"href":"https:\/\/bronpi.com\/fr\/wp-json\/wp\/v2\/product_brand?post=10478"},{"taxonomy":"product_cat","embeddable":true,"href":"https:\/\/bronpi.com\/fr\/wp-json\/wp\/v2\/product_cat?post=10478"},{"taxonomy":"product_tag","embeddable":true,"href":"https:\/\/bronpi.com\/fr\/wp-json\/wp\/v2\/product_tag?post=10478"}],"curies":[{"name":"wp","href":"https:\/\/api.w.org\/{rel}","templated":true}]}}