{"id":10488,"date":"2025-10-15T12:49:41","date_gmt":"2025-10-15T10:49:41","guid":{"rendered":"https:\/\/bronpi.com\/?post_type=product&#038;p=10488"},"modified":"2025-10-15T13:07:59","modified_gmt":"2025-10-15T11:07:59","slug":"serie-m-d-copia-2","status":"publish","type":"product","link":"https:\/\/bronpi.com\/fr\/produit\/serie-m-d-copia-2\/","title":{"rendered":"Serie RE"},"content":{"rendered":"<div class=\"title-detail\">\n<div class=\"product-description\">\n<p>\u2013 Conception sp\u00e9cifique pour une extraction optimale de la chaleur de votre chemin\u00e9e, gr\u00e2ce \u00e0 la grille d&rsquo;a\u00e9ration incluse, qui permet un flux d&rsquo;air continu.<\/p>\n<p>\u2013 Installation facile gr\u00e2ce \u00e0 un rebord pliable.<\/p>\n<p>\u2013 Disponible en plusieurs dimensions et deux couleurs (blanc et noir).<\/p>\n<\/div>\n<\/div>\n","protected":false},"excerpt":{"rendered":"<p>Grille simple d&rsquo;angle<\/p>\n","protected":false},"featured_media":6931,"template":"","meta":[],"product_brand":[],"product_cat":[276,140],"product_tag":[],"class_list":{"0":"post-10488","1":"product","2":"type-product","3":"status-publish","4":"has-post-thumbnail","6":"product_cat-accessoires-fr","7":"product_cat-ventilacion-fr","9":"first","10":"instock","11":"shipping-taxable","12":"product-type-simple"},"_links":{"self":[{"href":"https:\/\/bronpi.com\/fr\/wp-json\/wp\/v2\/product\/10488","targetHints":{"allow":["GET"]}}],"collection":[{"href":"https:\/\/bronpi.com\/fr\/wp-json\/wp\/v2\/product"}],"about":[{"href":"https:\/\/bronpi.com\/fr\/wp-json\/wp\/v2\/types\/product"}],"wp:featuredmedia":[{"embeddable":true,"href":"https:\/\/bronpi.com\/fr\/wp-json\/wp\/v2\/media\/6931"}],"wp:attachment":[{"href":"https:\/\/bronpi.com\/fr\/wp-json\/wp\/v2\/media?parent=10488"}],"wp:term":[{"taxonomy":"product_brand","embeddable":true,"href":"https:\/\/bronpi.com\/fr\/wp-json\/wp\/v2\/product_brand?post=10488"},{"taxonomy":"product_cat","embeddable":true,"href":"https:\/\/bronpi.com\/fr\/wp-json\/wp\/v2\/product_cat?post=10488"},{"taxonomy":"product_tag","embeddable":true,"href":"https:\/\/bronpi.com\/fr\/wp-json\/wp\/v2\/product_tag?post=10488"}],"curies":[{"name":"wp","href":"https:\/\/api.w.org\/{rel}","templated":true}]}}