{"id":2244,"date":"2025-04-04T13:25:34","date_gmt":"2025-04-04T11:25:34","guid":{"rendered":"https:\/\/bronpi.com\/?post_type=product&#038;p=2244"},"modified":"2025-10-23T16:48:12","modified_gmt":"2025-10-23T14:48:12","slug":"lerma","status":"publish","type":"product","link":"https:\/\/bronpi.com\/fr\/produit\/lerma\/","title":{"rendered":"LERMA"},"content":{"rendered":"<p>&#8211; Int\u00e9rieur en vermiculite.<\/p>\n<p>&#8211; Porte et grille en fonte.<\/p>\n<p>&#8211; Syst\u00e8me de Triple Combustion.<\/p>\n<p>&#8211; R\u00e9gulation de l&rsquo;air de combustion primaire et secondaire.<\/p>\n<p>&#8211; Comprend une grille amovible, rotative et r\u00e9glable \u00e0 diff\u00e9rentes hauteurs.<\/p>\n<p>&#8211; Comprend un gant et peinture en spray.<\/p>\n","protected":false},"excerpt":{"rendered":"<p>Po\u00eale d&rsquo;angle avec b\u00fbcher<\/p>\n","protected":false},"featured_media":2635,"template":"","meta":[],"product_brand":[],"product_cat":[131,132],"product_tag":[288],"class_list":{"0":"post-2244","1":"product","2":"type-product","3":"status-publish","4":"has-post-thumbnail","6":"product_cat-gamme-a-bois-fr","7":"product_cat-poeles-a-bois-fr","8":"product_tag-air-fr","10":"first","11":"instock","12":"shipping-taxable","13":"product-type-simple"},"_links":{"self":[{"href":"https:\/\/bronpi.com\/fr\/wp-json\/wp\/v2\/product\/2244","targetHints":{"allow":["GET"]}}],"collection":[{"href":"https:\/\/bronpi.com\/fr\/wp-json\/wp\/v2\/product"}],"about":[{"href":"https:\/\/bronpi.com\/fr\/wp-json\/wp\/v2\/types\/product"}],"wp:featuredmedia":[{"embeddable":true,"href":"https:\/\/bronpi.com\/fr\/wp-json\/wp\/v2\/media\/2635"}],"wp:attachment":[{"href":"https:\/\/bronpi.com\/fr\/wp-json\/wp\/v2\/media?parent=2244"}],"wp:term":[{"taxonomy":"product_brand","embeddable":true,"href":"https:\/\/bronpi.com\/fr\/wp-json\/wp\/v2\/product_brand?post=2244"},{"taxonomy":"product_cat","embeddable":true,"href":"https:\/\/bronpi.com\/fr\/wp-json\/wp\/v2\/product_cat?post=2244"},{"taxonomy":"product_tag","embeddable":true,"href":"https:\/\/bronpi.com\/fr\/wp-json\/wp\/v2\/product_tag?post=2244"}],"curies":[{"name":"wp","href":"https:\/\/api.w.org\/{rel}","templated":true}]}}