{"id":2256,"date":"2025-04-04T13:36:56","date_gmt":"2025-04-04T11:36:56","guid":{"rendered":"https:\/\/bronpi.com\/?post_type=product&#038;p=2256"},"modified":"2025-10-23T16:32:30","modified_gmt":"2025-10-23T14:32:30","slug":"tudela","status":"publish","type":"product","link":"https:\/\/bronpi.com\/fr\/produit\/tudela\/","title":{"rendered":"TUDELA"},"content":{"rendered":"<p>&#8211; Portes et grille en fonte.<br \/>\n&#8211; Int\u00e9rieur en vermiculite.<br \/>\n&#8211; Syst\u00e8me de Triple Combustion.<br \/>\n&#8211; Syst\u00e8me Enveloppant Four.<br \/>\n&#8211; R\u00e9gulation de l&rsquo;air de combustion primaire.<br \/>\n&#8211; Comprend une grille amovible et rotative.<br \/>\n&#8211; Four avec brique r\u00e9fractaire et thermom\u00e8tre \u00e0 300\u00baC pour contr\u00f4ler la temp\u00e9rature.<br \/>\n&#8211; Comprend un gant et peinture en spray.<\/p>\n","protected":false},"excerpt":{"rendered":"<p>Po\u00eale avec four et b\u00fbcher<\/p>\n","protected":false},"featured_media":2809,"template":"","meta":[],"product_brand":[],"product_cat":[131,132],"product_tag":[288],"class_list":{"0":"post-2256","1":"product","2":"type-product","3":"status-publish","4":"has-post-thumbnail","6":"product_cat-gamme-a-bois-fr","7":"product_cat-poeles-a-bois-fr","8":"product_tag-air-fr","10":"first","11":"instock","12":"shipping-taxable","13":"product-type-simple"},"_links":{"self":[{"href":"https:\/\/bronpi.com\/fr\/wp-json\/wp\/v2\/product\/2256","targetHints":{"allow":["GET"]}}],"collection":[{"href":"https:\/\/bronpi.com\/fr\/wp-json\/wp\/v2\/product"}],"about":[{"href":"https:\/\/bronpi.com\/fr\/wp-json\/wp\/v2\/types\/product"}],"wp:featuredmedia":[{"embeddable":true,"href":"https:\/\/bronpi.com\/fr\/wp-json\/wp\/v2\/media\/2809"}],"wp:attachment":[{"href":"https:\/\/bronpi.com\/fr\/wp-json\/wp\/v2\/media?parent=2256"}],"wp:term":[{"taxonomy":"product_brand","embeddable":true,"href":"https:\/\/bronpi.com\/fr\/wp-json\/wp\/v2\/product_brand?post=2256"},{"taxonomy":"product_cat","embeddable":true,"href":"https:\/\/bronpi.com\/fr\/wp-json\/wp\/v2\/product_cat?post=2256"},{"taxonomy":"product_tag","embeddable":true,"href":"https:\/\/bronpi.com\/fr\/wp-json\/wp\/v2\/product_tag?post=2256"}],"curies":[{"name":"wp","href":"https:\/\/api.w.org\/{rel}","templated":true}]}}