{"id":2262,"date":"2025-04-04T13:37:30","date_gmt":"2025-04-04T11:37:30","guid":{"rendered":"https:\/\/bronpi.com\/product\/lorem-ipsum-20-d\/"},"modified":"2025-10-23T16:55:56","modified_gmt":"2025-10-23T14:55:56","slug":"dover","status":"publish","type":"product","link":"https:\/\/bronpi.com\/fr\/produit\/dover\/","title":{"rendered":"DOVER"},"content":{"rendered":"<p>&#8211; Mod\u00e8le \u00e9tanche. Comprend une prise d&rsquo;air externe.<br \/>\n&#8211; Vitre courb\u00e9e.<br \/>\n&#8211; Int\u00e9rieur en vermiculite et grille en fonte.<br \/>\n&#8211; Syst\u00e8me de Triple Combustion.<br \/>\n&#8211; R\u00e9gulation de l&rsquo;air de combustion primaire, secondaire et de la triple combustion.<br \/>\n&#8211; Range-b\u00fbches.<br \/>\n&#8211; Comprend un gant et peinture en spray.<\/p>\n","protected":false},"excerpt":{"rendered":"<p>Po\u00eale circulaire \u00e9tanche avec b\u00fbcher<\/p>\n","protected":false},"featured_media":848,"template":"","meta":[],"product_brand":[],"product_cat":[131,132],"product_tag":[288],"class_list":{"0":"post-2262","1":"product","2":"type-product","3":"status-publish","4":"has-post-thumbnail","6":"product_cat-gamme-a-bois-fr","7":"product_cat-poeles-a-bois-fr","8":"product_tag-air-fr","10":"first","11":"instock","12":"shipping-taxable","13":"product-type-simple"},"_links":{"self":[{"href":"https:\/\/bronpi.com\/fr\/wp-json\/wp\/v2\/product\/2262","targetHints":{"allow":["GET"]}}],"collection":[{"href":"https:\/\/bronpi.com\/fr\/wp-json\/wp\/v2\/product"}],"about":[{"href":"https:\/\/bronpi.com\/fr\/wp-json\/wp\/v2\/types\/product"}],"wp:featuredmedia":[{"embeddable":true,"href":"https:\/\/bronpi.com\/fr\/wp-json\/wp\/v2\/media\/848"}],"wp:attachment":[{"href":"https:\/\/bronpi.com\/fr\/wp-json\/wp\/v2\/media?parent=2262"}],"wp:term":[{"taxonomy":"product_brand","embeddable":true,"href":"https:\/\/bronpi.com\/fr\/wp-json\/wp\/v2\/product_brand?post=2262"},{"taxonomy":"product_cat","embeddable":true,"href":"https:\/\/bronpi.com\/fr\/wp-json\/wp\/v2\/product_cat?post=2262"},{"taxonomy":"product_tag","embeddable":true,"href":"https:\/\/bronpi.com\/fr\/wp-json\/wp\/v2\/product_tag?post=2262"}],"curies":[{"name":"wp","href":"https:\/\/api.w.org\/{rel}","templated":true}]}}