{"id":4466,"date":"2025-07-29T14:13:38","date_gmt":"2025-07-29T12:13:38","guid":{"rendered":"https:\/\/bronpi.com\/?post_type=product&#038;p=4466"},"modified":"2026-03-24T11:11:30","modified_gmt":"2026-03-24T10:11:30","slug":"tecno-hydrobronpi-80-tecno-hydrobronpi-80-v","status":"publish","type":"product","link":"https:\/\/bronpi.com\/fr\/produit\/tecno-hydrobronpi-80-tecno-hydrobronpi-80-v\/","title":{"rendered":"TECNO HYDROBRONPI 80\/ TECNO HYDROBRONPI 80 V"},"content":{"rendered":"<ul>\n<li>Porte et grille en fonte.<\/li>\n<li>Int\u00e9rieur en vermiculite.<\/li>\n<li>Vanne coupe-tirage r\u00e9glable.<\/li>\n<li>Comprend une vanne de surpression de 3 bars.<\/li>\n<li>R\u00e9gulation de l&rsquo;air de combustion primaire.<\/li>\n<li>Syst\u00e8me de Triple Combustion.<\/li>\n<li>Capacit\u00e9 du r\u00e9servoir 86 litres.<\/li>\n<li>Pression de travail 1,5 bar.<\/li>\n<li>Capacit\u00e9 de chauffer jusqu&rsquo;\u00e0 200 m<sup>2<\/sup> de plancher chauffant.<\/li>\n<li>Capacit\u00e9 de chauffer jusqu&rsquo;\u00e0 150 \u00e9l\u00e9ments radiateurs.<\/li>\n<li>Comprend un cadre \u00e0 4 c\u00f4t\u00e9s en standard.<\/li>\n<li>Comprend une grille amovible, rotative et r\u00e9glable en hauteur.<\/li>\n<li>Comprend un gant et peinture en spray.<\/li>\n<\/ul>\n<p><strong>\u00c9l\u00e9ments optionnels:<\/strong><\/p>\n<ul>\n<li>KIT-EST: Kit d&rsquo;\u00e9tanch\u00e9it\u00e9.<\/li>\n<li>KIT-VAL: Kit \u00e9tanche avec r\u00e9gulateur de tirage thermostatique.<\/li>\n<li>VAL-05: Vanne thermostatique de refroidissement \u00e0 deux voies<\/li>\n<li>VAL-02, VAL-03: Vanne anti-condensation.<\/li>\n<\/ul>\n<p>&nbsp;<\/p>\n","protected":false},"excerpt":{"rendered":"<p>Inserts Hydro<\/p>\n","protected":false},"featured_media":4471,"template":"","meta":[],"product_brand":[],"product_cat":[136,131],"product_tag":[280],"class_list":{"0":"post-4466","1":"product","2":"type-product","3":"status-publish","4":"has-post-thumbnail","6":"product_cat-chaudieres-a-bois-fr","7":"product_cat-gamme-a-bois-fr","8":"product_tag-hydro-fr","10":"first","11":"instock","12":"shipping-taxable","13":"product-type-simple"},"_links":{"self":[{"href":"https:\/\/bronpi.com\/fr\/wp-json\/wp\/v2\/product\/4466","targetHints":{"allow":["GET"]}}],"collection":[{"href":"https:\/\/bronpi.com\/fr\/wp-json\/wp\/v2\/product"}],"about":[{"href":"https:\/\/bronpi.com\/fr\/wp-json\/wp\/v2\/types\/product"}],"wp:featuredmedia":[{"embeddable":true,"href":"https:\/\/bronpi.com\/fr\/wp-json\/wp\/v2\/media\/4471"}],"wp:attachment":[{"href":"https:\/\/bronpi.com\/fr\/wp-json\/wp\/v2\/media?parent=4466"}],"wp:term":[{"taxonomy":"product_brand","embeddable":true,"href":"https:\/\/bronpi.com\/fr\/wp-json\/wp\/v2\/product_brand?post=4466"},{"taxonomy":"product_cat","embeddable":true,"href":"https:\/\/bronpi.com\/fr\/wp-json\/wp\/v2\/product_cat?post=4466"},{"taxonomy":"product_tag","embeddable":true,"href":"https:\/\/bronpi.com\/fr\/wp-json\/wp\/v2\/product_tag?post=4466"}],"curies":[{"name":"wp","href":"https:\/\/api.w.org\/{rel}","templated":true}]}}