{"id":7281,"date":"2025-07-31T11:34:51","date_gmt":"2025-07-31T09:34:51","guid":{"rendered":"https:\/\/bronpi.com\/product\/tavira\/"},"modified":"2025-10-21T15:51:52","modified_gmt":"2025-10-21T13:51:52","slug":"tavira","status":"publish","type":"product","link":"https:\/\/bronpi.com\/fr\/produit\/tavira\/","title":{"rendered":"TAVIRA"},"content":{"rendered":"<p>&#8211; Comprend Technologie Oasys Plus.<br \/>\n&#8211; Programmable: journalier, hebdomadaire et week-end.<br \/>\n&#8211; Bougie c\u00e9ramique: allumage plus rapide.<br \/>\n&#8211; Comprend capteur de niveau de la tr\u00e9mie.<br \/>\n&#8211; Int\u00e9rieur et br\u00fbleur en fonte.<br \/>\n&#8211; Vitre s\u00e9rigraphi\u00e9 noir.<br \/>\n&#8211; Tiroir frontal amovible pour recharger des granul\u00e9s.<br \/>\n&#8211; Comprend cadre \u00e0 trois faces en standard.<br \/>\n&#8211; Comprend une t\u00e9l\u00e9commande avec \u00e9cran.<br \/>\n&#8211; Comprend un gant.<\/p>\n<p>&nbsp;<\/p>\n<h1><strong>\u00c9l\u00e9ments optionnels:<\/strong><\/h1>\n<p>&nbsp;<\/p>\n<p>&#8211; KIT-MARCO4-TAVIRA: Profil inf\u00e9rieur du cadre pour le transformer en 4 c\u00f4t\u00e9s.<br \/>\n&#8211; KIT-CAR-TAVIRA: Kit de chargement (grille de chargement + tube de 1 m\u00e8tre).<br \/>\n&#8211; BT: Base avec pieds r\u00e9glables en hauteur.<br \/>\n&#8211; KIT WIFI 1: Kit Wifi pour le contr\u00f4le \u00e0 distance.<\/p>\n","protected":false},"excerpt":{"rendered":"<p>Insert \u00e0 granul\u00e9s<\/p>\n","protected":false},"featured_media":5699,"template":"","meta":[],"product_brand":[],"product_cat":[137,138],"product_tag":[288],"class_list":{"0":"post-7281","1":"product","2":"type-product","3":"status-publish","4":"has-post-thumbnail","6":"product_cat-gamme-a-pellet-fr","7":"product_cat-serie-air-fr","8":"product_tag-air-fr","10":"first","11":"instock","12":"shipping-taxable","13":"product-type-simple"},"_links":{"self":[{"href":"https:\/\/bronpi.com\/fr\/wp-json\/wp\/v2\/product\/7281","targetHints":{"allow":["GET"]}}],"collection":[{"href":"https:\/\/bronpi.com\/fr\/wp-json\/wp\/v2\/product"}],"about":[{"href":"https:\/\/bronpi.com\/fr\/wp-json\/wp\/v2\/types\/product"}],"wp:featuredmedia":[{"embeddable":true,"href":"https:\/\/bronpi.com\/fr\/wp-json\/wp\/v2\/media\/5699"}],"wp:attachment":[{"href":"https:\/\/bronpi.com\/fr\/wp-json\/wp\/v2\/media?parent=7281"}],"wp:term":[{"taxonomy":"product_brand","embeddable":true,"href":"https:\/\/bronpi.com\/fr\/wp-json\/wp\/v2\/product_brand?post=7281"},{"taxonomy":"product_cat","embeddable":true,"href":"https:\/\/bronpi.com\/fr\/wp-json\/wp\/v2\/product_cat?post=7281"},{"taxonomy":"product_tag","embeddable":true,"href":"https:\/\/bronpi.com\/fr\/wp-json\/wp\/v2\/product_tag?post=7281"}],"curies":[{"name":"wp","href":"https:\/\/api.w.org\/{rel}","templated":true}]}}