{"id":7288,"date":"2025-07-31T11:47:15","date_gmt":"2025-07-31T09:47:15","guid":{"rendered":"https:\/\/bronpi.com\/product\/bruno-slim\/"},"modified":"2026-03-26T10:56:58","modified_gmt":"2026-03-26T09:56:58","slug":"bruno-slim","status":"publish","type":"product","link":"https:\/\/bronpi.com\/fr\/produit\/bruno-slim\/","title":{"rendered":"BRUNO-SLIM"},"content":{"rendered":"<ul>\n<li>Comprend Technologie Oasys Plus.<\/li>\n<li>Programmable: journalier, hebdomadaire et week-end.<\/li>\n<li>Bougie c\u00e9ramique: allumage plus rapide.<\/li>\n<li>Comprend capteur de niveau de la tr\u00e9mie.<\/li>\n<li>Comprend Kit de chargement (grille de chargement + tube de 1 m\u00e8tre). Possibilit\u00e9 de chargement frontal ou lat\u00e9ral.<\/li>\n<li>Int\u00e9rieur en vermiculite.<\/li>\n<li>Vitre s\u00e9rigraphi\u00e9 noir.<\/li>\n<li>Comprend base avec pieds r\u00e9glables en hauteur.<\/li>\n<li>Comprend cadre \u00e0 4 c\u00f4t\u00e9s en standard.<\/li>\n<li>Comprend une t\u00e9l\u00e9commande avec \u00e9cran.<\/li>\n<li>Comprend un gant.<\/li>\n<\/ul>\n<h1><strong>\u00c9l\u00e9ments optionnels:<\/strong><\/h1>\n<ul>\n<li>KIT-FIR-BRU:Int\u00e9rieur en Firetek.<\/li>\n<li>KIT WIFI 1: Kit Wifi pour le contr\u00f4le \u00e0 distance.<\/li>\n<\/ul>\n","protected":false},"excerpt":{"rendered":"<p>Insert Slim<\/p>\n","protected":false},"featured_media":5710,"template":"","meta":[],"product_brand":[],"product_cat":[137,138],"product_tag":[288],"class_list":{"0":"post-7288","1":"product","2":"type-product","3":"status-publish","4":"has-post-thumbnail","6":"product_cat-gamme-a-pellet-fr","7":"product_cat-serie-air-fr","8":"product_tag-air-fr","10":"first","11":"instock","12":"shipping-taxable","13":"product-type-simple"},"_links":{"self":[{"href":"https:\/\/bronpi.com\/fr\/wp-json\/wp\/v2\/product\/7288","targetHints":{"allow":["GET"]}}],"collection":[{"href":"https:\/\/bronpi.com\/fr\/wp-json\/wp\/v2\/product"}],"about":[{"href":"https:\/\/bronpi.com\/fr\/wp-json\/wp\/v2\/types\/product"}],"wp:featuredmedia":[{"embeddable":true,"href":"https:\/\/bronpi.com\/fr\/wp-json\/wp\/v2\/media\/5710"}],"wp:attachment":[{"href":"https:\/\/bronpi.com\/fr\/wp-json\/wp\/v2\/media?parent=7288"}],"wp:term":[{"taxonomy":"product_brand","embeddable":true,"href":"https:\/\/bronpi.com\/fr\/wp-json\/wp\/v2\/product_brand?post=7288"},{"taxonomy":"product_cat","embeddable":true,"href":"https:\/\/bronpi.com\/fr\/wp-json\/wp\/v2\/product_cat?post=7288"},{"taxonomy":"product_tag","embeddable":true,"href":"https:\/\/bronpi.com\/fr\/wp-json\/wp\/v2\/product_tag?post=7288"}],"curies":[{"name":"wp","href":"https:\/\/api.w.org\/{rel}","templated":true}]}}