{"id":7321,"date":"2025-07-31T12:57:59","date_gmt":"2025-07-31T10:57:59","guid":{"rendered":"https:\/\/bronpi.com\/product\/free-11\/"},"modified":"2025-10-31T13:30:45","modified_gmt":"2025-10-31T12:30:45","slug":"free-11","status":"publish","type":"product","link":"https:\/\/bronpi.com\/fr\/produit\/free-11\/","title":{"rendered":"FREE-11"},"content":{"rendered":"<p>&#8211; Po\u00eales sans \u00e9lectricit\u00e9.<br \/>\n&#8211; Disponible en deux puissances.<br \/>\n&#8211; Syst\u00e8me de Triple Combustion.<br \/>\n&#8211; Syst\u00e8me de Double chambre.<br \/>\n&#8211; Tr\u00e9mie herm\u00e9tique.<br \/>\n&#8211; Tirage r\u00e9glable.<br \/>\n&#8211; Comprend un gant.<\/p>\n","protected":false},"excerpt":{"rendered":"<p>Po\u00eale sans \u00e9lectricit\u00e9<\/p>\n","protected":false},"featured_media":5839,"template":"","meta":[],"product_brand":[],"product_cat":[137,138],"product_tag":[288],"class_list":{"0":"post-7321","1":"product","2":"type-product","3":"status-publish","4":"has-post-thumbnail","6":"product_cat-gamme-a-pellet-fr","7":"product_cat-serie-air-fr","8":"product_tag-air-fr","10":"first","11":"instock","12":"shipping-taxable","13":"product-type-simple"},"_links":{"self":[{"href":"https:\/\/bronpi.com\/fr\/wp-json\/wp\/v2\/product\/7321","targetHints":{"allow":["GET"]}}],"collection":[{"href":"https:\/\/bronpi.com\/fr\/wp-json\/wp\/v2\/product"}],"about":[{"href":"https:\/\/bronpi.com\/fr\/wp-json\/wp\/v2\/types\/product"}],"wp:featuredmedia":[{"embeddable":true,"href":"https:\/\/bronpi.com\/fr\/wp-json\/wp\/v2\/media\/5839"}],"wp:attachment":[{"href":"https:\/\/bronpi.com\/fr\/wp-json\/wp\/v2\/media?parent=7321"}],"wp:term":[{"taxonomy":"product_brand","embeddable":true,"href":"https:\/\/bronpi.com\/fr\/wp-json\/wp\/v2\/product_brand?post=7321"},{"taxonomy":"product_cat","embeddable":true,"href":"https:\/\/bronpi.com\/fr\/wp-json\/wp\/v2\/product_cat?post=7321"},{"taxonomy":"product_tag","embeddable":true,"href":"https:\/\/bronpi.com\/fr\/wp-json\/wp\/v2\/product_tag?post=7321"}],"curies":[{"name":"wp","href":"https:\/\/api.w.org\/{rel}","templated":true}]}}