{"id":7389,"date":"2025-07-31T13:08:09","date_gmt":"2025-07-31T11:08:09","guid":{"rendered":"https:\/\/bronpi.com\/product\/nicol\/"},"modified":"2025-10-21T14:07:21","modified_gmt":"2025-10-21T12:07:21","slug":"nicol","status":"publish","type":"product","link":"https:\/\/bronpi.com\/fr\/produit\/nicol\/","title":{"rendered":"NICOL"},"content":{"rendered":"<p>&#8211; Comprend Technologie Oasys Plus.<br \/>\n&#8211; Programmable: journalier, hebdomadaire et week-end.<br \/>\n&#8211; Bougie c\u00e9ramique: allumage plus rapide.<br \/>\n&#8211; Tr\u00e9mie herm\u00e9tique.<br \/>\n&#8211; Chargement sup\u00e9rieure.<br \/>\n&#8211; Possibilit\u00e9 de sortie de fum\u00e9es sup\u00e9rieure ou arri\u00e8re.<br \/>\n&#8211; Poign\u00e9e mains froides.<br \/>\n&#8211; Compl\u00e8tement fabriqu\u00e9 en fonte.<br \/>\n&#8211; Vitre s\u00e9rigraphi\u00e9 noir.<br \/>\n&#8211; Comprend une t\u00e9l\u00e9commande avec \u00e9cran.<br \/>\n&#8211; Comprend un gant thermique et \u201cT\u201d inox.<\/p>\n<p>&nbsp;<\/p>\n<h1><strong>\u00c9l\u00e9ments optionnels:<\/strong><\/h1>\n<p>&#8211; KIT WIFI 1: Kit Wifi pour le contr\u00f4le \u00e0 distance.<\/p>\n","protected":false},"excerpt":{"rendered":"<p>Po\u00eale en fonte<\/p>\n","protected":false},"featured_media":5866,"template":"","meta":[],"product_brand":[],"product_cat":[137,138],"product_tag":[288],"class_list":{"0":"post-7389","1":"product","2":"type-product","3":"status-publish","4":"has-post-thumbnail","6":"product_cat-gamme-a-pellet-fr","7":"product_cat-serie-air-fr","8":"product_tag-air-fr","10":"first","11":"instock","12":"shipping-taxable","13":"product-type-simple"},"_links":{"self":[{"href":"https:\/\/bronpi.com\/fr\/wp-json\/wp\/v2\/product\/7389","targetHints":{"allow":["GET"]}}],"collection":[{"href":"https:\/\/bronpi.com\/fr\/wp-json\/wp\/v2\/product"}],"about":[{"href":"https:\/\/bronpi.com\/fr\/wp-json\/wp\/v2\/types\/product"}],"wp:featuredmedia":[{"embeddable":true,"href":"https:\/\/bronpi.com\/fr\/wp-json\/wp\/v2\/media\/5866"}],"wp:attachment":[{"href":"https:\/\/bronpi.com\/fr\/wp-json\/wp\/v2\/media?parent=7389"}],"wp:term":[{"taxonomy":"product_brand","embeddable":true,"href":"https:\/\/bronpi.com\/fr\/wp-json\/wp\/v2\/product_brand?post=7389"},{"taxonomy":"product_cat","embeddable":true,"href":"https:\/\/bronpi.com\/fr\/wp-json\/wp\/v2\/product_cat?post=7389"},{"taxonomy":"product_tag","embeddable":true,"href":"https:\/\/bronpi.com\/fr\/wp-json\/wp\/v2\/product_tag?post=7389"}],"curies":[{"name":"wp","href":"https:\/\/api.w.org\/{rel}","templated":true}]}}