{"id":7427,"date":"2025-07-31T13:49:35","date_gmt":"2025-07-31T11:49:35","guid":{"rendered":"https:\/\/bronpi.com\/product\/tina\/"},"modified":"2025-10-21T13:09:59","modified_gmt":"2025-10-21T11:09:59","slug":"tina","status":"publish","type":"product","link":"https:\/\/bronpi.com\/fr\/produit\/tina\/","title":{"rendered":"TINA"},"content":{"rendered":"<p>&#8211; Comprend Technologie Oasys.<br \/>\n&#8211; Programmable: journalier, hebdomadaire et week-end.<br \/>\n&#8211; Int\u00e9rieur en vermiculite.<br \/>\n&#8211; Br\u00fbleur en fonte.<br \/>\n&#8211; Comprend un gant.<\/p>\n<h1><strong>\u00c9l\u00e9ments optionnels:<\/strong><\/h1>\n<p>&#8211; KIT WIFI 1: Kit Wifi pour le contr\u00f4le \u00e0 distance.<br \/>\n&#8211; PE-029: T\u00e9l\u00e9commande.<\/p>\n","protected":false},"excerpt":{"rendered":"<p>Po\u00eale \u00e0 granul\u00e9s<\/p>\n","protected":false},"featured_media":5965,"template":"","meta":[],"product_brand":[],"product_cat":[137,138],"product_tag":[288],"class_list":{"0":"post-7427","1":"product","2":"type-product","3":"status-publish","4":"has-post-thumbnail","6":"product_cat-gamme-a-pellet-fr","7":"product_cat-serie-air-fr","8":"product_tag-air-fr","10":"first","11":"instock","12":"shipping-taxable","13":"product-type-simple"},"_links":{"self":[{"href":"https:\/\/bronpi.com\/fr\/wp-json\/wp\/v2\/product\/7427","targetHints":{"allow":["GET"]}}],"collection":[{"href":"https:\/\/bronpi.com\/fr\/wp-json\/wp\/v2\/product"}],"about":[{"href":"https:\/\/bronpi.com\/fr\/wp-json\/wp\/v2\/types\/product"}],"wp:featuredmedia":[{"embeddable":true,"href":"https:\/\/bronpi.com\/fr\/wp-json\/wp\/v2\/media\/5965"}],"wp:attachment":[{"href":"https:\/\/bronpi.com\/fr\/wp-json\/wp\/v2\/media?parent=7427"}],"wp:term":[{"taxonomy":"product_brand","embeddable":true,"href":"https:\/\/bronpi.com\/fr\/wp-json\/wp\/v2\/product_brand?post=7427"},{"taxonomy":"product_cat","embeddable":true,"href":"https:\/\/bronpi.com\/fr\/wp-json\/wp\/v2\/product_cat?post=7427"},{"taxonomy":"product_tag","embeddable":true,"href":"https:\/\/bronpi.com\/fr\/wp-json\/wp\/v2\/product_tag?post=7427"}],"curies":[{"name":"wp","href":"https:\/\/api.w.org\/{rel}","templated":true}]}}