{"id":7447,"date":"2025-07-31T14:06:06","date_gmt":"2025-07-31T12:06:06","guid":{"rendered":"https:\/\/bronpi.com\/product\/trebol\/"},"modified":"2026-02-23T09:55:12","modified_gmt":"2026-02-23T08:55:12","slug":"trebol","status":"publish","type":"product","link":"https:\/\/bronpi.com\/fr\/produit\/trebol\/","title":{"rendered":"TREBOL"},"content":{"rendered":"<p>&#8211; Wifi inclus en standard, pour le contr\u00f4le du po\u00eale.<br \/>\n&#8211; Comprend Technologie Oasys Plus.<br \/>\n&#8211; Comprend Syst\u00e8me Confortek: Auto, Soft- Night et Manual-Smart.<br \/>\n&#8211; Silencieux. Possibilit\u00e9 de d\u00e9connexion totale de la turbine en mode Soft-Night.<br \/>\n&#8211; Programmable: journalier, hebdomadaire et week-end.<br \/>\n&#8211; Bougie c\u00e9ramique: allumage plus rapide.<br \/>\n&#8211; Tr\u00e9mie herm\u00e9tique.<br \/>\n&#8211; Canalisable jusqu\u2019\u00e0 5 m\u00e8tres (avec kit optionnel) (Kit-C-9N).<br \/>\n&#8211; Comprend un syst\u00e8me de canalisation ind\u00e9pendant (SIC) qui permet d\u2019\u00e9teindre, d\u2019allumer et de r\u00e9gler la turbine de canalisation des kits optionnels ind\u00e9pendamment du po\u00eale.<br \/>\n&#8211; Int\u00e9rieur en vermiculite.<br \/>\n&#8211; Br\u00fbleur en fonte.<br \/>\n&#8211; Comprend \u00e9changeur-accumulateur thermique en fonte.<br \/>\n&#8211; Comprend un gant thermique et \u201cT\u201d inox.<\/p>\n<h1><strong>\u00c9l\u00e9ments optionnels:<\/strong><\/h1>\n<p>&#8211; KIT-C-9N: Kit pour canaliser l\u2019air jusqu\u2019\u00e0 5 m\u00e8tres de distance par 1 sortie de 80 mm \u00f8 avec turbine de 130 m3\/h.<br \/>\n&#8211; KIT-F-9: Kit plaques en fonte pour l\u2019int\u00e9rieur de la chambre de combustion.<\/p>\n","protected":false},"excerpt":{"rendered":"<p>Po\u00eale avec Wifi<\/p>\n","protected":false},"featured_media":6001,"template":"","meta":[],"product_brand":[],"product_cat":[137,138],"product_tag":[288,284],"class_list":{"0":"post-7447","1":"product","2":"type-product","3":"status-publish","4":"has-post-thumbnail","6":"product_cat-gamme-a-pellet-fr","7":"product_cat-serie-air-fr","8":"product_tag-air-fr","9":"product_tag-canalisable-fr","11":"first","12":"instock","13":"shipping-taxable","14":"product-type-simple"},"_links":{"self":[{"href":"https:\/\/bronpi.com\/fr\/wp-json\/wp\/v2\/product\/7447","targetHints":{"allow":["GET"]}}],"collection":[{"href":"https:\/\/bronpi.com\/fr\/wp-json\/wp\/v2\/product"}],"about":[{"href":"https:\/\/bronpi.com\/fr\/wp-json\/wp\/v2\/types\/product"}],"wp:featuredmedia":[{"embeddable":true,"href":"https:\/\/bronpi.com\/fr\/wp-json\/wp\/v2\/media\/6001"}],"wp:attachment":[{"href":"https:\/\/bronpi.com\/fr\/wp-json\/wp\/v2\/media?parent=7447"}],"wp:term":[{"taxonomy":"product_brand","embeddable":true,"href":"https:\/\/bronpi.com\/fr\/wp-json\/wp\/v2\/product_brand?post=7447"},{"taxonomy":"product_cat","embeddable":true,"href":"https:\/\/bronpi.com\/fr\/wp-json\/wp\/v2\/product_cat?post=7447"},{"taxonomy":"product_tag","embeddable":true,"href":"https:\/\/bronpi.com\/fr\/wp-json\/wp\/v2\/product_tag?post=7447"}],"curies":[{"name":"wp","href":"https:\/\/api.w.org\/{rel}","templated":true}]}}