{"id":7490,"date":"2025-08-01T07:06:47","date_gmt":"2025-08-01T05:06:47","guid":{"rendered":"https:\/\/bronpi.com\/product\/nina\/"},"modified":"2025-10-21T12:00:00","modified_gmt":"2025-10-21T10:00:00","slug":"nina","status":"publish","type":"product","link":"https:\/\/bronpi.com\/fr\/produit\/nina\/","title":{"rendered":"NINA"},"content":{"rendered":"<p>&#8211; Comprend Technologie Oasys Plus.<br \/>\n&#8211; Comprend Syst\u00e8me Confortek: Auto, Soft- Night, Manual Smart et Energy.<br \/>\n&#8211; Silencieux Possibilit\u00e9 de d\u00e9connexion totale de la turbine en mode Smart et Night.<br \/>\n&#8211; Programmable: journalier, hebdomadaire et week-end.<br \/>\n&#8211; Canalisable jusqu\u2019\u00e0 5 m\u00e8tres (avec kit optionnel) (Kit-C-9N)<br \/>\n&#8211; Comprend un syst\u00e8me de canalisation ind\u00e9pendant (SIC) qui permet d\u2019\u00e9teindre, d\u2019allumer et de r\u00e9gler la turbine de canalisation des kits optionnels ind\u00e9pendamment du po\u00eale.<br \/>\n&#8211; Int\u00e9rieur en vermiculite.<br \/>\n&#8211; Br\u00fbleur en fonte.<br \/>\n&#8211; Comprend \u00e9changeur-accumulateur thermique en fonte.<br \/>\n&#8211; Comprend un gant thermique et \u201cT\u201d inox.<\/p>\n<h1><strong>\u00c9l\u00e9ments optionnels:<\/strong><\/h1>\n<p>&#8211; KIT WIFI 1: Kit Wifi pour le contr\u00f4le \u00e0 distance.<br \/>\n&#8211; KIT-C-9N: Kit pour canaliser l\u2019air jusqu\u2019\u00e0 5 m\u00e8tres de distance par 1 sortie de 80 mm \u00f8 avec turbine de 130 m3\/h.<br \/>\n&#8211; KIT-F-9: Kit plaques en fonte pour l\u2019int\u00e9rieur de la chambre de combustion.<br \/>\n&#8211; PE-029: T\u00e9l\u00e9commande.<\/p>\n","protected":false},"excerpt":{"rendered":"<p>Po\u00eale en angle<\/p>\n","protected":false},"featured_media":6068,"template":"","meta":[],"product_brand":[],"product_cat":[137,138],"product_tag":[288,284],"class_list":{"0":"post-7490","1":"product","2":"type-product","3":"status-publish","4":"has-post-thumbnail","6":"product_cat-gamme-a-pellet-fr","7":"product_cat-serie-air-fr","8":"product_tag-air-fr","9":"product_tag-canalisable-fr","11":"first","12":"instock","13":"shipping-taxable","14":"product-type-simple"},"_links":{"self":[{"href":"https:\/\/bronpi.com\/fr\/wp-json\/wp\/v2\/product\/7490","targetHints":{"allow":["GET"]}}],"collection":[{"href":"https:\/\/bronpi.com\/fr\/wp-json\/wp\/v2\/product"}],"about":[{"href":"https:\/\/bronpi.com\/fr\/wp-json\/wp\/v2\/types\/product"}],"wp:featuredmedia":[{"embeddable":true,"href":"https:\/\/bronpi.com\/fr\/wp-json\/wp\/v2\/media\/6068"}],"wp:attachment":[{"href":"https:\/\/bronpi.com\/fr\/wp-json\/wp\/v2\/media?parent=7490"}],"wp:term":[{"taxonomy":"product_brand","embeddable":true,"href":"https:\/\/bronpi.com\/fr\/wp-json\/wp\/v2\/product_brand?post=7490"},{"taxonomy":"product_cat","embeddable":true,"href":"https:\/\/bronpi.com\/fr\/wp-json\/wp\/v2\/product_cat?post=7490"},{"taxonomy":"product_tag","embeddable":true,"href":"https:\/\/bronpi.com\/fr\/wp-json\/wp\/v2\/product_tag?post=7490"}],"curies":[{"name":"wp","href":"https:\/\/api.w.org\/{rel}","templated":true}]}}