{"id":7512,"date":"2025-08-01T09:44:14","date_gmt":"2025-08-01T07:44:14","guid":{"rendered":"https:\/\/bronpi.com\/product\/cira\/"},"modified":"2025-10-21T09:51:36","modified_gmt":"2025-10-21T07:51:36","slug":"cira","status":"publish","type":"product","link":"https:\/\/bronpi.com\/fr\/produit\/cira\/","title":{"rendered":"CIRA"},"content":{"rendered":"<p>&#8211; Comprend Technologie Oasys Plus.<br \/>\n&#8211; Programmable: journalier, hebdomadaire et week-end.<br \/>\n&#8211; Tr\u00e9mie herm\u00e9tique.<br \/>\n&#8211; Poign\u00e9e mains froides.<br \/>\n&#8211; Possibilit\u00e9 de sortie de fum\u00e9es, lat\u00e9rale (gauche) ou arri\u00e8re.<br \/>\n&#8211; Canalisable jusqu\u2019\u00e0 5 m\u00e8tres (avec kit optionnel) (Kit-C-P9). Canalisation sup\u00e9rieure ou arri\u00e8re.<br \/>\n&#8211; Comprend un syst\u00e8me de canalisation ind\u00e9pendant (SIC) qui permet d\u2019\u00e9teindre, d\u2019allumer et de r\u00e9gler la turbine de canalisation des kits optionnels ind\u00e9pendamment du po\u00eale.<br \/>\n&#8211; Int\u00e9rieur en vermiculite.<br \/>\n&#8211; Br\u00fbleur en fonte.<br \/>\n&#8211; Comprend une t\u00e9l\u00e9commande avec \u00e9cran.<br \/>\n&#8211; Comprend un gant thermique et \u201cT\u201d inox.<\/p>\n<h1><strong>\u00c9l\u00e9ments optionnels:<\/strong><\/h1>\n<p>&#8211; KIT WIFI 1: Kit Wifi pour le contr\u00f4le \u00e0 distance.<br \/>\n&#8211; KIT-C-9P: Kit pour canaliser l\u2019air jusqu\u2019\u00e0 5 m\u00e8tres de distance par 1 sortie de 80 mm \u00f8 avec turbine de 130 m3\/h.<\/p>\n","protected":false},"excerpt":{"rendered":"<p>Po\u00eale slim<\/p>\n","protected":false},"featured_media":6406,"template":"","meta":[],"product_brand":[],"product_cat":[137,138],"product_tag":[288,284],"class_list":{"0":"post-7512","1":"product","2":"type-product","3":"status-publish","4":"has-post-thumbnail","6":"product_cat-gamme-a-pellet-fr","7":"product_cat-serie-air-fr","8":"product_tag-air-fr","9":"product_tag-canalisable-fr","11":"first","12":"instock","13":"shipping-taxable","14":"product-type-simple"},"_links":{"self":[{"href":"https:\/\/bronpi.com\/fr\/wp-json\/wp\/v2\/product\/7512","targetHints":{"allow":["GET"]}}],"collection":[{"href":"https:\/\/bronpi.com\/fr\/wp-json\/wp\/v2\/product"}],"about":[{"href":"https:\/\/bronpi.com\/fr\/wp-json\/wp\/v2\/types\/product"}],"wp:featuredmedia":[{"embeddable":true,"href":"https:\/\/bronpi.com\/fr\/wp-json\/wp\/v2\/media\/6406"}],"wp:attachment":[{"href":"https:\/\/bronpi.com\/fr\/wp-json\/wp\/v2\/media?parent=7512"}],"wp:term":[{"taxonomy":"product_brand","embeddable":true,"href":"https:\/\/bronpi.com\/fr\/wp-json\/wp\/v2\/product_brand?post=7512"},{"taxonomy":"product_cat","embeddable":true,"href":"https:\/\/bronpi.com\/fr\/wp-json\/wp\/v2\/product_cat?post=7512"},{"taxonomy":"product_tag","embeddable":true,"href":"https:\/\/bronpi.com\/fr\/wp-json\/wp\/v2\/product_tag?post=7512"}],"curies":[{"name":"wp","href":"https:\/\/api.w.org\/{rel}","templated":true}]}}