{"id":7663,"date":"2025-08-01T08:06:48","date_gmt":"2025-08-01T06:06:48","guid":{"rendered":"https:\/\/bronpi.com\/product\/noa-horno\/"},"modified":"2026-04-13T10:29:31","modified_gmt":"2026-04-13T08:29:31","slug":"noa-horno","status":"publish","type":"product","link":"https:\/\/bronpi.com\/fr\/produit\/noa-horno\/","title":{"rendered":"NOA HORNO"},"content":{"rendered":"<ul>\n<li>Comprend Technologie Oasys Plus.<\/li>\n<li>Silencieux. Possibilit\u00e9 de d\u00e9connexion totale de la turbine.<\/li>\n<li>Programmable: journalier, hebdomadaire et week-end.<\/li>\n<li>Canalisable jusqu\u2019\u00e0 5 m\u00e8tres (avec kit optionnel) (Kit-C-12N).<\/li>\n<li>Comprend un syst\u00e8me de canalisation ind\u00e9pendant (SIC) qui permet d\u2019\u00e9teindre, d\u2019allumer et de r\u00e9gler la turbine de canalisation des kits optionnels ind\u00e9pendamment du po\u00eale.<\/li>\n<li>Int\u00e9rieur en vermiculite.<\/li>\n<li>Br\u00fbleur en fonte.<\/li>\n<li>Four en Acier inoxydable avec plateau inox de 480x400x60mm et grill de 470x380mm.<\/li>\n<li>Comprend une t\u00e9l\u00e9commande avec \u00e9cran.<\/li>\n<li>Comprend un gant thermique et \u201cT\u201d inox.<\/li>\n<\/ul>\n<h1><strong>\u00c9l\u00e9ments optionnels:<\/strong><\/h1>\n<ul>\n<li>KIT WIFI 2: Kit Wifi pour le contr\u00f4le \u00e0 distance.<\/li>\n<li>KIT-C-12N: Kit pour canaliser l\u2019air jusqu\u2019\u00e0 5 m\u00e8tres de distance par 1 sortie de 80 mm \u00f8 avec turbine de 130 m<sup>3<\/sup>\/h.<\/li>\n<\/ul>\n","protected":false},"excerpt":{"rendered":"<p>Po\u00eale avec four<\/p>\n","protected":false},"featured_media":6244,"template":"","meta":[],"product_brand":[],"product_cat":[137,138],"product_tag":[288],"class_list":{"0":"post-7663","1":"product","2":"type-product","3":"status-publish","4":"has-post-thumbnail","6":"product_cat-gamme-a-pellet-fr","7":"product_cat-serie-air-fr","8":"product_tag-air-fr","10":"first","11":"instock","12":"shipping-taxable","13":"product-type-simple"},"_links":{"self":[{"href":"https:\/\/bronpi.com\/fr\/wp-json\/wp\/v2\/product\/7663","targetHints":{"allow":["GET"]}}],"collection":[{"href":"https:\/\/bronpi.com\/fr\/wp-json\/wp\/v2\/product"}],"about":[{"href":"https:\/\/bronpi.com\/fr\/wp-json\/wp\/v2\/types\/product"}],"wp:featuredmedia":[{"embeddable":true,"href":"https:\/\/bronpi.com\/fr\/wp-json\/wp\/v2\/media\/6244"}],"wp:attachment":[{"href":"https:\/\/bronpi.com\/fr\/wp-json\/wp\/v2\/media?parent=7663"}],"wp:term":[{"taxonomy":"product_brand","embeddable":true,"href":"https:\/\/bronpi.com\/fr\/wp-json\/wp\/v2\/product_brand?post=7663"},{"taxonomy":"product_cat","embeddable":true,"href":"https:\/\/bronpi.com\/fr\/wp-json\/wp\/v2\/product_cat?post=7663"},{"taxonomy":"product_tag","embeddable":true,"href":"https:\/\/bronpi.com\/fr\/wp-json\/wp\/v2\/product_tag?post=7663"}],"curies":[{"name":"wp","href":"https:\/\/api.w.org\/{rel}","templated":true}]}}