{"id":7715,"date":"2025-08-01T08:27:09","date_gmt":"2025-08-01T06:27:09","guid":{"rendered":"https:\/\/bronpi.com\/product\/abril-extra\/"},"modified":"2026-04-09T11:03:48","modified_gmt":"2026-04-09T09:03:48","slug":"abril-extra","status":"publish","type":"product","link":"https:\/\/bronpi.com\/fr\/produit\/abril-extra\/","title":{"rendered":"ABRIL-EXTRA"},"content":{"rendered":"<ul>\n<li>Double syst\u00e8me de nettoyage du br\u00fbleur Rotation 360\u00ba de la base du br\u00fbleur et brossage.<\/li>\n<li>Comprend Technologie Oasys Plus.<\/li>\n<li>Programmable: journalier, hebdomadaire et week-end.<\/li>\n<li>Comprend un conduit de s\u00e9rie pour canaliser l&rsquo;air jusqu&rsquo;\u00e0 5 m\u00e8tres de distance. Comprend un syst\u00e8me de canalisation ind\u00e9pendant (SIC) qui permet d\u2019\u00e9teindre, d\u2019allumer et de r\u00e9gler la turbine de canalisation des kits optionnels ind\u00e9pendamment du po\u00eale.<\/li>\n<li>Bougie c\u00e9ramique: allumage plus rapide.<\/li>\n<li>Silencieux. Possibilit\u00e9 de d\u00e9connexion totale de la turbine.<\/li>\n<li>Tr\u00e9mie herm\u00e9tique.<\/li>\n<li>Possibilit\u00e9 de sortie de fum\u00e9es, lat\u00e9rale ou arri\u00e8re.<\/li>\n<li>Int\u00e9rieur en vermiculite.<\/li>\n<li>Br\u00fbleur de Haut Rendement.<\/li>\n<li>Comprend \u00e9changeur-accumulateur thermique en fonte.<\/li>\n<li>Porte et toit en fonte.<\/li>\n<li>Comprend un gant.<\/li>\n<\/ul>\n<h1><strong>\u00c9l\u00e9ments optionnels:<\/strong><\/h1>\n<ul>\n<li>KIT WIFI 1: Kit Wifi pour le contr\u00f4le \u00e0 distance.<\/li>\n<\/ul>\n","protected":false},"excerpt":{"rendered":"<p>Po\u00eale canalisable avec double syst\u00e8me de nettoyage automatique du br\u00fbleur<\/p>\n","protected":false},"featured_media":6297,"template":"","meta":[],"product_brand":[],"product_cat":[137,138],"product_tag":[288,284],"class_list":{"0":"post-7715","1":"product","2":"type-product","3":"status-publish","4":"has-post-thumbnail","6":"product_cat-gamme-a-pellet-fr","7":"product_cat-serie-air-fr","8":"product_tag-air-fr","9":"product_tag-canalisable-fr","11":"first","12":"instock","13":"shipping-taxable","14":"product-type-simple"},"_links":{"self":[{"href":"https:\/\/bronpi.com\/fr\/wp-json\/wp\/v2\/product\/7715","targetHints":{"allow":["GET"]}}],"collection":[{"href":"https:\/\/bronpi.com\/fr\/wp-json\/wp\/v2\/product"}],"about":[{"href":"https:\/\/bronpi.com\/fr\/wp-json\/wp\/v2\/types\/product"}],"wp:featuredmedia":[{"embeddable":true,"href":"https:\/\/bronpi.com\/fr\/wp-json\/wp\/v2\/media\/6297"}],"wp:attachment":[{"href":"https:\/\/bronpi.com\/fr\/wp-json\/wp\/v2\/media?parent=7715"}],"wp:term":[{"taxonomy":"product_brand","embeddable":true,"href":"https:\/\/bronpi.com\/fr\/wp-json\/wp\/v2\/product_brand?post=7715"},{"taxonomy":"product_cat","embeddable":true,"href":"https:\/\/bronpi.com\/fr\/wp-json\/wp\/v2\/product_cat?post=7715"},{"taxonomy":"product_tag","embeddable":true,"href":"https:\/\/bronpi.com\/fr\/wp-json\/wp\/v2\/product_tag?post=7715"}],"curies":[{"name":"wp","href":"https:\/\/api.w.org\/{rel}","templated":true}]}}