{"id":7790,"date":"2025-08-01T11:13:02","date_gmt":"2025-08-01T09:13:02","guid":{"rendered":"https:\/\/bronpi.com\/product\/alpes-hydro\/"},"modified":"2026-03-11T10:20:10","modified_gmt":"2026-03-11T09:20:10","slug":"alpes-hydro","status":"publish","type":"product","link":"https:\/\/bronpi.com\/fr\/produit\/alpes-hydro\/","title":{"rendered":"ALPES HYDRO"},"content":{"rendered":"<p>&#8211; Comprend Technologie Oasys Plus.<br \/>\n&#8211; Programmable: journalier, hebdomadaire et week-end.<br \/>\n&#8211; Gestion du chauffage et ECS.<br \/>\n&#8211; Comprend capteur de niveau de la tr\u00e9mie.<br \/>\n&#8211; Transducteur de pression.<br \/>\n&#8211; Purgeur automatique.<br \/>\n&#8211; Tiroir frontal amovible pour recharger des granul\u00e9s.<br \/>\n&#8211; Br\u00fbleur en fonte.<br \/>\n&#8211; Comprend une t\u00e9l\u00e9commande avec \u00e9cran.<br \/>\n&#8211; Comprend cadre \u00e0 trois faces en standard.<br \/>\n&#8211; Comprend un gant.<\/p>\n<h1><strong>\u00c9l\u00e9ments optionnels:<\/strong><\/h1>\n<p>&#8211; KIT WIFI 1: Kit Wifi pour le contr\u00f4le \u00e0 distance.<br \/>\n&#8211; KIT-CAR-ALPES: Kit de chargement (grille de chargement + tube de 1 m\u00e8tre).<br \/>\n&#8211; BA: Base avec pieds r\u00e9glables en hauteur.<br \/>\n&#8211; KIT-MARCO4-ALPES Profil inf\u00e9rieur du cadre pour le transformer en 4 c\u00f4t\u00e9s.<br \/>\n&#8211; VAL-02: Vanne anti-condensation de 3&#215;1&Prime;<\/p>\n","protected":false},"excerpt":{"rendered":"<p>Insert hydro<\/p>\n","protected":false},"featured_media":6588,"template":"","meta":[],"product_brand":[],"product_cat":[137,139],"product_tag":[280],"class_list":{"0":"post-7790","1":"product","2":"type-product","3":"status-publish","4":"has-post-thumbnail","6":"product_cat-gamme-a-pellet-fr","7":"product_cat-serie-hydro-fr","8":"product_tag-hydro-fr","10":"first","11":"instock","12":"shipping-taxable","13":"product-type-simple"},"_links":{"self":[{"href":"https:\/\/bronpi.com\/fr\/wp-json\/wp\/v2\/product\/7790","targetHints":{"allow":["GET"]}}],"collection":[{"href":"https:\/\/bronpi.com\/fr\/wp-json\/wp\/v2\/product"}],"about":[{"href":"https:\/\/bronpi.com\/fr\/wp-json\/wp\/v2\/types\/product"}],"wp:featuredmedia":[{"embeddable":true,"href":"https:\/\/bronpi.com\/fr\/wp-json\/wp\/v2\/media\/6588"}],"wp:attachment":[{"href":"https:\/\/bronpi.com\/fr\/wp-json\/wp\/v2\/media?parent=7790"}],"wp:term":[{"taxonomy":"product_brand","embeddable":true,"href":"https:\/\/bronpi.com\/fr\/wp-json\/wp\/v2\/product_brand?post=7790"},{"taxonomy":"product_cat","embeddable":true,"href":"https:\/\/bronpi.com\/fr\/wp-json\/wp\/v2\/product_cat?post=7790"},{"taxonomy":"product_tag","embeddable":true,"href":"https:\/\/bronpi.com\/fr\/wp-json\/wp\/v2\/product_tag?post=7790"}],"curies":[{"name":"wp","href":"https:\/\/api.w.org\/{rel}","templated":true}]}}