{"id":7877,"date":"2025-08-01T13:03:29","date_gmt":"2025-08-01T11:03:29","guid":{"rendered":"https:\/\/bronpi.com\/product\/hydrotex-27\/"},"modified":"2025-11-11T14:06:51","modified_gmt":"2025-11-11T13:06:51","slug":"hydrotex-27","status":"publish","type":"product","link":"https:\/\/bronpi.com\/fr\/produit\/hydrotex-27\/","title":{"rendered":"HYDROTEX-27"},"content":{"rendered":"<p>&#8211; Comprend Technologie Oasys Plus.<br \/>\n&#8211; Programmable: journalier, hebdomadaire et week-end.<br \/>\n&#8211; \u00c9cran LCD-TFT en couleur de 4,3\u201d multitouch pour la programmation et gestion de la chaudi\u00e8re.<br \/>\n&#8211; Syst\u00e8me brevet\u00e9 d\u2019\u00e9change thermique.<br \/>\n&#8211; Gestion du chauffage et ECS.<br \/>\n&#8211; Comprend capteur de niveau de la tr\u00e9mie.<br \/>\n&#8211; Tr\u00e9mie herm\u00e9tique.<br \/>\n&#8211; Chambre isol\u00e9e thermiquement.<br \/>\n&#8211; Transducteur de pression.<br \/>\n&#8211; Purgeur automatique.<br \/>\n&#8211; Br\u00fbleur en fonte.<br \/>\n&#8211; Comprend un gant.<\/p>\n<h1><strong>\u00c9l\u00e9ments optionnels:<\/strong><\/h1>\n<p>&#8211; KIT WIFI 2: Kit Wifi pour le contr\u00f4le \u00e0 distance.<br \/>\n&#8211; VAL-03: Vanne anti-condensation de 3&#215;1&Prime;1\/4.<br \/>\n&#8211; DEP-HYDROTEX: R\u00e9servoir lat\u00e9ral de chargement de 411 litres (260 kg). Possibilit\u00e9 d\u2019installation \u00e0 gauche ou \u00e0 droite.<\/p>\n","protected":false},"excerpt":{"rendered":"<p>Chaudi\u00e8re<\/p>\n","protected":false},"featured_media":6757,"template":"","meta":[],"product_brand":[],"product_cat":[137,139],"product_tag":[280],"class_list":{"0":"post-7877","1":"product","2":"type-product","3":"status-publish","4":"has-post-thumbnail","6":"product_cat-gamme-a-pellet-fr","7":"product_cat-serie-hydro-fr","8":"product_tag-hydro-fr","10":"first","11":"instock","12":"shipping-taxable","13":"product-type-simple"},"_links":{"self":[{"href":"https:\/\/bronpi.com\/fr\/wp-json\/wp\/v2\/product\/7877","targetHints":{"allow":["GET"]}}],"collection":[{"href":"https:\/\/bronpi.com\/fr\/wp-json\/wp\/v2\/product"}],"about":[{"href":"https:\/\/bronpi.com\/fr\/wp-json\/wp\/v2\/types\/product"}],"wp:featuredmedia":[{"embeddable":true,"href":"https:\/\/bronpi.com\/fr\/wp-json\/wp\/v2\/media\/6757"}],"wp:attachment":[{"href":"https:\/\/bronpi.com\/fr\/wp-json\/wp\/v2\/media?parent=7877"}],"wp:term":[{"taxonomy":"product_brand","embeddable":true,"href":"https:\/\/bronpi.com\/fr\/wp-json\/wp\/v2\/product_brand?post=7877"},{"taxonomy":"product_cat","embeddable":true,"href":"https:\/\/bronpi.com\/fr\/wp-json\/wp\/v2\/product_cat?post=7877"},{"taxonomy":"product_tag","embeddable":true,"href":"https:\/\/bronpi.com\/fr\/wp-json\/wp\/v2\/product_tag?post=7877"}],"curies":[{"name":"wp","href":"https:\/\/api.w.org\/{rel}","templated":true}]}}