{"id":7887,"date":"2025-08-01T13:28:43","date_gmt":"2025-08-01T11:28:43","guid":{"rendered":"https:\/\/bronpi.com\/product\/hydroconfort-27\/"},"modified":"2026-03-26T16:17:39","modified_gmt":"2026-03-26T15:17:39","slug":"hydroconfort-27","status":"publish","type":"product","link":"https:\/\/bronpi.com\/fr\/produit\/hydroconfort-27\/","title":{"rendered":"HYDROCONFORT-27"},"content":{"rendered":"<ul>\n<li>Double Syst\u00e8me de nettoyage : Rotation 360\u00ba de la base du br\u00fbleur et brossage.<\/li>\n<li>Syst\u00e8me compacteur de cendres avec cendrier de grande capacit\u00e9 et viseur du niveau de cendres. Inclut poign\u00e9e et roues dans le cendrier pour un transport facile.<\/li>\n<li>Comprend Technologie Oasys Plus.<\/li>\n<li>Programmable: journalier, hebdomadaire et week-end.<\/li>\n<li>\u00c9cran LCD-TFT en couleur de 4,3\u201d multitouch pour la programmation et gestion de la chaudi\u00e8re.<\/li>\n<li>Syst\u00e8me brevet\u00e9 d\u2019\u00e9change thermique.<\/li>\n<li>Gestion du chauffage et ECS.<\/li>\n<li>Comprend capteur de niveau de la tr\u00e9mie.<\/li>\n<li>Tr\u00e9mie herm\u00e9tique.<\/li>\n<li>Chambre isol\u00e9e thermiquement.<\/li>\n<li>Transducteur de pression.<\/li>\n<li>Purgeur automatique.<\/li>\n<li>Br\u00fbleur en fonte.<\/li>\n<li>Comprend un gant.<\/li>\n<\/ul>\n<h1><strong>\u00c9l\u00e9ments optionnels:<\/strong><\/h1>\n<ul>\n<li>KIT WIFI 2: Kit Wifi pour le contr\u00f4le \u00e0 distance.<\/li>\n<li>VAL-03: Vanne anti-condensation de 3&#215;1&Prime;1\/4.<\/li>\n<li>DEP-HYDROCONFORT: R\u00e9servoir lat\u00e9ral de chargement de 411 litres (260 kg). Possibilit\u00e9 d\u2019installation \u00e0 gauche ou \u00e0 droite.<\/li>\n<\/ul>\n","protected":false},"excerpt":{"rendered":"<p>Chaudi\u00e8re avec nettoyage automatique<\/p>\n","protected":false},"featured_media":6794,"template":"","meta":[],"product_brand":[],"product_cat":[137,139],"product_tag":[280],"class_list":{"0":"post-7887","1":"product","2":"type-product","3":"status-publish","4":"has-post-thumbnail","6":"product_cat-gamme-a-pellet-fr","7":"product_cat-serie-hydro-fr","8":"product_tag-hydro-fr","10":"first","11":"instock","12":"shipping-taxable","13":"product-type-simple"},"_links":{"self":[{"href":"https:\/\/bronpi.com\/fr\/wp-json\/wp\/v2\/product\/7887","targetHints":{"allow":["GET"]}}],"collection":[{"href":"https:\/\/bronpi.com\/fr\/wp-json\/wp\/v2\/product"}],"about":[{"href":"https:\/\/bronpi.com\/fr\/wp-json\/wp\/v2\/types\/product"}],"wp:featuredmedia":[{"embeddable":true,"href":"https:\/\/bronpi.com\/fr\/wp-json\/wp\/v2\/media\/6794"}],"wp:attachment":[{"href":"https:\/\/bronpi.com\/fr\/wp-json\/wp\/v2\/media?parent=7887"}],"wp:term":[{"taxonomy":"product_brand","embeddable":true,"href":"https:\/\/bronpi.com\/fr\/wp-json\/wp\/v2\/product_brand?post=7887"},{"taxonomy":"product_cat","embeddable":true,"href":"https:\/\/bronpi.com\/fr\/wp-json\/wp\/v2\/product_cat?post=7887"},{"taxonomy":"product_tag","embeddable":true,"href":"https:\/\/bronpi.com\/fr\/wp-json\/wp\/v2\/product_tag?post=7887"}],"curies":[{"name":"wp","href":"https:\/\/api.w.org\/{rel}","templated":true}]}}