{"id":7893,"date":"2025-03-03T11:37:36","date_gmt":"2025-03-03T10:37:36","guid":{"rendered":"https:\/\/bronpi.com\/product\/insert-hybrid\/"},"modified":"2026-04-13T12:46:03","modified_gmt":"2026-04-13T10:46:03","slug":"insert-hybrid","status":"publish","type":"product","link":"https:\/\/bronpi.com\/fr\/produit\/insert-hybrid\/","title":{"rendered":"INSERT-HYBRID"},"content":{"rendered":"<ul>\n<li>Wifi inclus en standard, pour le contr\u00f4le du po\u00eale.<\/li>\n<li>Mod\u00e8le flexible : Choisissez l&rsquo;int\u00e9rieur.<\/li>\n<li>Comprend le syst\u00e8me Confortek : Soft- Night, Auto et Manual-Smart.<\/li>\n<li>Possibilit\u00e9 d&rsquo;allumage automatique du bois de chauffage.<\/li>\n<li>Comprend Technologie Oasys Plus.<\/li>\n<li>Comprend t\u00e9l\u00e9commande.<\/li>\n<li>Inclus en standard, Kit de charge (grille de charge + tube de 1 m\u00e8tre).<\/li>\n<li>Comprend un gant.<\/li>\n<\/ul>\n<h1><strong>\u00c9l\u00e9ments optionnels:<\/strong><\/h1>\n<ul>\n<li>KIT-VER-IH: Kit int\u00e9rieur vermiculite.<\/li>\n<li>KIT-FIR-IH: Kit int\u00e9rieur Firetek.<\/li>\n<li>BIH: Base avec pieds r\u00e9glables en hauteur.<\/li>\n<li>BIH-FIJA: Base fixe id\u00e9ale pour une installation \u00e0 hauteur minimale.<\/li>\n<li>MARCO4-IH: Cadre 4 c\u00f4t\u00e9s 60 mm.<\/li>\n<li>KIT-AIR-7: Kit avec prises d&rsquo;air ext\u00e9rieures. Pour transformer en \u00e9tanche en mode bois et granul\u00e9s. Pour l&rsquo;installation, il est n\u00e9cessaire l&rsquo;une des bases optionnelles (r\u00e9f. : BIH \/ BIH-FIJA).<\/li>\n<\/ul>\n","protected":false},"excerpt":{"rendered":"<p>Insert \u00e0 bois et granul\u00e9s avec wifi<\/p>\n","protected":false},"featured_media":4815,"template":"","meta":[],"product_brand":[],"product_cat":[130],"product_tag":[280,141],"class_list":{"0":"post-7893","1":"product","2":"type-product","3":"status-publish","4":"has-post-thumbnail","6":"product_cat-serie-mixte-bois-granules-fr","7":"product_tag-hydro-fr","8":"product_tag-nouveau-fr","10":"first","11":"instock","12":"shipping-taxable","13":"product-type-simple"},"_links":{"self":[{"href":"https:\/\/bronpi.com\/fr\/wp-json\/wp\/v2\/product\/7893","targetHints":{"allow":["GET"]}}],"collection":[{"href":"https:\/\/bronpi.com\/fr\/wp-json\/wp\/v2\/product"}],"about":[{"href":"https:\/\/bronpi.com\/fr\/wp-json\/wp\/v2\/types\/product"}],"wp:featuredmedia":[{"embeddable":true,"href":"https:\/\/bronpi.com\/fr\/wp-json\/wp\/v2\/media\/4815"}],"wp:attachment":[{"href":"https:\/\/bronpi.com\/fr\/wp-json\/wp\/v2\/media?parent=7893"}],"wp:term":[{"taxonomy":"product_brand","embeddable":true,"href":"https:\/\/bronpi.com\/fr\/wp-json\/wp\/v2\/product_brand?post=7893"},{"taxonomy":"product_cat","embeddable":true,"href":"https:\/\/bronpi.com\/fr\/wp-json\/wp\/v2\/product_cat?post=7893"},{"taxonomy":"product_tag","embeddable":true,"href":"https:\/\/bronpi.com\/fr\/wp-json\/wp\/v2\/product_tag?post=7893"}],"curies":[{"name":"wp","href":"https:\/\/api.w.org\/{rel}","templated":true}]}}