{"id":7901,"date":"2025-07-30T11:33:04","date_gmt":"2025-07-30T09:33:04","guid":{"rendered":"https:\/\/bronpi.com\/product\/hybrid\/"},"modified":"2026-04-13T12:31:01","modified_gmt":"2026-04-13T10:31:01","slug":"hybrid","status":"publish","type":"product","link":"https:\/\/bronpi.com\/fr\/produit\/hybrid\/","title":{"rendered":"HYBRID"},"content":{"rendered":"<ul>\n<li>Comprend le syst\u00e8me Confortek : Soft- Night, Auto et Manual-Smart.<\/li>\n<li>Possibilit\u00e9 d&rsquo;allumage automatique du bois de chauffage.<\/li>\n<li>Comprend Technologie Oasys Plus.<\/li>\n<li>Poign\u00e9e mains froides.<\/li>\n<li>Comprend un gant<\/li>\n<\/ul>\n<h1><strong>\u00c9l\u00e9ments optionnels:<\/strong><\/h1>\n<ul>\n<li>KIT WIFI 2: Kit Wifi pour le contr\u00f4le \u00e0 distance.<\/li>\n<\/ul>\n","protected":false},"excerpt":{"rendered":"<p>Po\u00eale \u00e0 bois et granul\u00e9s<\/p>\n","protected":false},"featured_media":4896,"template":"","meta":[],"product_brand":[],"product_cat":[130],"product_tag":[280,141],"class_list":{"0":"post-7901","1":"product","2":"type-product","3":"status-publish","4":"has-post-thumbnail","6":"product_cat-serie-mixte-bois-granules-fr","7":"product_tag-hydro-fr","8":"product_tag-nouveau-fr","10":"first","11":"instock","12":"shipping-taxable","13":"product-type-simple"},"_links":{"self":[{"href":"https:\/\/bronpi.com\/fr\/wp-json\/wp\/v2\/product\/7901","targetHints":{"allow":["GET"]}}],"collection":[{"href":"https:\/\/bronpi.com\/fr\/wp-json\/wp\/v2\/product"}],"about":[{"href":"https:\/\/bronpi.com\/fr\/wp-json\/wp\/v2\/types\/product"}],"wp:featuredmedia":[{"embeddable":true,"href":"https:\/\/bronpi.com\/fr\/wp-json\/wp\/v2\/media\/4896"}],"wp:attachment":[{"href":"https:\/\/bronpi.com\/fr\/wp-json\/wp\/v2\/media?parent=7901"}],"wp:term":[{"taxonomy":"product_brand","embeddable":true,"href":"https:\/\/bronpi.com\/fr\/wp-json\/wp\/v2\/product_brand?post=7901"},{"taxonomy":"product_cat","embeddable":true,"href":"https:\/\/bronpi.com\/fr\/wp-json\/wp\/v2\/product_cat?post=7901"},{"taxonomy":"product_tag","embeddable":true,"href":"https:\/\/bronpi.com\/fr\/wp-json\/wp\/v2\/product_tag?post=7901"}],"curies":[{"name":"wp","href":"https:\/\/api.w.org\/{rel}","templated":true}]}}