{"id":7915,"date":"2025-07-30T09:21:51","date_gmt":"2025-07-30T07:21:51","guid":{"rendered":"https:\/\/bronpi.com\/product\/cairo-70-c-cairo-70-i\/"},"modified":"2025-10-23T13:57:37","modified_gmt":"2025-10-23T11:57:37","slug":"cairo-70-c-cairo-70-i","status":"publish","type":"product","link":"https:\/\/bronpi.com\/fr\/produit\/cairo-70-c-cairo-70-i\/","title":{"rendered":"CAIRO-70-C\/ CAIRO-70-I"},"content":{"rendered":"<p>&#8211; Possibilit\u00e9 de choisir l&rsquo;int\u00e9rieur en vermiculite ou Firetek.<br \/>\n&#8211; Porte et grille en fonte.<br \/>\n&#8211; Vitre s\u00e9rigraphi\u00e9 noir.<br \/>\n&#8211; Comprend une turbine de 270 m3\/h.<br \/>\n&#8211; Silencieux. Possibilit\u00e9 de d\u00e9connexion totale de la turbine.<br \/>\n&#8211; Collier de sortie de fum\u00e9e amovible. Id\u00e9al pour ins\u00e9rer dans des chemin\u00e9es en ma\u00e7onnerie<br \/>\n&#8211; R\u00e9gulation de l&rsquo;air de combustion primaire, secondaire et de la triple combustion.<br \/>\n&#8211; Syst\u00e8me de Triple Combustion.<br \/>\n&#8211; Avec possibilit\u00e9 de canaliser (comprend 2 sorties pour canaliser l&rsquo;air jusqu&rsquo;\u00e0 3 m\u00e8tres et 2 colliers de canalisation)<br \/>\n&#8211; Comprend un gant et peinture en spray.<\/p>\n<h1><strong>\u00c9l\u00e9ments optionnels:<\/strong><\/h1>\n<p>&#8211; KIT-VER-70F: Int\u00e9rieur en vermiculite.<\/p>\n<p>&#8211; KIT-FIR-70F: Int\u00e9rieur en Firetek.<br \/>\n&#8211; MARCO4-CAIRO70: Cadre \u00e0 4 c\u00f4t\u00e9s de 4 cm. Comprend<br \/>\nune lame pour l&rsquo;orientation de l&rsquo;air du ventilateur.<\/p>\n<p>&#8211; MARCO3-CAIRO70: Cadre \u00e0 3 c\u00f4t\u00e9s de 4 cm. Comprend une lame pour l&rsquo;orientation de l&rsquo;air du ventilateur.<\/p>\n<p>&#8211; KIT-AIR-5: Kit avec pieds reglables en hauteur et prise d&rsquo;air ext\u00e9rieure. Pour transformer en \u00e9tanche.<\/p>\n","protected":false},"excerpt":{"rendered":"<p>Insert avec turbines<\/p>\n","protected":false},"featured_media":4951,"template":"","meta":[],"product_brand":[],"product_cat":[131,135],"product_tag":[288,284,141],"class_list":{"0":"post-7915","1":"product","2":"type-product","3":"status-publish","4":"has-post-thumbnail","6":"product_cat-gamme-a-bois-fr","7":"product_cat-inserts-a-bois-fr","8":"product_tag-air-fr","9":"product_tag-canalisable-fr","10":"product_tag-nouveau-fr","12":"first","13":"instock","14":"shipping-taxable","15":"product-type-simple"},"_links":{"self":[{"href":"https:\/\/bronpi.com\/fr\/wp-json\/wp\/v2\/product\/7915","targetHints":{"allow":["GET"]}}],"collection":[{"href":"https:\/\/bronpi.com\/fr\/wp-json\/wp\/v2\/product"}],"about":[{"href":"https:\/\/bronpi.com\/fr\/wp-json\/wp\/v2\/types\/product"}],"wp:featuredmedia":[{"embeddable":true,"href":"https:\/\/bronpi.com\/fr\/wp-json\/wp\/v2\/media\/4951"}],"wp:attachment":[{"href":"https:\/\/bronpi.com\/fr\/wp-json\/wp\/v2\/media?parent=7915"}],"wp:term":[{"taxonomy":"product_brand","embeddable":true,"href":"https:\/\/bronpi.com\/fr\/wp-json\/wp\/v2\/product_brand?post=7915"},{"taxonomy":"product_cat","embeddable":true,"href":"https:\/\/bronpi.com\/fr\/wp-json\/wp\/v2\/product_cat?post=7915"},{"taxonomy":"product_tag","embeddable":true,"href":"https:\/\/bronpi.com\/fr\/wp-json\/wp\/v2\/product_tag?post=7915"}],"curies":[{"name":"wp","href":"https:\/\/api.w.org\/{rel}","templated":true}]}}