{"id":7929,"date":"2025-07-30T12:50:25","date_gmt":"2025-07-30T10:50:25","guid":{"rendered":"https:\/\/bronpi.com\/product\/cairo-80-c-cairo-80-i\/"},"modified":"2026-03-11T10:41:13","modified_gmt":"2026-03-11T09:41:13","slug":"cairo-80-c-cairo-80-i","status":"publish","type":"product","link":"https:\/\/bronpi.com\/fr\/produit\/cairo-80-c-cairo-80-i\/","title":{"rendered":"CAIRO-80-C\/ CAIRO-80-I"},"content":{"rendered":"<ul>\n<li>Possibilit\u00e9 de choisir l&rsquo;int\u00e9rieur en vermiculite ou Firetek.<\/li>\n<li>Porte et grille en fonte.<\/li>\n<li>Vitre s\u00e9rigraphi\u00e9 noir.<\/li>\n<li>Comprend une turbine de 335 m<sup>3<\/sup>\/h.<\/li>\n<li>Silencieux. Possibilit\u00e9 de d\u00e9connexion totale de la turbine.<\/li>\n<li>Collier de sortie de fum\u00e9e amovible. Id\u00e9al pour ins\u00e9rer dans des chemin\u00e9es en ma\u00e7onnerie.<\/li>\n<li>R\u00e9gulation de l&rsquo;air de combustion primaire, secondaire et de la triple combustion.<\/li>\n<li>Syst\u00e8me de Triple Combustion.<\/li>\n<li>Avec possibilit\u00e9 de canaliser (comprend 2 sorties pour canaliser l&rsquo;air jusqu&rsquo;\u00e0 3 m\u00e8tres et 2 colliers de canalisation)<\/li>\n<li>Comprend un gant et peinture en spray.<\/li>\n<\/ul>\n<h1><strong>\u00c9l\u00e9ments optionnels:<\/strong><\/h1>\n<ul>\n<li>KIT-VER-80F: Int\u00e9rieur en vermiculite.<\/li>\n<li>KIT-FIR-80F: Int\u00e9rieur en Firetek.<\/li>\n<li>MARCO4-CAIRO80:Cadre \u00e0 4 c\u00f4t\u00e9s de 4 cm. Comprend une lame pour l&rsquo;orientation de l&rsquo;air du ventilateur.<\/li>\n<li>MARCO3-CAIRO80:Cadre \u00e0 3 c\u00f4t\u00e9s de 4 cm. Comprend une lame pour l&rsquo;orientation de l&rsquo;air du ventilateur.<\/li>\n<li>KIT-AIR-5: Kit avec pieds reglables en hauteur et prise d&rsquo;air ext\u00e9rieure. Pour transformer en \u00e9tanche.<\/li>\n<\/ul>\n","protected":false},"excerpt":{"rendered":"<p>Insert avec turbines<\/p>\n","protected":false},"featured_media":4956,"template":"","meta":[],"product_brand":[],"product_cat":[131,135],"product_tag":[288,284,141],"class_list":{"0":"post-7929","1":"product","2":"type-product","3":"status-publish","4":"has-post-thumbnail","6":"product_cat-gamme-a-bois-fr","7":"product_cat-inserts-a-bois-fr","8":"product_tag-air-fr","9":"product_tag-canalisable-fr","10":"product_tag-nouveau-fr","12":"first","13":"instock","14":"shipping-taxable","15":"product-type-simple"},"_links":{"self":[{"href":"https:\/\/bronpi.com\/fr\/wp-json\/wp\/v2\/product\/7929","targetHints":{"allow":["GET"]}}],"collection":[{"href":"https:\/\/bronpi.com\/fr\/wp-json\/wp\/v2\/product"}],"about":[{"href":"https:\/\/bronpi.com\/fr\/wp-json\/wp\/v2\/types\/product"}],"wp:featuredmedia":[{"embeddable":true,"href":"https:\/\/bronpi.com\/fr\/wp-json\/wp\/v2\/media\/4956"}],"wp:attachment":[{"href":"https:\/\/bronpi.com\/fr\/wp-json\/wp\/v2\/media?parent=7929"}],"wp:term":[{"taxonomy":"product_brand","embeddable":true,"href":"https:\/\/bronpi.com\/fr\/wp-json\/wp\/v2\/product_brand?post=7929"},{"taxonomy":"product_cat","embeddable":true,"href":"https:\/\/bronpi.com\/fr\/wp-json\/wp\/v2\/product_cat?post=7929"},{"taxonomy":"product_tag","embeddable":true,"href":"https:\/\/bronpi.com\/fr\/wp-json\/wp\/v2\/product_tag?post=7929"}],"curies":[{"name":"wp","href":"https:\/\/api.w.org\/{rel}","templated":true}]}}