{"id":7957,"date":"2025-07-30T14:04:34","date_gmt":"2025-07-30T12:04:34","guid":{"rendered":"https:\/\/bronpi.com\/product\/cairo-110\/"},"modified":"2026-03-16T17:51:43","modified_gmt":"2026-03-16T16:51:43","slug":"cairo-110","status":"publish","type":"product","link":"https:\/\/bronpi.com\/fr\/produit\/cairo-110\/","title":{"rendered":"CAIRO-110"},"content":{"rendered":"<ul>\n<li>Mod\u00e8le \u00e9tanche. Comprend une prise d&rsquo;air externe.<\/li>\n<li>Silencieux. Possibilit\u00e9 de d\u00e9connexion totale de la turbine.<\/li>\n<li>Porte et grille en fonte.<\/li>\n<li>Vitre s\u00e9rigraphi\u00e9 noir.<\/li>\n<li>Possibilit\u00e9 de choisir l&rsquo;int\u00e9rieur en vermiculite ou Firetek.<\/li>\n<li>R\u00e9gulation de l&rsquo;air de combustion primaire, secondaire et de la triple combustion.<\/li>\n<li>Syst\u00e8me de Triple Combustion.<\/li>\n<li>Comprend des pieds r\u00e9glables en hauteur.<\/li>\n<li>Avec possibilit\u00e9 de canaliser (comprend des sorties micro perfor\u00e9es pour canaliser l&rsquo;air jusqu&rsquo;\u00e0 7 m\u00e8tres et deux colliers de canalisation).<\/li>\n<li>R\u00e9gulation d&rsquo;air frontale, avec possibilit\u00e9 de fermer et d&rsquo;augmenter le d\u00e9bit pour canaliser.<\/li>\n<li>Cadre en standard inclus.<\/li>\n<li>Comprend un gant et peinture en spray.<\/li>\n<\/ul>\n<h1><strong>\u00c9l\u00e9ments optionnels:<\/strong><\/h1>\n<ul>\n<li>KIT AIRE CAIRO Turbine + unit\u00e9 de contr\u00f4le avec \u00e9cran. Double: 2 turbines de 450 m<sup>3<\/sup>\/h. Frontal et angle: 1 turbine de 550 m<sup>3<\/sup>\/h.<\/li>\n<li>KIT VERMICULITE<\/li>\n<li>KIT FIRETEK<\/li>\n<\/ul>\n","protected":false},"excerpt":{"rendered":"<p>Inserts panoramiques -110 cm-<\/p>\n","protected":false},"featured_media":5128,"template":"","meta":[],"product_brand":[],"product_cat":[131,135],"product_tag":[288,284],"class_list":{"0":"post-7957","1":"product","2":"type-product","3":"status-publish","4":"has-post-thumbnail","6":"product_cat-gamme-a-bois-fr","7":"product_cat-inserts-a-bois-fr","8":"product_tag-air-fr","9":"product_tag-canalisable-fr","11":"first","12":"instock","13":"shipping-taxable","14":"product-type-simple"},"_links":{"self":[{"href":"https:\/\/bronpi.com\/fr\/wp-json\/wp\/v2\/product\/7957","targetHints":{"allow":["GET"]}}],"collection":[{"href":"https:\/\/bronpi.com\/fr\/wp-json\/wp\/v2\/product"}],"about":[{"href":"https:\/\/bronpi.com\/fr\/wp-json\/wp\/v2\/types\/product"}],"wp:featuredmedia":[{"embeddable":true,"href":"https:\/\/bronpi.com\/fr\/wp-json\/wp\/v2\/media\/5128"}],"wp:attachment":[{"href":"https:\/\/bronpi.com\/fr\/wp-json\/wp\/v2\/media?parent=7957"}],"wp:term":[{"taxonomy":"product_brand","embeddable":true,"href":"https:\/\/bronpi.com\/fr\/wp-json\/wp\/v2\/product_brand?post=7957"},{"taxonomy":"product_cat","embeddable":true,"href":"https:\/\/bronpi.com\/fr\/wp-json\/wp\/v2\/product_cat?post=7957"},{"taxonomy":"product_tag","embeddable":true,"href":"https:\/\/bronpi.com\/fr\/wp-json\/wp\/v2\/product_tag?post=7957"}],"curies":[{"name":"wp","href":"https:\/\/api.w.org\/{rel}","templated":true}]}}