{"id":7991,"date":"2025-07-30T14:10:43","date_gmt":"2025-07-30T12:10:43","guid":{"rendered":"https:\/\/bronpi.com\/product\/cairo-90e\/"},"modified":"2025-10-24T11:54:51","modified_gmt":"2025-10-24T09:54:51","slug":"cairo-90e","status":"publish","type":"product","link":"https:\/\/bronpi.com\/fr\/produit\/cairo-90e\/","title":{"rendered":"CAIRO-90E"},"content":{"rendered":"<p>&#8211; Mod\u00e8le \u00e9tanche. Comprend une prise d&rsquo;air externe.<br \/>\n&#8211; Silencieux. Possibilit\u00e9 de d\u00e9connexion totale de la turbine.<br \/>\n&#8211; Porte et grille en fonte.<br \/>\n&#8211; Vitre s\u00e9rigraphi\u00e9 noir.<br \/>\n&#8211; Possibilit\u00e9 de choisir l&rsquo;int\u00e9rieur en vermiculite ou Firetek.<br \/>\n&#8211; R\u00e9gulation de l&rsquo;air de combustion primaire, secondaire et de la triple combustion.<br \/>\n&#8211; Syst\u00e8me de Triple Combustion.<br \/>\n&#8211; Comprend des pieds r\u00e9glables en hauteur.<br \/>\n&#8211; Avec possibilit\u00e9 de canaliser (comprend des sorties micro perfor\u00e9es pour canaliser l&rsquo;air jusqu&rsquo;\u00e0 7 m\u00e8tres et deux colliers de canalisation).<br \/>\n&#8211; R\u00e9gulation d&rsquo;air frontale, avec possibilit\u00e9 de fermer et d&rsquo;augmenter le d\u00e9bit pour canaliser.<br \/>\n&#8211; Cadre en standard inclus.<br \/>\n&#8211; Comprend un gant et peinture en spray.<\/p>\n<h1><strong>\u00c9l\u00e9ments optionnels:<\/strong><\/h1>\n<p>&#8211; KIT AIRE CAIRO Turbine + unit\u00e9 de contr\u00f4le avec \u00e9cran. Double: 2 turbines de 450 m3\/h. Frontal et angle: 1 turbine de 550 m3\/h.<\/p>\n<p>&#8211; KIT VERMICULITE<br \/>\n&#8211; KIT FIRETEK<\/p>\n","protected":false},"excerpt":{"rendered":"<p>Insert panoramique d&rsquo;angle (c\u00f4t\u00e9 droit ou c\u00f4t\u00e9 gauche) -90 cm-<\/p>\n","protected":false},"featured_media":5154,"template":"","meta":[],"product_brand":[],"product_cat":[131,135],"product_tag":[288,284],"class_list":{"0":"post-7991","1":"product","2":"type-product","3":"status-publish","4":"has-post-thumbnail","6":"product_cat-gamme-a-bois-fr","7":"product_cat-inserts-a-bois-fr","8":"product_tag-air-fr","9":"product_tag-canalisable-fr","11":"first","12":"instock","13":"shipping-taxable","14":"product-type-simple"},"_links":{"self":[{"href":"https:\/\/bronpi.com\/fr\/wp-json\/wp\/v2\/product\/7991","targetHints":{"allow":["GET"]}}],"collection":[{"href":"https:\/\/bronpi.com\/fr\/wp-json\/wp\/v2\/product"}],"about":[{"href":"https:\/\/bronpi.com\/fr\/wp-json\/wp\/v2\/types\/product"}],"wp:featuredmedia":[{"embeddable":true,"href":"https:\/\/bronpi.com\/fr\/wp-json\/wp\/v2\/media\/5154"}],"wp:attachment":[{"href":"https:\/\/bronpi.com\/fr\/wp-json\/wp\/v2\/media?parent=7991"}],"wp:term":[{"taxonomy":"product_brand","embeddable":true,"href":"https:\/\/bronpi.com\/fr\/wp-json\/wp\/v2\/product_brand?post=7991"},{"taxonomy":"product_cat","embeddable":true,"href":"https:\/\/bronpi.com\/fr\/wp-json\/wp\/v2\/product_cat?post=7991"},{"taxonomy":"product_tag","embeddable":true,"href":"https:\/\/bronpi.com\/fr\/wp-json\/wp\/v2\/product_tag?post=7991"}],"curies":[{"name":"wp","href":"https:\/\/api.w.org\/{rel}","templated":true}]}}