{"id":8072,"date":"2025-03-03T11:37:35","date_gmt":"2025-03-03T10:37:35","guid":{"rendered":"https:\/\/bronpi.com\/product\/paris-55-paris-55-vision\/"},"modified":"2026-03-17T17:48:08","modified_gmt":"2026-03-17T16:48:08","slug":"paris-55-paris-55-vision","status":"publish","type":"product","link":"https:\/\/bronpi.com\/fr\/produit\/paris-55-paris-55-vision\/","title":{"rendered":"PARIS-55\/ PARIS-55 VISION"},"content":{"rendered":"<ul>\n<li>Porte, int\u00e9rieur et grille en fonte.<\/li>\n<li>R\u00e9gulation de l&rsquo;air de combustion primaire et secondaire.<\/li>\n<li>Syst\u00e8me de Triple Combustion.<\/li>\n<li>Comprend une turbine avec interrupteur \u00e0 deux vitesses.<\/li>\n<li>Silencieux. Possibilit\u00e9 de d\u00e9connexion totale de la turbine.<\/li>\n<li>R\u00e9gulation d&rsquo;air frontale, avec possibilit\u00e9 de fermer et d&rsquo;augmenter le d\u00e9bit pour canaliser.<\/li>\n<li>Avec possibilit\u00e9 de canaliser (comprend 2 sorties micro perfor\u00e9es pour canaliser l&rsquo;air jusqu&rsquo;\u00e0 3 m\u00e8tres, comprend des colliers de canalisation).<\/li>\n<li>Comprend une grille amovible, rotative et r\u00e9glable \u00e0 diff\u00e9rentes hauteurs.<\/li>\n<li>Comprend des pieds r\u00e9glables en hauteur.<\/li>\n<li>Cadre en standard inclus.<\/li>\n<li>Comprend un gant et peinture en spray.<\/li>\n<\/ul>\n<p>&nbsp;<\/p>\n<h1><strong>\u00c9l\u00e9ments optionnels:<\/strong><\/h1>\n<p>&nbsp;<\/p>\n<ul>\n<li>KIT-AIR-2: Kit avec prise d&rsquo;air ext\u00e9rieure. Pour transformer en \u00e9tanche.<\/li>\n<\/ul>\n<p>&nbsp;<\/p>\n","protected":false},"excerpt":{"rendered":"<p>Insert frontal -55 cm- avec turbine et int\u00e9rieur en fonte<\/p>\n","protected":false},"featured_media":5415,"template":"","meta":[],"product_brand":[],"product_cat":[131,135],"product_tag":[288,284],"class_list":{"0":"post-8072","1":"product","2":"type-product","3":"status-publish","4":"has-post-thumbnail","6":"product_cat-gamme-a-bois-fr","7":"product_cat-inserts-a-bois-fr","8":"product_tag-air-fr","9":"product_tag-canalisable-fr","11":"first","12":"instock","13":"shipping-taxable","14":"product-type-simple"},"_links":{"self":[{"href":"https:\/\/bronpi.com\/fr\/wp-json\/wp\/v2\/product\/8072","targetHints":{"allow":["GET"]}}],"collection":[{"href":"https:\/\/bronpi.com\/fr\/wp-json\/wp\/v2\/product"}],"about":[{"href":"https:\/\/bronpi.com\/fr\/wp-json\/wp\/v2\/types\/product"}],"wp:featuredmedia":[{"embeddable":true,"href":"https:\/\/bronpi.com\/fr\/wp-json\/wp\/v2\/media\/5415"}],"wp:attachment":[{"href":"https:\/\/bronpi.com\/fr\/wp-json\/wp\/v2\/media?parent=8072"}],"wp:term":[{"taxonomy":"product_brand","embeddable":true,"href":"https:\/\/bronpi.com\/fr\/wp-json\/wp\/v2\/product_brand?post=8072"},{"taxonomy":"product_cat","embeddable":true,"href":"https:\/\/bronpi.com\/fr\/wp-json\/wp\/v2\/product_cat?post=8072"},{"taxonomy":"product_tag","embeddable":true,"href":"https:\/\/bronpi.com\/fr\/wp-json\/wp\/v2\/product_tag?post=8072"}],"curies":[{"name":"wp","href":"https:\/\/api.w.org\/{rel}","templated":true}]}}