{"id":8156,"date":"2025-07-31T10:27:49","date_gmt":"2025-07-31T08:27:49","guid":{"rendered":"https:\/\/bronpi.com\/product\/paris-90-3c-paris-90-3c-vision\/"},"modified":"2025-10-24T17:25:58","modified_gmt":"2025-10-24T15:25:58","slug":"paris-90-3c-paris-90-3c-vision","status":"publish","type":"product","link":"https:\/\/bronpi.com\/fr\/produit\/paris-90-3c-paris-90-3c-vision\/","title":{"rendered":"PARIS-90-3C\/ PARIS-90-3C VISION"},"content":{"rendered":"<p>&#8211; Porte, int\u00e9rieur et grille en fonte.<br \/>\n&#8211; R\u00e9gulation de l&rsquo;air de combustion primaire et secondaire.<br \/>\n&#8211; Syst\u00e8me de Triple Combustion.<br \/>\n&#8211; Comprend une turbine avec interrupteur \u00e0 deux vitesses.<br \/>\n&#8211; Silencieux. Possibilit\u00e9 de d\u00e9connexion totale de la turbine.<br \/>\n&#8211; R\u00e9gulation d&rsquo;air frontale, avec possibilit\u00e9 de fermer et d&rsquo;augmenter le d\u00e9bit pour canaliser.<br \/>\n&#8211; Avec possibilit\u00e9 de canaliser (comprend 2 sorties micro perfor\u00e9es pour canaliser l&rsquo;air jusqu&rsquo;\u00e0 3 m\u00e8tres, comprend des colliers de canalisation).<br \/>\n&#8211; Comprend une grille amovible, rotative et r\u00e9glable \u00e0 diff\u00e9rentes hauteurs.<br \/>\n&#8211; Comprend des pieds r\u00e9glables en hauteur.<br \/>\n&#8211; Cadre en standard inclus.<br \/>\n&#8211; Comprend un gant et peinture en spray.<\/p>\n<p>&nbsp;<\/p>\n<h1><strong>\u00c9l\u00e9ments optionnels:<\/strong><\/h1>\n<p>&nbsp;<\/p>\n<p>&#8211; KIT-AIR-2: Kit avec prise d&rsquo;air ext\u00e9rieure Pour transformer en \u00e9tanche.<\/p>\n<p>&nbsp;<\/p>\n","protected":false},"excerpt":{"rendered":"<p>Ins\u00e9rable 3 vitres -90 cm- avec turbine et int\u00e9rieur en fonte<\/p>\n","protected":false},"featured_media":5550,"template":"","meta":[],"product_brand":[],"product_cat":[131,135],"product_tag":[288,284],"class_list":{"0":"post-8156","1":"product","2":"type-product","3":"status-publish","4":"has-post-thumbnail","6":"product_cat-gamme-a-bois-fr","7":"product_cat-inserts-a-bois-fr","8":"product_tag-air-fr","9":"product_tag-canalisable-fr","11":"first","12":"instock","13":"shipping-taxable","14":"product-type-simple"},"_links":{"self":[{"href":"https:\/\/bronpi.com\/fr\/wp-json\/wp\/v2\/product\/8156","targetHints":{"allow":["GET"]}}],"collection":[{"href":"https:\/\/bronpi.com\/fr\/wp-json\/wp\/v2\/product"}],"about":[{"href":"https:\/\/bronpi.com\/fr\/wp-json\/wp\/v2\/types\/product"}],"wp:featuredmedia":[{"embeddable":true,"href":"https:\/\/bronpi.com\/fr\/wp-json\/wp\/v2\/media\/5550"}],"wp:attachment":[{"href":"https:\/\/bronpi.com\/fr\/wp-json\/wp\/v2\/media?parent=8156"}],"wp:term":[{"taxonomy":"product_brand","embeddable":true,"href":"https:\/\/bronpi.com\/fr\/wp-json\/wp\/v2\/product_brand?post=8156"},{"taxonomy":"product_cat","embeddable":true,"href":"https:\/\/bronpi.com\/fr\/wp-json\/wp\/v2\/product_cat?post=8156"},{"taxonomy":"product_tag","embeddable":true,"href":"https:\/\/bronpi.com\/fr\/wp-json\/wp\/v2\/product_tag?post=8156"}],"curies":[{"name":"wp","href":"https:\/\/api.w.org\/{rel}","templated":true}]}}