{"id":8175,"date":"2025-03-03T11:37:36","date_gmt":"2025-03-03T10:37:36","guid":{"rendered":"https:\/\/bronpi.com\/product\/londres-londres-vision\/"},"modified":"2026-03-20T12:31:18","modified_gmt":"2026-03-20T11:31:18","slug":"londres-londres-vision","status":"publish","type":"product","link":"https:\/\/bronpi.com\/fr\/produit\/londres-londres-vision\/","title":{"rendered":"LONDRES\/ LONDRES-VISION"},"content":{"rendered":"<ul>\n<li>Porte et grille en fonte.<\/li>\n<li>Int\u00e9rieur en vermiculite.<\/li>\n<li>R\u00e9gulation de l&rsquo;air de combustion primaire et secondaire.<\/li>\n<li>Syst\u00e8me de Triple Combustion.<\/li>\n<li>Pieds r\u00e9glables en hauteur inclus.<\/li>\n<li>Comprend un cadre \u00e0 4 c\u00f4t\u00e9s en standard.<\/li>\n<li>Comprend un gant et peinture en spray.<\/li>\n<\/ul>\n","protected":false},"excerpt":{"rendered":"<p>Insert panoramique<\/p>\n","protected":false},"featured_media":5305,"template":"","meta":[],"product_brand":[],"product_cat":[131,135],"product_tag":[288],"class_list":{"0":"post-8175","1":"product","2":"type-product","3":"status-publish","4":"has-post-thumbnail","6":"product_cat-gamme-a-bois-fr","7":"product_cat-inserts-a-bois-fr","8":"product_tag-air-fr","10":"first","11":"instock","12":"shipping-taxable","13":"product-type-simple"},"_links":{"self":[{"href":"https:\/\/bronpi.com\/fr\/wp-json\/wp\/v2\/product\/8175","targetHints":{"allow":["GET"]}}],"collection":[{"href":"https:\/\/bronpi.com\/fr\/wp-json\/wp\/v2\/product"}],"about":[{"href":"https:\/\/bronpi.com\/fr\/wp-json\/wp\/v2\/types\/product"}],"wp:featuredmedia":[{"embeddable":true,"href":"https:\/\/bronpi.com\/fr\/wp-json\/wp\/v2\/media\/5305"}],"wp:attachment":[{"href":"https:\/\/bronpi.com\/fr\/wp-json\/wp\/v2\/media?parent=8175"}],"wp:term":[{"taxonomy":"product_brand","embeddable":true,"href":"https:\/\/bronpi.com\/fr\/wp-json\/wp\/v2\/product_brand?post=8175"},{"taxonomy":"product_cat","embeddable":true,"href":"https:\/\/bronpi.com\/fr\/wp-json\/wp\/v2\/product_cat?post=8175"},{"taxonomy":"product_tag","embeddable":true,"href":"https:\/\/bronpi.com\/fr\/wp-json\/wp\/v2\/product_tag?post=8175"}],"curies":[{"name":"wp","href":"https:\/\/api.w.org\/{rel}","templated":true}]}}