{"id":8198,"date":"2025-07-31T08:32:29","date_gmt":"2025-07-31T06:32:29","guid":{"rendered":"https:\/\/bronpi.com\/product\/londres-t-londres-t-vision\/"},"modified":"2026-03-20T12:22:01","modified_gmt":"2026-03-20T11:22:01","slug":"londres-t-londres-t-vision","status":"publish","type":"product","link":"https:\/\/bronpi.com\/fr\/produit\/londres-t-londres-t-vision\/","title":{"rendered":"LONDRES-T\/ LONDRES-T-VISION"},"content":{"rendered":"<ul>\n<li>Porte et grille en fonte.<\/li>\n<li>Int\u00e9rieur en vermiculite.<\/li>\n<li>R\u00e9gulation de l&rsquo;air de combustion primaire et secondaire.<\/li>\n<li>Syst\u00e8me de Triple Combustion.<\/li>\n<li>Avec possibilit\u00e9 de canaliser (comprend 4 sorties micro perfor\u00e9es pour canaliser l&rsquo;air jusqu&rsquo;\u00e0 8 m\u00e8tres).<\/li>\n<li>Quatre colliers de canalisation inclus.<\/li>\n<li>Pieds r\u00e9glables en hauteur inclus.<\/li>\n<li>Comprend un cadre \u00e0 4 c\u00f4t\u00e9s en standard.<\/li>\n<li>Comprend un gant et peinture en spray.<\/li>\n<\/ul>\n","protected":false},"excerpt":{"rendered":"<p>Insert panoramique avec turbine<\/p>\n","protected":false},"featured_media":5357,"template":"","meta":[],"product_brand":[],"product_cat":[131,135],"product_tag":[288,284],"class_list":{"0":"post-8198","1":"product","2":"type-product","3":"status-publish","4":"has-post-thumbnail","6":"product_cat-gamme-a-bois-fr","7":"product_cat-inserts-a-bois-fr","8":"product_tag-air-fr","9":"product_tag-canalisable-fr","11":"first","12":"instock","13":"shipping-taxable","14":"product-type-simple"},"_links":{"self":[{"href":"https:\/\/bronpi.com\/fr\/wp-json\/wp\/v2\/product\/8198","targetHints":{"allow":["GET"]}}],"collection":[{"href":"https:\/\/bronpi.com\/fr\/wp-json\/wp\/v2\/product"}],"about":[{"href":"https:\/\/bronpi.com\/fr\/wp-json\/wp\/v2\/types\/product"}],"wp:featuredmedia":[{"embeddable":true,"href":"https:\/\/bronpi.com\/fr\/wp-json\/wp\/v2\/media\/5357"}],"wp:attachment":[{"href":"https:\/\/bronpi.com\/fr\/wp-json\/wp\/v2\/media?parent=8198"}],"wp:term":[{"taxonomy":"product_brand","embeddable":true,"href":"https:\/\/bronpi.com\/fr\/wp-json\/wp\/v2\/product_brand?post=8198"},{"taxonomy":"product_cat","embeddable":true,"href":"https:\/\/bronpi.com\/fr\/wp-json\/wp\/v2\/product_cat?post=8198"},{"taxonomy":"product_tag","embeddable":true,"href":"https:\/\/bronpi.com\/fr\/wp-json\/wp\/v2\/product_tag?post=8198"}],"curies":[{"name":"wp","href":"https:\/\/api.w.org\/{rel}","templated":true}]}}