{"id":8222,"date":"2025-03-03T11:37:36","date_gmt":"2025-03-03T10:37:36","guid":{"rendered":"https:\/\/bronpi.com\/product\/serie-florida-p\/"},"modified":"2026-03-23T13:25:09","modified_gmt":"2026-03-23T12:25:09","slug":"serie-florida-p","status":"publish","type":"product","link":"https:\/\/bronpi.com\/fr\/produit\/serie-florida-p\/","title":{"rendered":"S\u00c9RIE FLORIDA-P"},"content":{"rendered":"<ul>\n<li>Porte et grille en fonte.<\/li>\n<li>Int\u00e9rieur en vermiculite.<\/li>\n<li>Comprend deux ventilateurs de 160 m<sup>3<\/sup>\/h avec interrupteur \u00e0 deux vitesses et thermostat.<\/li>\n<li>Avec possibilit\u00e9 de canaliser (comprend deux sorties microperfor\u00e9es pour canaliser l&rsquo;air jusqu&rsquo;\u00e0 trois m\u00e8tres et deux colliers de canalisation).<\/li>\n<li>R\u00e9gulation de l&rsquo;air de combustion primaire.<\/li>\n<li>Syst\u00e8me de Triple Combustion.<\/li>\n<li>Comprend un cadre \u00e0 4 c\u00f4t\u00e9s en standard.<\/li>\n<li>Comprend un gant et peinture en spray.<\/li>\n<\/ul>\n","protected":false},"excerpt":{"rendered":"<p>Insert panoramique avec ventilateurs<\/p>\n","protected":false},"featured_media":3727,"template":"","meta":[],"product_brand":[],"product_cat":[131,135],"product_tag":[288,284],"class_list":{"0":"post-8222","1":"product","2":"type-product","3":"status-publish","4":"has-post-thumbnail","6":"product_cat-gamme-a-bois-fr","7":"product_cat-inserts-a-bois-fr","8":"product_tag-air-fr","9":"product_tag-canalisable-fr","11":"first","12":"instock","13":"shipping-taxable","14":"product-type-simple"},"_links":{"self":[{"href":"https:\/\/bronpi.com\/fr\/wp-json\/wp\/v2\/product\/8222","targetHints":{"allow":["GET"]}}],"collection":[{"href":"https:\/\/bronpi.com\/fr\/wp-json\/wp\/v2\/product"}],"about":[{"href":"https:\/\/bronpi.com\/fr\/wp-json\/wp\/v2\/types\/product"}],"wp:featuredmedia":[{"embeddable":true,"href":"https:\/\/bronpi.com\/fr\/wp-json\/wp\/v2\/media\/3727"}],"wp:attachment":[{"href":"https:\/\/bronpi.com\/fr\/wp-json\/wp\/v2\/media?parent=8222"}],"wp:term":[{"taxonomy":"product_brand","embeddable":true,"href":"https:\/\/bronpi.com\/fr\/wp-json\/wp\/v2\/product_brand?post=8222"},{"taxonomy":"product_cat","embeddable":true,"href":"https:\/\/bronpi.com\/fr\/wp-json\/wp\/v2\/product_cat?post=8222"},{"taxonomy":"product_tag","embeddable":true,"href":"https:\/\/bronpi.com\/fr\/wp-json\/wp\/v2\/product_tag?post=8222"}],"curies":[{"name":"wp","href":"https:\/\/api.w.org\/{rel}","templated":true}]}}