{"id":8243,"date":"2025-07-30T13:02:59","date_gmt":"2025-07-30T11:02:59","guid":{"rendered":"https:\/\/bronpi.com\/product\/rioja-rioja-vision\/"},"modified":"2026-03-23T16:20:08","modified_gmt":"2026-03-23T15:20:08","slug":"rioja-rioja-vision","status":"publish","type":"product","link":"https:\/\/bronpi.com\/fr\/produit\/rioja-rioja-vision\/","title":{"rendered":"RIOJA\/ RIOJA VISION"},"content":{"rendered":"<ul>\n<li>Porte et grille en fonte.<\/li>\n<li>Int\u00e9rieur en vermiculite.<\/li>\n<li>Comprend deux ventilateurs avec interrupteur \u00e0 deux vitesses et thermostat.<\/li>\n<li>Avec possibilit\u00e9 de canaliser (comprend deux sorties micro perfor\u00e9es pour canaliser l&rsquo;air jusqu&rsquo;\u00e0 3 m\u00e8tres et deux colliers de canalisation).<\/li>\n<li>R\u00e9gulation de l&rsquo;air de combustion primaire et secondaire.<\/li>\n<li>Syst\u00e8me Double Combustion.<\/li>\n<li>Collier de sortie de fum\u00e9e amovible. Id\u00e9al pour ins\u00e9rer dans des chemin\u00e9es en ma\u00e7onnerie<\/li>\n<li>Comprend une grille amovible, rotative et r\u00e9glable en hauteur.<\/li>\n<li>Comprend un cadre \u00e0 3 c\u00f4t\u00e9s en standard.<\/li>\n<li>Comprend un gant et peinture en spray.<\/li>\n<\/ul>\n<h1><strong>\u00c9l\u00e9ments optionnels:<\/strong><\/h1>\n<ul>\n<li>KIT-MARCO4: Profil\u00e9 de cadre inf\u00e9rieur pour le convertir en 4 c\u00f4t\u00e9s.<\/li>\n<li>MARCO4-RC: Cadre \u00e0 4 c\u00f4t\u00e9s de 5 cms.<\/li>\n<\/ul>\n","protected":false},"excerpt":{"rendered":"<p>Inserts de dimensions r\u00e9duites<\/p>\n","protected":false},"featured_media":5065,"template":"","meta":[],"product_brand":[],"product_cat":[131,135],"product_tag":[288,284,141],"class_list":{"0":"post-8243","1":"product","2":"type-product","3":"status-publish","4":"has-post-thumbnail","6":"product_cat-gamme-a-bois-fr","7":"product_cat-inserts-a-bois-fr","8":"product_tag-air-fr","9":"product_tag-canalisable-fr","10":"product_tag-nouveau-fr","12":"first","13":"instock","14":"shipping-taxable","15":"product-type-simple"},"_links":{"self":[{"href":"https:\/\/bronpi.com\/fr\/wp-json\/wp\/v2\/product\/8243","targetHints":{"allow":["GET"]}}],"collection":[{"href":"https:\/\/bronpi.com\/fr\/wp-json\/wp\/v2\/product"}],"about":[{"href":"https:\/\/bronpi.com\/fr\/wp-json\/wp\/v2\/types\/product"}],"wp:featuredmedia":[{"embeddable":true,"href":"https:\/\/bronpi.com\/fr\/wp-json\/wp\/v2\/media\/5065"}],"wp:attachment":[{"href":"https:\/\/bronpi.com\/fr\/wp-json\/wp\/v2\/media?parent=8243"}],"wp:term":[{"taxonomy":"product_brand","embeddable":true,"href":"https:\/\/bronpi.com\/fr\/wp-json\/wp\/v2\/product_brand?post=8243"},{"taxonomy":"product_cat","embeddable":true,"href":"https:\/\/bronpi.com\/fr\/wp-json\/wp\/v2\/product_cat?post=8243"},{"taxonomy":"product_tag","embeddable":true,"href":"https:\/\/bronpi.com\/fr\/wp-json\/wp\/v2\/product_tag?post=8243"}],"curies":[{"name":"wp","href":"https:\/\/api.w.org\/{rel}","templated":true}]}}