{"id":8324,"date":"2025-07-29T11:17:37","date_gmt":"2025-07-29T09:17:37","guid":{"rendered":"https:\/\/bronpi.com\/product\/murano-l\/"},"modified":"2025-10-27T10:29:49","modified_gmt":"2025-10-27T09:29:49","slug":"murano-l","status":"publish","type":"product","link":"https:\/\/bronpi.com\/fr\/produit\/murano-l\/","title":{"rendered":"MURANO-L"},"content":{"rendered":"<p>&#8211; Portes et grille en fonte.<\/p>\n<p>&#8211; Int\u00e9rieur en vermiculite.<\/p>\n<p>&#8211; R\u00e9gulation de l&rsquo;air de combustion primaire et secondaire.<\/p>\n<p>&#8211; Syst\u00e8me de Triple Combustion.<\/p>\n<p>&#8211; Syst\u00e8me Enveloppant Four.<\/p>\n<p>&#8211; Comprend une grille amovible, rotative et r\u00e9glable \u00e0 diff\u00e9rentes hauteurs.<\/p>\n<p>&#8211; Comprend un plateau en acier inoxydable de 595&#215;377 mm et une grille pour le four de 597&#215;372 mm.<\/p>\n<p>&#8211; Guides amovibles pour un nettoyage facile.<\/p>\n<p>&#8211; Four avec brique r\u00e9fractaire et thermom\u00e8tre \u00e0 500\u00baC pour contr\u00f4ler la temp\u00e9rature.<\/p>\n<p>&#8211; Comprend un gant et peinture en spray.<\/p>\n<h1>\u00c9l\u00e9ments optionnels:<\/h1>\n<p>&#8211; KIT-AIR-12: Kit avec prise d&rsquo;air ext\u00e9rieure. Pour transformer en \u00e9tanche.<\/p>\n<p>&#8211; KIT-INOX-2: Kit avec rev\u00eatement int\u00e9rieur pour le four en acier inoxydable.<\/p>\n<p>&nbsp;<\/p>\n","protected":false},"excerpt":{"rendered":"<p>Four frontale avec b\u00fbcher int\u00e9gr\u00e9 avec porte<\/p>\n","protected":false},"featured_media":4078,"template":"","meta":[],"product_brand":[],"product_cat":[133,131],"product_tag":[288],"class_list":{"0":"post-8324","1":"product","2":"type-product","3":"status-publish","4":"has-post-thumbnail","6":"product_cat-fours-a-bois-fr","7":"product_cat-gamme-a-bois-fr","8":"product_tag-air-fr","10":"first","11":"instock","12":"shipping-taxable","13":"product-type-simple"},"_links":{"self":[{"href":"https:\/\/bronpi.com\/fr\/wp-json\/wp\/v2\/product\/8324","targetHints":{"allow":["GET"]}}],"collection":[{"href":"https:\/\/bronpi.com\/fr\/wp-json\/wp\/v2\/product"}],"about":[{"href":"https:\/\/bronpi.com\/fr\/wp-json\/wp\/v2\/types\/product"}],"wp:featuredmedia":[{"embeddable":true,"href":"https:\/\/bronpi.com\/fr\/wp-json\/wp\/v2\/media\/4078"}],"wp:attachment":[{"href":"https:\/\/bronpi.com\/fr\/wp-json\/wp\/v2\/media?parent=8324"}],"wp:term":[{"taxonomy":"product_brand","embeddable":true,"href":"https:\/\/bronpi.com\/fr\/wp-json\/wp\/v2\/product_brand?post=8324"},{"taxonomy":"product_cat","embeddable":true,"href":"https:\/\/bronpi.com\/fr\/wp-json\/wp\/v2\/product_cat?post=8324"},{"taxonomy":"product_tag","embeddable":true,"href":"https:\/\/bronpi.com\/fr\/wp-json\/wp\/v2\/product_tag?post=8324"}],"curies":[{"name":"wp","href":"https:\/\/api.w.org\/{rel}","templated":true}]}}